{"id":15094,"date":"2022-02-14T14:46:21","date_gmt":"2022-02-14T13:46:21","guid":{"rendered":"https:\/\/kunskapsforbundet.se\/vuxenutbildningen\/?page_id=15094"},"modified":"2023-03-02T12:42:05","modified_gmt":"2023-03-02T11:42:05","slug":"yrkesintroduktion","status":"publish","type":"page","link":"https:\/\/kunskapsforbundet.se\/vuxenutbildningen\/yrkesintroduktion\/","title":{"rendered":"Yrkesintroduktion"},"content":{"rendered":"\n<h2 class=\"wp-block-heading\" id=\"vad-ar-en-introduktionskurs\">Vad \u00e4r en introduktionskurs?<\/h2>\n\n\n\n<p>V\u00e5ra introduktionskurser ska introducera, underl\u00e4tta och f\u00f6rbereda dig inf\u00f6r studier mot ett yrke p\u00e5 gym\u00adnasial niv\u00e5. Du kommer i kontakt med \u00e4mnen och begrepp inom yrket. Du f\u00e5r bes\u00f6ka p\u00e5g\u00e5ende utbildning\u00adar och m\u00f6ta elever och l\u00e4rare samt l\u00e4ra k\u00e4nna yrket och vanliga yrkesroller. Att l\u00e4sa en introduktionskurs ger dig en m\u00f6jlighet att lyckas med vidare studier inom Vuxenutbildningen.<\/p>\n\n\n\n<p>Du kommer inte kunna b\u00f6rja arbeta direkt efter en introduktionskurs. D\u00e4remot kommer du att veta mer om yrket och dess yrkesroller. Meningen \u00e4r att du ska f\u00e5 en f\u00f6rst\u00e5else och kunskap som hj\u00e4lper, f\u00f6rbereder och underl\u00e4ttar f\u00f6r dig att studera vidare p\u00e5 en yrkesutbildning.<\/p>\n\n\n<p><\/p>\n<p><\/p>","protected":false},"excerpt":{"rendered":"<p>Vad \u00e4r en introduktionskurs? V\u00e5ra introduktionskurser ska introducera, underl\u00e4tta och f\u00f6rbereda dig inf\u00f6r studier mot ett yrke p\u00e5 gym\u00adnasial niv\u00e5. Du kommer i kontakt med \u00e4mnen och begrepp inom yrket. Du f\u00e5r bes\u00f6ka p\u00e5g\u00e5ende utbildning\u00adar och m\u00f6ta elever och l\u00e4rare samt l\u00e4ra k\u00e4nna yrket och vanliga yrkesroller. Att l\u00e4sa en introduktionskurs ger dig en m\u00f6jlighet [&hellip;]<\/p>\n","protected":false},"author":7,"featured_media":15098,"parent":0,"menu_order":0,"comment_status":"closed","ping_status":"closed","template":"page-program-portal.php","meta":{"_acf_changed":false,"footnotes":""},"class_list":["post-15094","page","type-page","status-publish","has-post-thumbnail","hentry"],"acf":[],"_links":{"self":[{"href":"https:\/\/kunskapsforbundet.se\/vuxenutbildningen\/wp-json\/wp\/v2\/pages\/15094","targetHints":{"allow":["GET"]}}],"collection":[{"href":"https:\/\/kunskapsforbundet.se\/vuxenutbildningen\/wp-json\/wp\/v2\/pages"}],"about":[{"href":"https:\/\/kunskapsforbundet.se\/vuxenutbildningen\/wp-json\/wp\/v2\/types\/page"}],"author":[{"embeddable":true,"href":"https:\/\/kunskapsforbundet.se\/vuxenutbildningen\/wp-json\/wp\/v2\/users\/7"}],"replies":[{"embeddable":true,"href":"https:\/\/kunskapsforbundet.se\/vuxenutbildningen\/wp-json\/wp\/v2\/comments?post=15094"}],"version-history":[{"count":14,"href":"https:\/\/kunskapsforbundet.se\/vuxenutbildningen\/wp-json\/wp\/v2\/pages\/15094\/revisions"}],"predecessor-version":[{"id":18348,"href":"https:\/\/kunskapsforbundet.se\/vuxenutbildningen\/wp-json\/wp\/v2\/pages\/15094\/revisions\/18348"}],"wp:featuredmedia":[{"embeddable":true,"href":"https:\/\/kunskapsforbundet.se\/vuxenutbildningen\/wp-json\/wp\/v2\/media\/15098"}],"wp:attachment":[{"href":"https:\/\/kunskapsforbundet.se\/vuxenutbildningen\/wp-json\/wp\/v2\/media?parent=15094"}],"curies":[{"name":"wp","href":"https:\/\/api.w.org\/{rel}","templated":true}]}}