{"id":11840,"date":"2021-04-06T11:58:09","date_gmt":"2021-04-06T09:58:09","guid":{"rendered":"https:\/\/www.kunskapsforbundet.se\/vuxenutbildningen\/?page_id=11840"},"modified":"2026-03-24T09:53:10","modified_gmt":"2026-03-24T08:53:10","slug":"grundlaggande-kurser-rekommenderade-forkunskaper","status":"publish","type":"page","link":"https:\/\/kunskapsforbundet.se\/vuxenutbildningen\/grundlaggande-kurser-rekommenderade-forkunskaper\/","title":{"rendered":"Grundl\u00e4ggande kurser | Rekommenderade f\u00f6rkunskaper"},"content":{"rendered":"<h3>Kurser p\u00e5 grundl\u00e4ggande niv\u00e5<\/h3>\n<p>N\u00e4r du ans\u00f6ker till kurser hos oss s\u00e5 tittar vi p\u00e5 tidigare betyg f\u00f6r att se om du har f\u00f6ruts\u00e4ttningar att studera den\/de kursen\/kurserna som du s\u00f6kt till.<\/p>\n<p>Om du inte har l\u00e4st hos oss p\u00e5 Komvux tidigare s\u00e5 beh\u00f6ver du bifoga tidigare betyg i din ans\u00f6kan.<\/p>\n<p>Om du inte har betyg fr\u00e5n tidigare studier kommer vi att kalla dig till niv\u00e5test f\u00f6r att veta vilken kurs och niv\u00e5 du kan b\u00f6rja p\u00e5.<\/p>\n<h3>Kursutbud Komvux<\/h3>\n<p>Om du vill s\u00f6ka kurser inom Komvux p\u00e5 Vuxenutbildningen hittar du mer <a href=\"https:\/\/www.kunskapsforbundet.se\/vuxenutbildningen\/webbansokan-komvux\/\">information om kursutbud och ans\u00f6kningsperioder h\u00e4r.<\/a><\/p>\n<h3>Kurslitteratur f\u00f6r kurser p\u00e5 grundl\u00e4ggande niv\u00e5<\/h3>\n<p>Du som l\u00e4ser p\u00e5 grundl\u00e4ggande niv\u00e5 beh\u00f6ver inte k\u00f6pa n\u00e5gon kurslitteratur. De b\u00f6cker som beh\u00f6vs f\u00e5r du l\u00e5na av din l\u00e4rare.<\/p>\n","protected":false},"excerpt":{"rendered":"<p>Kurser p\u00e5 grundl\u00e4ggande niv\u00e5 N\u00e4r du ans\u00f6ker till kurser hos oss s\u00e5 tittar vi p\u00e5 tidigare betyg f\u00f6r att se om du har f\u00f6ruts\u00e4ttningar att studera den\/de kursen\/kurserna som du s\u00f6kt till. Om du inte har l\u00e4st hos oss p\u00e5 Komvux tidigare s\u00e5 beh\u00f6ver du bifoga tidigare betyg i din ans\u00f6kan. Om du inte har [&hellip;]<\/p>\n","protected":false},"author":7,"featured_media":0,"parent":0,"menu_order":0,"comment_status":"closed","ping_status":"closed","template":"","meta":{"_acf_changed":false,"footnotes":""},"class_list":["post-11840","page","type-page","status-publish","hentry"],"acf":[],"_links":{"self":[{"href":"https:\/\/kunskapsforbundet.se\/vuxenutbildningen\/wp-json\/wp\/v2\/pages\/11840","targetHints":{"allow":["GET"]}}],"collection":[{"href":"https:\/\/kunskapsforbundet.se\/vuxenutbildningen\/wp-json\/wp\/v2\/pages"}],"about":[{"href":"https:\/\/kunskapsforbundet.se\/vuxenutbildningen\/wp-json\/wp\/v2\/types\/page"}],"author":[{"embeddable":true,"href":"https:\/\/kunskapsforbundet.se\/vuxenutbildningen\/wp-json\/wp\/v2\/users\/7"}],"replies":[{"embeddable":true,"href":"https:\/\/kunskapsforbundet.se\/vuxenutbildningen\/wp-json\/wp\/v2\/comments?post=11840"}],"version-history":[{"count":16,"href":"https:\/\/kunskapsforbundet.se\/vuxenutbildningen\/wp-json\/wp\/v2\/pages\/11840\/revisions"}],"predecessor-version":[{"id":29666,"href":"https:\/\/kunskapsforbundet.se\/vuxenutbildningen\/wp-json\/wp\/v2\/pages\/11840\/revisions\/29666"}],"wp:attachment":[{"href":"https:\/\/kunskapsforbundet.se\/vuxenutbildningen\/wp-json\/wp\/v2\/media?parent=11840"}],"curies":[{"name":"wp","href":"https:\/\/api.w.org\/{rel}","templated":true}]}}