{"id":11813,"date":"2021-04-06T11:57:03","date_gmt":"2021-04-06T09:57:03","guid":{"rendered":"https:\/\/www.kunskapsforbundet.se\/vuxenutbildningen\/?page_id=11813"},"modified":"2026-03-09T15:32:40","modified_gmt":"2026-03-09T14:32:40","slug":"gymnasiala-kurser-rekommenderade-forkunskaper","status":"publish","type":"page","link":"https:\/\/kunskapsforbundet.se\/vuxenutbildningen\/gymnasiala-kurser-rekommenderade-forkunskaper\/","title":{"rendered":"Gymnasiala \u00e4mnen | Rekommenderade f\u00f6rkunskaper"},"content":{"rendered":"\n<div class=\"pages__ingress pb-4 mb-0\"><p class=\"wp-block-ggb-block-feature__ingress\">H\u00e4r hittar du information om rekommenderade f\u00f6rkunskaper f\u00f6r \u00e4mnen p\u00e5 gymnasial niv\u00e5.<\/p><\/div>\n\n\n<h3>Gymnasiala frist\u00e5ende \u00e4mnen\/\u00e4mnesniv\u00e5er<\/h3>\n<p>Nedan hittar du en lista \u00f6ver v\u00e5ra \u00e4mnen p\u00e5 gymnasial niv\u00e5 samt rekommenderade f\u00f6rkunskaper f\u00f6r varje \u00e4mne\/\u00e4mnesniv\u00e5. Det s\u00f6kbara utbudet kan variera mellan olika ans\u00f6kningsperioder.<\/p>\n<h3>Kursutbud Komvux<\/h3>\n<p>Om du vill s\u00f6ka till utbudet inom Komvux p\u00e5 Vuxenutbildningen hittar du mer <a href=\"https:\/\/kunskapsforbundet.se\/vuxenutbildningen\/webbansokan-komvux\/\">information om kursutbud och ans\u00f6kningsperioder h\u00e4r.<\/a><\/p>\n<h3>Kurslitteratur f\u00f6r \u00e4mnen p\u00e5 gymnasial niv\u00e5<\/h3>\n<p>De flesta b\u00f6cker som anv\u00e4nds p\u00e5 gymnasial niv\u00e5 m\u00e5ste du k\u00f6pa. Vissa b\u00f6cker, t.ex. antologier i svenska l\u00e5nas p\u00e5 biblioteket. H\u00f6r med din l\u00e4rare eller bibliotekarierna om du \u00e4r os\u00e4ker. <a href=\"https:\/\/kunskapsforbundet.se\/vuxenutbildningen\/kurslitteratur\/\">Du hittar katalog f\u00f6r kurslitteratur h\u00e4r<\/a><\/p>\n<p><\/p>","protected":false},"excerpt":{"rendered":"<p>Gymnasiala frist\u00e5ende \u00e4mnen\/\u00e4mnesniv\u00e5er Nedan hittar du en lista \u00f6ver v\u00e5ra \u00e4mnen p\u00e5 gymnasial niv\u00e5 samt rekommenderade f\u00f6rkunskaper f\u00f6r varje \u00e4mne\/\u00e4mnesniv\u00e5. Det s\u00f6kbara utbudet kan variera mellan olika ans\u00f6kningsperioder. Kursutbud Komvux Om du vill s\u00f6ka till utbudet inom Komvux p\u00e5 Vuxenutbildningen hittar du mer information om kursutbud och ans\u00f6kningsperioder h\u00e4r. Kurslitteratur f\u00f6r \u00e4mnen p\u00e5 gymnasial niv\u00e5 [&hellip;]<\/p>\n","protected":false},"author":7,"featured_media":0,"parent":0,"menu_order":0,"comment_status":"closed","ping_status":"closed","template":"","meta":{"_acf_changed":false,"footnotes":""},"class_list":["post-11813","page","type-page","status-publish","hentry"],"acf":[],"_links":{"self":[{"href":"https:\/\/kunskapsforbundet.se\/vuxenutbildningen\/wp-json\/wp\/v2\/pages\/11813","targetHints":{"allow":["GET"]}}],"collection":[{"href":"https:\/\/kunskapsforbundet.se\/vuxenutbildningen\/wp-json\/wp\/v2\/pages"}],"about":[{"href":"https:\/\/kunskapsforbundet.se\/vuxenutbildningen\/wp-json\/wp\/v2\/types\/page"}],"author":[{"embeddable":true,"href":"https:\/\/kunskapsforbundet.se\/vuxenutbildningen\/wp-json\/wp\/v2\/users\/7"}],"replies":[{"embeddable":true,"href":"https:\/\/kunskapsforbundet.se\/vuxenutbildningen\/wp-json\/wp\/v2\/comments?post=11813"}],"version-history":[{"count":59,"href":"https:\/\/kunskapsforbundet.se\/vuxenutbildningen\/wp-json\/wp\/v2\/pages\/11813\/revisions"}],"predecessor-version":[{"id":29440,"href":"https:\/\/kunskapsforbundet.se\/vuxenutbildningen\/wp-json\/wp\/v2\/pages\/11813\/revisions\/29440"}],"wp:attachment":[{"href":"https:\/\/kunskapsforbundet.se\/vuxenutbildningen\/wp-json\/wp\/v2\/media?parent=11813"}],"curies":[{"name":"wp","href":"https:\/\/api.w.org\/{rel}","templated":true}]}}