{"id":11694,"date":"2021-03-19T12:04:27","date_gmt":"2021-03-19T11:04:27","guid":{"rendered":"https:\/\/www.kunskapsforbundet.se\/vuxenutbildningen\/?page_id=11694"},"modified":"2021-09-16T20:36:11","modified_gmt":"2021-09-16T18:36:11","slug":"vi-projektet","status":"publish","type":"page","link":"https:\/\/kunskapsforbundet.se\/vuxenutbildningen\/vi-projektet\/","title":{"rendered":"VI-projektet"},"content":{"rendered":"\n<div class=\"pages__ingress pb-4 mb-0\"><p>VI-projektet riktar sig till elever i \u00e5ldrarna 19-24 \u00e5r med ett stort fokus p\u00e5 en milj\u00f6 som fr\u00e4mjar elevens behov, f\u00f6ruts\u00e4ttningar f\u00f6r h\u00e4lsa och v\u00e4lm\u00e5ende.<\/p><\/div>\n\n\n<p><img loading=\"lazy\" decoding=\"async\" class=\"img-responsive img-responsive alignleft wp-image-11695 size-full\" src=\"https:\/\/www.kunskapsforbundet.se\/vuxenutbildningen\/wp-content\/uploads\/sites\/6\/2021\/03\/logo_vi-esf-vgr-skarm-infotext.png\" alt=\"\" width=\"4637\" height=\"1276\" srcset=\"https:\/\/kunskapsforbundet.se\/app\/uploads\/sites\/6\/2021\/03\/logo_vi-esf-vgr-skarm-infotext.png 4637w, https:\/\/kunskapsforbundet.se\/app\/uploads\/sites\/6\/2021\/03\/logo_vi-esf-vgr-skarm-infotext-300x83.png 300w, https:\/\/kunskapsforbundet.se\/app\/uploads\/sites\/6\/2021\/03\/logo_vi-esf-vgr-skarm-infotext-1024x282.png 1024w, https:\/\/kunskapsforbundet.se\/app\/uploads\/sites\/6\/2021\/03\/logo_vi-esf-vgr-skarm-infotext-768x211.png 768w, https:\/\/kunskapsforbundet.se\/app\/uploads\/sites\/6\/2021\/03\/logo_vi-esf-vgr-skarm-infotext-1536x423.png 1536w, https:\/\/kunskapsforbundet.se\/app\/uploads\/sites\/6\/2021\/03\/logo_vi-esf-vgr-skarm-infotext-2048x564.png 2048w, https:\/\/kunskapsforbundet.se\/app\/uploads\/sites\/6\/2021\/03\/logo_vi-esf-vgr-skarm-infotext-360x99.png 360w, https:\/\/kunskapsforbundet.se\/app\/uploads\/sites\/6\/2021\/03\/logo_vi-esf-vgr-skarm-infotext-555x153.png 555w, https:\/\/kunskapsforbundet.se\/app\/uploads\/sites\/6\/2021\/03\/logo_vi-esf-vgr-skarm-infotext-750x206.png 750w, https:\/\/kunskapsforbundet.se\/app\/uploads\/sites\/6\/2021\/03\/logo_vi-esf-vgr-skarm-infotext-1140x314.png 1140w, https:\/\/kunskapsforbundet.se\/app\/uploads\/sites\/6\/2021\/03\/logo_vi-esf-vgr-skarm-infotext-200x55.png 200w\" sizes=\"auto, (max-width: 4637px) 100vw, 4637px\" \/>Vi-projektet, som medfinansieras av ESF, har som m\u00e5l att p\u00e5 olika s\u00e4tt f\u00f6rb\u00e4ttra f\u00f6ruts\u00e4ttningarna f\u00f6r unga vuxna som varken arbetar eller studerar (uvas). Projektet p\u00e5g\u00e5r \u00e5r 2020-2022 och \u00e4gs av VGR Folkh\u00f6gskolef\u00f6rvaltningen.<\/p>\n<p>Antalet uvas \u00f6kar i V\u00e4stra G\u00f6taland. F\u00f6rkortningen uvas st\u00e5r f\u00f6r unga som varken arbetar eller studerar. Att st\u00e5 utanf\u00f6r samh\u00e4llets traditionella syssels\u00e4ttningar kan vara v\u00e4ldigt p\u00e5frestande f\u00f6r individen. Samh\u00e4llet \u00e5 sin sida g\u00e5r miste om de kunskaper och de personliga resurser som ungdomarna besitter.<\/p>\n<p>Vi-projektet arbetar med de faktorer som s\u00e4tter k\u00e4ppar i hjulet f\u00f6r att uvas potential ska kunna komma till sin fulla r\u00e4tt. Vi vill f\u00f6rb\u00e4ttra f\u00f6ruts\u00e4ttningarna f\u00f6r att unga vuxna utan syssels\u00e4ttning ska kunna n\u00e4rma sig arbetsmarknaden, f\u00e5 b\u00e4ttre h\u00e4lsa samt k\u00e4nna makt \u00f6ver sin framtid.<\/p>\n<h4>VI-projektet p\u00e5 Vuxenutbildningen<\/h4>\n<p>VI-projektet p\u00e5 Vuxenutbildningen inneh\u00e5ller tre delar. L\u00e4s mer om varje del nedan:<\/p>\n<ul>\n<li><a href=\"https:\/\/kunskapsforbundet.se\/vuxenutbildningen\/program\/sammanhallen-utbildning-grundlaggande-niva\/\">Sammanh\u00e5llen utbildning p\u00e5 grundl\u00e4ggande niv\u00e5<\/a><\/li>\n<li><a href=\"https:\/\/kunskapsforbundet.se\/vuxenutbildningen\/program\/sammanhallen-utbildning-gymnasial-niva\/\">Sammanh\u00e5llen utbildning p\u00e5 gymnasial niv\u00e5<\/a><\/li>\n<li><a href=\"https:\/\/kunskapsforbundet.se\/vuxenutbildningen\/program\/yrkespaket-studie-och-yrkessparet\/\">Yrkespaket studie- och yrkessp\u00e5ret (SYS)<\/a><\/li>\n<\/ul>","protected":false},"excerpt":{"rendered":"<p>Vi-projektet, som medfinansieras av ESF, har som m\u00e5l att p\u00e5 olika s\u00e4tt f\u00f6rb\u00e4ttra f\u00f6ruts\u00e4ttningarna f\u00f6r unga vuxna som varken arbetar eller studerar (uvas). Projektet p\u00e5g\u00e5r \u00e5r 2020-2022 och \u00e4gs av VGR Folkh\u00f6gskolef\u00f6rvaltningen. Antalet uvas \u00f6kar i V\u00e4stra G\u00f6taland. F\u00f6rkortningen uvas st\u00e5r f\u00f6r unga som varken arbetar eller studerar. Att st\u00e5 utanf\u00f6r samh\u00e4llets traditionella syssels\u00e4ttningar kan [&hellip;]<\/p>\n","protected":false},"author":7,"featured_media":0,"parent":0,"menu_order":0,"comment_status":"closed","ping_status":"closed","template":"","meta":{"_acf_changed":false,"footnotes":""},"class_list":["post-11694","page","type-page","status-publish","hentry"],"acf":[],"_links":{"self":[{"href":"https:\/\/kunskapsforbundet.se\/vuxenutbildningen\/wp-json\/wp\/v2\/pages\/11694","targetHints":{"allow":["GET"]}}],"collection":[{"href":"https:\/\/kunskapsforbundet.se\/vuxenutbildningen\/wp-json\/wp\/v2\/pages"}],"about":[{"href":"https:\/\/kunskapsforbundet.se\/vuxenutbildningen\/wp-json\/wp\/v2\/types\/page"}],"author":[{"embeddable":true,"href":"https:\/\/kunskapsforbundet.se\/vuxenutbildningen\/wp-json\/wp\/v2\/users\/7"}],"replies":[{"embeddable":true,"href":"https:\/\/kunskapsforbundet.se\/vuxenutbildningen\/wp-json\/wp\/v2\/comments?post=11694"}],"version-history":[{"count":13,"href":"https:\/\/kunskapsforbundet.se\/vuxenutbildningen\/wp-json\/wp\/v2\/pages\/11694\/revisions"}],"predecessor-version":[{"id":13536,"href":"https:\/\/kunskapsforbundet.se\/vuxenutbildningen\/wp-json\/wp\/v2\/pages\/11694\/revisions\/13536"}],"wp:attachment":[{"href":"https:\/\/kunskapsforbundet.se\/vuxenutbildningen\/wp-json\/wp\/v2\/media?parent=11694"}],"curies":[{"name":"wp","href":"https:\/\/api.w.org\/{rel}","templated":true}]}}