{"id":11484,"date":"2021-01-05T15:25:10","date_gmt":"2021-01-05T14:25:10","guid":{"rendered":"https:\/\/www.kunskapsforbundet.se\/vuxenutbildningen\/?page_id=11484"},"modified":"2025-04-11T09:57:13","modified_gmt":"2025-04-11T07:57:13","slug":"internationalisering","status":"publish","type":"page","link":"https:\/\/kunskapsforbundet.se\/vuxenutbildningen\/internationalisering\/","title":{"rendered":"Internationalisering"},"content":{"rendered":"\n<div class=\"pages__ingress pb-4 mb-0\"><p class=\"wp-block-ggb-block-feature__ingress\">Vi ger dig m\u00f6jlighet att bli s\u00e5 mycket du kan i ett globalt samh\u00e4lle genom olika internationella samarbeten!<\/p><\/div>\n\n\n\n<p>Under m\u00e5nga \u00e5r har det p\u00e5g\u00e5tt ett internationaliseringsarbete p\u00e5 Vuxenutbildningen, allt fr\u00e5n v\u00e4nortssamarbete, utbytesprojekt, LIA utomlands till fortbildning av personal som g\u00e5tt kurser och jobbskuggat kollegor fr\u00e5n andra l\u00e4nder. Vuxenutbildningen har genom sina internationella samarbeten byggt upp ett brett nationellt och internationellt kontaktn\u00e4t.<\/p>\n\n\n<\/p>\n<p><\/p>","protected":false},"excerpt":{"rendered":"<p>Under m\u00e5nga \u00e5r har det p\u00e5g\u00e5tt ett internationaliseringsarbete p\u00e5 Vuxenutbildningen, allt fr\u00e5n v\u00e4nortssamarbete, utbytesprojekt, LIA utomlands till fortbildning av personal som g\u00e5tt kurser och jobbskuggat kollegor fr\u00e5n andra l\u00e4nder. Vuxenutbildningen har genom sina internationella samarbeten byggt upp ett brett nationellt och internationellt kontaktn\u00e4t. VI-Projektet VI-projektet riktar sig till elever i \u00e5ldrarna 19-24 \u00e5r med ett [&hellip;]<\/p>\n","protected":false},"author":9,"featured_media":16133,"parent":0,"menu_order":0,"comment_status":"closed","ping_status":"closed","template":"","meta":{"_acf_changed":false,"footnotes":""},"class_list":["post-11484","page","type-page","status-publish","has-post-thumbnail","hentry"],"acf":[],"_links":{"self":[{"href":"https:\/\/kunskapsforbundet.se\/vuxenutbildningen\/wp-json\/wp\/v2\/pages\/11484","targetHints":{"allow":["GET"]}}],"collection":[{"href":"https:\/\/kunskapsforbundet.se\/vuxenutbildningen\/wp-json\/wp\/v2\/pages"}],"about":[{"href":"https:\/\/kunskapsforbundet.se\/vuxenutbildningen\/wp-json\/wp\/v2\/types\/page"}],"author":[{"embeddable":true,"href":"https:\/\/kunskapsforbundet.se\/vuxenutbildningen\/wp-json\/wp\/v2\/users\/9"}],"replies":[{"embeddable":true,"href":"https:\/\/kunskapsforbundet.se\/vuxenutbildningen\/wp-json\/wp\/v2\/comments?post=11484"}],"version-history":[{"count":60,"href":"https:\/\/kunskapsforbundet.se\/vuxenutbildningen\/wp-json\/wp\/v2\/pages\/11484\/revisions"}],"predecessor-version":[{"id":25500,"href":"https:\/\/kunskapsforbundet.se\/vuxenutbildningen\/wp-json\/wp\/v2\/pages\/11484\/revisions\/25500"}],"wp:featuredmedia":[{"embeddable":true,"href":"https:\/\/kunskapsforbundet.se\/vuxenutbildningen\/wp-json\/wp\/v2\/media\/16133"}],"wp:attachment":[{"href":"https:\/\/kunskapsforbundet.se\/vuxenutbildningen\/wp-json\/wp\/v2\/media?parent=11484"}],"curies":[{"name":"wp","href":"https:\/\/api.w.org\/{rel}","templated":true}]}}