{"id":1125,"date":"2014-09-24T15:09:08","date_gmt":"2014-09-24T13:09:08","guid":{"rendered":"https:\/\/www.kunskapsforbundet.se\/vuxenutbildningen\/?page_id=1125"},"modified":"2025-03-13T15:06:24","modified_gmt":"2025-03-13T14:06:24","slug":"franvaro","status":"publish","type":"page","link":"https:\/\/kunskapsforbundet.se\/vuxenutbildningen\/franvaro\/","title":{"rendered":"Sjukanm\u00e4lan och v\u00e5rd av barn"},"content":{"rendered":"\n<div class=\"pages__ingress pb-4 mb-0\"><p class=\"wp-block-ggb-block-feature__ingress\">Du som studerar p\u00e5 vuxenutbildningen ska meddela din l\u00e4rare om du blir sjuk eller beh\u00f6ver vara hemma f\u00f6r v\u00e5rd av barn.<\/p><\/div>\n\n\n<p><strong><em>Om du studerar med studiest\u00f6d fr\u00e5n CSN<\/em><\/strong> och beh\u00f6ver stanna hemma fr\u00e5n skolan f\u00f6r att du \u00e4r sjuk eller v\u00e5rd av barn d\u00e5 g\u00e4ller f\u00f6ljande:<\/p>\n<ul>\n<li><strong>Meddela din l\u00e4rare<\/strong><\/li>\n<li><strong>Om du \u00e4r sjuk<\/strong>: Anm\u00e4l dig f\u00f6rsta sjukdagen till F\u00f6rs\u00e4kringskassan<\/li>\n<li><strong>V\u00e5rd av barn<\/strong>: Anm\u00e4l dig f\u00f6rsta dagen som du \u00e4r hemma till CSN<\/li>\n<\/ul>\n<p><em>Kopia p\u00e5 l\u00e4karintyg l\u00e4mnas till receptionen fr\u00e5n 8:e kalenderdagen.<\/em><\/p>\n<p><\/p>","protected":false},"excerpt":{"rendered":"<p>Om du studerar med studiest\u00f6d fr\u00e5n CSN och beh\u00f6ver stanna hemma fr\u00e5n skolan f\u00f6r att du \u00e4r sjuk eller v\u00e5rd av barn d\u00e5 g\u00e4ller f\u00f6ljande: Meddela din l\u00e4rare Om du \u00e4r sjuk: Anm\u00e4l dig f\u00f6rsta sjukdagen till F\u00f6rs\u00e4kringskassan V\u00e5rd av barn: Anm\u00e4l dig f\u00f6rsta dagen som du \u00e4r hemma till CSN Kopia p\u00e5 l\u00e4karintyg l\u00e4mnas [&hellip;]<\/p>\n","protected":false},"author":7,"featured_media":0,"parent":0,"menu_order":0,"comment_status":"closed","ping_status":"closed","template":"","meta":{"_acf_changed":false,"footnotes":""},"class_list":["post-1125","page","type-page","status-publish","hentry"],"acf":[],"_links":{"self":[{"href":"https:\/\/kunskapsforbundet.se\/vuxenutbildningen\/wp-json\/wp\/v2\/pages\/1125","targetHints":{"allow":["GET"]}}],"collection":[{"href":"https:\/\/kunskapsforbundet.se\/vuxenutbildningen\/wp-json\/wp\/v2\/pages"}],"about":[{"href":"https:\/\/kunskapsforbundet.se\/vuxenutbildningen\/wp-json\/wp\/v2\/types\/page"}],"author":[{"embeddable":true,"href":"https:\/\/kunskapsforbundet.se\/vuxenutbildningen\/wp-json\/wp\/v2\/users\/7"}],"replies":[{"embeddable":true,"href":"https:\/\/kunskapsforbundet.se\/vuxenutbildningen\/wp-json\/wp\/v2\/comments?post=1125"}],"version-history":[{"count":30,"href":"https:\/\/kunskapsforbundet.se\/vuxenutbildningen\/wp-json\/wp\/v2\/pages\/1125\/revisions"}],"predecessor-version":[{"id":25087,"href":"https:\/\/kunskapsforbundet.se\/vuxenutbildningen\/wp-json\/wp\/v2\/pages\/1125\/revisions\/25087"}],"wp:attachment":[{"href":"https:\/\/kunskapsforbundet.se\/vuxenutbildningen\/wp-json\/wp\/v2\/media?parent=1125"}],"curies":[{"name":"wp","href":"https:\/\/api.w.org\/{rel}","templated":true}]}}