{"id":11075,"date":"2020-07-02T08:23:44","date_gmt":"2020-07-02T06:23:44","guid":{"rendered":"https:\/\/www.kunskapsforbundet.se\/vuxenutbildningen\/?page_id=11075"},"modified":"2021-07-08T13:45:09","modified_gmt":"2021-07-08T11:45:09","slug":"elev-under-20-ar","status":"publish","type":"page","link":"https:\/\/kunskapsforbundet.se\/vuxenutbildningen\/elev-under-20-ar\/","title":{"rendered":"Elev under 20 \u00e5r"},"content":{"rendered":"\n<div class=\"pages__ingress pb-4 mb-0\"><p>H\u00e4r hittar du information f\u00f6r dig som studerar p\u00e5 Vuxenutbildningen och \u00e4r under 20 \u00e5r.<\/p><\/div>\n\n\n<h2>Elever under 20 \u00e5r<\/h2>\n<p>F\u00f6r elever som\u00a0studerar inom vuxenutbildningen och\u00a0\u00e4nnu inte fyllt 20 \u00e5r g\u00e4ller\u00a0nedanst\u00e5ende.\u00a0Detta g\u00e4ller fram till 1 juli det \u00e5r du fyller 20.<\/p>\n<h4>L\u00e4romedel<\/h4>\n<p>Elev har r\u00e4tt att kostnadsfritt l\u00e5na kurslitteratur p\u00e5 de kurser de l\u00e4ser. B\u00f6ckerna finns f\u00f6r utl\u00e5n p\u00e5 biblioteket i V\u00e4nerparken.<\/p>\n<h4>Busskort<\/h4>\n<p>Elev som studerar p\u00e5 heltid har r\u00e4tt att f\u00e5 busskort fr\u00e5n bostad till skola om str\u00e4ckan \u00f6verstiger 6 km. Eleven ans\u00f6ker om busskort via Kunskapsf\u00f6rbundets hemsida.<\/p>\n<ul>\n<li><a href=\"https:\/\/kunskapsforbundet.se\/busskort\/\" target=\"_blank\" rel=\"noopener\">Klicka h\u00e4r f\u00f6r mer information om busskort<\/a><\/li>\n<\/ul>\n<h4>Studiehj\u00e4lp &#8211; studiebidrag<\/h4>\n<p>Elev som studerar heltid har r\u00e4tt att f\u00e5 studiehj\u00e4lp fr\u00e5n CSN. Eleven kontaktar CSN om de har fr\u00e5gor om studiehj\u00e4lp.\u00a0Det g\u00e5r en fil fr\u00e5n vuxenutbildningen till CSN som rapporterar vilka elever som har r\u00e4tt till studiehj\u00e4lp, eleven g\u00f6r ingen aktiv ans\u00f6kan till CSN.<\/p>","protected":false},"excerpt":{"rendered":"<p>Elever under 20 \u00e5r F\u00f6r elever som\u00a0studerar inom vuxenutbildningen och\u00a0\u00e4nnu inte fyllt 20 \u00e5r g\u00e4ller\u00a0nedanst\u00e5ende.\u00a0Detta g\u00e4ller fram till 1 juli det \u00e5r du fyller 20. L\u00e4romedel Elev har r\u00e4tt att kostnadsfritt l\u00e5na kurslitteratur p\u00e5 de kurser de l\u00e4ser. B\u00f6ckerna finns f\u00f6r utl\u00e5n p\u00e5 biblioteket i V\u00e4nerparken. Busskort Elev som studerar p\u00e5 heltid har r\u00e4tt att [&hellip;]<\/p>\n","protected":false},"author":7,"featured_media":0,"parent":0,"menu_order":0,"comment_status":"closed","ping_status":"closed","template":"","meta":{"_acf_changed":false,"footnotes":""},"class_list":["post-11075","page","type-page","status-publish","hentry"],"acf":[],"_links":{"self":[{"href":"https:\/\/kunskapsforbundet.se\/vuxenutbildningen\/wp-json\/wp\/v2\/pages\/11075","targetHints":{"allow":["GET"]}}],"collection":[{"href":"https:\/\/kunskapsforbundet.se\/vuxenutbildningen\/wp-json\/wp\/v2\/pages"}],"about":[{"href":"https:\/\/kunskapsforbundet.se\/vuxenutbildningen\/wp-json\/wp\/v2\/types\/page"}],"author":[{"embeddable":true,"href":"https:\/\/kunskapsforbundet.se\/vuxenutbildningen\/wp-json\/wp\/v2\/users\/7"}],"replies":[{"embeddable":true,"href":"https:\/\/kunskapsforbundet.se\/vuxenutbildningen\/wp-json\/wp\/v2\/comments?post=11075"}],"version-history":[{"count":5,"href":"https:\/\/kunskapsforbundet.se\/vuxenutbildningen\/wp-json\/wp\/v2\/pages\/11075\/revisions"}],"predecessor-version":[{"id":12800,"href":"https:\/\/kunskapsforbundet.se\/vuxenutbildningen\/wp-json\/wp\/v2\/pages\/11075\/revisions\/12800"}],"wp:attachment":[{"href":"https:\/\/kunskapsforbundet.se\/vuxenutbildningen\/wp-json\/wp\/v2\/media?parent=11075"}],"curies":[{"name":"wp","href":"https:\/\/api.w.org\/{rel}","templated":true}]}}