{"id":11049,"date":"2020-07-07T12:10:14","date_gmt":"2020-07-07T10:10:14","guid":{"rendered":"https:\/\/www.kunskapsforbundet.se\/vuxenutbildningen\/?page_id=11049"},"modified":"2022-05-02T08:21:47","modified_gmt":"2022-05-02T06:21:47","slug":"yh-korta-utbildningar-2020","status":"publish","type":"page","link":"https:\/\/kunskapsforbundet.se\/vuxenutbildningen\/yh-korta-utbildningar-2020\/","title":{"rendered":"YH | Korta utbildningar"},"content":{"rendered":"\n<div class=\"pages__ingress pb-4 mb-0\"><p>V\u00e5ra korta YH-utbildningar best\u00e5r av olika kurspaket. <\/p><\/div>\n\n\n\n<p>Som en del av regeringens coronasatsning kan du l\u00e4sa kort YH-utbildning hos oss.<br>En omg\u00e5ng har startat nu under vecka 8, 2022.<\/p>\n\n\n\n        <section aria-label=\"\u00d6ppningsbara flikar 1\" class=\"accordions mt-6 mb-6\">\n            <div class=\"container\" data-accordions=\"true\">\n                <div class=\"tab-pages\" role=\"tablist\">\n                                            <section class=\"tab-page\">\n                            <header>\n                                <button class=\"tab-page-head is-active has-text-color-black\" id=\"accordions-shortcode1-tab-0\" role=\"tab\" aria-selected=\"true\" aria-controls=\"accordions-shortcode1-tabpanel-0\" aria-label=\"Symtomlindring och v\u00e5rd i livets slut | 60 YH-po\u00e4ng\" style=\"background: #ffffff\">\n                                    <div class=\"level\">\n                                        <div class=\"level-start\">\n                                            <div class=\"level-item\">\n                                                <h2>Symtomlindring och v\u00e5rd i livets slut | 60 YH-po\u00e4ng<\/h2>\n                                            <\/div>\n                                        <\/div>\n                                        <div class=\"level-end\">\n                                            <div class=\"level-item is-hidden\">\n                                                <span class=\"accordion-icon plus\" title=\"\u00d6ppna flik\"><\/span>\n                                            <\/div>\n                                            <div class=\"level-item\">\n                                                <span class=\"accordion-icon minus\" title=\"St\u00e4ng flik\"><\/span>\n                                            <\/div>\n                                        <\/div>\n                                    <\/div>\n                                <\/button>\n                            <\/header>\n                            <div class=\"tab-page-body\" id=\"accordions-shortcode1-tabpanel-0\" role=\"tabpanel\" aria-labelledby=\"accordions-shortcode1-tab-0\" aria-hidden=\"false\">\n                                <div class=\"content\"><p><strong>Distans | Halvfart | 35 platser<br \/>\n<\/strong><em><br \/>\nVi startar vecka 8, 11 och eventuellt vecka 14 &#8211; tills alla 35 platser \u00e4r fyllda \ud83d\udc4d<br \/>\nKursen \u00e4r f\u00f6rlagd under vecka 8-19 (eller vecka 11-22) samt vecka 36-47.<br \/>\nUtbildningen h\u00e5lls i moduler och med olika grupper samtidigt.<\/em><\/p>\n<p><strong>Ans\u00f6kan \u00e4r \u00f6ppen till 8\/3-2022<\/strong><\/p>\n<p><a href=\"https:\/\/apply.yh-antagning.se\/to\/kunskapsforbundet\/vt2022\/1\" target=\"_blank\" rel=\"noopener\">Klicka h\u00e4r f\u00f6r att s\u00f6ka<\/a><\/p>\n<p><strong>Beh\u00f6righet<\/strong><br \/>\nUtbildad undersk\u00f6terska, ett \u00e5rs yrkeserfarenhet heltid inom v\u00e5rd och omsorg.<\/p>\n<p><strong>Urval<\/strong><br \/>\nYrkeserfarenhet inom v\u00e5rd och omsorg.<\/p>\n<p><strong>Inneh\u00e5ll<br \/>\n<\/strong>Tv\u00e5 kurser:<br \/>\nSymtomlindring 30 YH-po\u00e4ng<br \/>\nV\u00e5rd i livets slut ur ett salutogent perspektiv 30 YH-po\u00e4ng<\/p>\n<p>L\u00e4rarhandledd undervisning 4 timmar\/vecka. Elevstudietid 20 timmar\/vecka.<\/p>\n<p><strong>Utrustning<br \/>\n<\/strong>Dator, headset och kamera.<\/p>\n<p><strong>M\u00e5l med kursen<\/strong><br \/>\nDen studerande ska ha kunskap om symtomkontroll och metoder f\u00f6r optimal sm\u00e4rtlindring. Den studerande ska f\u00e5 f\u00f6rdjupad kunskap om olika v\u00e5rdformer, samt kunna bed\u00f6ma, planera, genomf\u00f6ra, f\u00f6lja upp och utv\u00e4rdera omv\u00e5rdnaden samt dokumentera och rapportera enligt SBAR. M\u00e5let \u00e4r att den studerande ska f\u00e5 kunskap om nutrition i olika palliativa skeden\/sv\u00e5rt sjuka samt s\u00e5rv\u00e5rd. F\u00e5 kunskap om palliativ v\u00e5rdfilosofi och specifik omv\u00e5rdnad i olika palliativa skeden. Studerande ska f\u00e5 kunskap om hur man arbetar i multiprofessionella team och arbeta utifr\u00e5n en personcentrerad omv\u00e5rdnad. Studerande ska f\u00e5 kunskap om sorgeprocessen och dess olika faser, samt f\u00e5 kunskap om anh\u00f6rigst\u00f6d. Studerande ska \u00e4ven f\u00e5 kunskap om lagstiftning, f\u00f6rordningar samt dokumentation.<\/p>\n<p><strong>Utbildningsledare<\/strong><br \/>\nKontakta utbildningsledare <a href=\"mailto:asa.johansson@kunskapsforbundet.se\">asa.johansson@kunskapsforbundet.se<\/a> eller <a href=\"mailto:Ingmarie.Gustavson@kunskapsforbundet.se\">Ingmarie.Gustavson@kunskapsforbundet.se<\/a> vid funderingar.<\/p>\n<p><a href=\"https:\/\/apply.yh-antagning.se\/to\/kunskapsforbundet\/vt2022\/1\" target=\"_blank\" rel=\"noopener\">Klicka h\u00e4r f\u00f6r att s\u00f6ka<\/a><\/p><\/div>\n                            <\/div>\n                        <\/section>\n                                    <\/div>\n                <button class=\"mt-3 tab-page-expand\" data-close=\"St\u00e4ng alla flikar\" data-open=\"Expandera alla flikar\">\n                    Expandera alla flikar                <\/button>\n            <\/div>\n        <\/section>\n\n","protected":false},"excerpt":{"rendered":"<p>Som en del av regeringens coronasatsning kan du l\u00e4sa kort YH-utbildning hos oss.En omg\u00e5ng har startat nu under vecka 8, 2022.<\/p>\n","protected":false},"author":37,"featured_media":12441,"parent":0,"menu_order":0,"comment_status":"closed","ping_status":"closed","template":"","meta":{"_acf_changed":false,"footnotes":""},"class_list":["post-11049","page","type-page","status-publish","has-post-thumbnail","hentry"],"acf":[],"_links":{"self":[{"href":"https:\/\/kunskapsforbundet.se\/vuxenutbildningen\/wp-json\/wp\/v2\/pages\/11049","targetHints":{"allow":["GET"]}}],"collection":[{"href":"https:\/\/kunskapsforbundet.se\/vuxenutbildningen\/wp-json\/wp\/v2\/pages"}],"about":[{"href":"https:\/\/kunskapsforbundet.se\/vuxenutbildningen\/wp-json\/wp\/v2\/types\/page"}],"author":[{"embeddable":true,"href":"https:\/\/kunskapsforbundet.se\/vuxenutbildningen\/wp-json\/wp\/v2\/users\/37"}],"replies":[{"embeddable":true,"href":"https:\/\/kunskapsforbundet.se\/vuxenutbildningen\/wp-json\/wp\/v2\/comments?post=11049"}],"version-history":[{"count":29,"href":"https:\/\/kunskapsforbundet.se\/vuxenutbildningen\/wp-json\/wp\/v2\/pages\/11049\/revisions"}],"predecessor-version":[{"id":15959,"href":"https:\/\/kunskapsforbundet.se\/vuxenutbildningen\/wp-json\/wp\/v2\/pages\/11049\/revisions\/15959"}],"wp:featuredmedia":[{"embeddable":true,"href":"https:\/\/kunskapsforbundet.se\/vuxenutbildningen\/wp-json\/wp\/v2\/media\/12441"}],"wp:attachment":[{"href":"https:\/\/kunskapsforbundet.se\/vuxenutbildningen\/wp-json\/wp\/v2\/media?parent=11049"}],"curies":[{"name":"wp","href":"https:\/\/api.w.org\/{rel}","templated":true}]}}