{"id":10960,"date":"2020-06-23T14:31:50","date_gmt":"2020-06-23T12:31:50","guid":{"rendered":"https:\/\/www.kunskapsforbundet.se\/vuxenutbildningen\/?page_id=10960"},"modified":"2026-04-21T13:58:09","modified_gmt":"2026-04-21T11:58:09","slug":"larplattform-e-post-och-googletjanster","status":"publish","type":"page","link":"https:\/\/kunskapsforbundet.se\/vuxenutbildningen\/larplattform-e-post-och-googletjanster\/","title":{"rendered":"IT-support"},"content":{"rendered":"\n<div class=\"pages__ingress pb-4 mb-0\"><p class=\"wp-block-ggb-block-feature__ingress\">Nedan finns information om hur du loggar in i ditt elevkonto samt information om googletj\u00e4nsterna som ing\u00e5r.<\/p><\/div>\n\n\n\n<hr class=\"wp-block-separator has-alpha-channel-opacity\"\/>\n\n\n<\/p>\n<p>Som studerande p\u00e5 Vuxenutbildningen kan du f\u00e5 st\u00f6d av IT-support i f\u00f6ljande fr\u00e5gor:\u00a0<\/p>\n<ul>\n<li>Elevkonto\/Inloggningsuppgifter\u00a0<\/li>\n<li>Hj\u00e4lp med din l\u00e5nade Chromebook (Utl\u00e5ning, inl\u00e4mning)<\/li>\n<li>St\u00f6d kring applikationer (Skola24, Google workspace)<\/li>\n<li>N\u00e4tverk\/Wifi<\/li>\n<\/ul>\n\n\n<h2 class=\"wp-block-heading\">Hitta oss <\/h2>\n\n\n\n<p>Du kan f\u00e5 IT-hj\u00e4lp via v\u00e5r reception, hitta till \u00f6ppettiderna <a href=\"https:\/\/kunskapsforbundet.se\/vuxenutbildningen\/kontakta-oss\/\">h\u00e4r.<\/a> <br><br><em>Maila oss om du \u00f6nskar hj\u00e4lp utanf\u00f6r v\u00e5ra \u00f6ppettider (<a href=\"mailto:it-support.elev@kunskapsforbundet.se\">it-support.elever@kunskapsforbundet.se<\/a>)\u00a0<\/em><\/p>\n\n\n<\/p>\n<p><\/p>","protected":false},"excerpt":{"rendered":"<p>Som studerande p\u00e5 Vuxenutbildningen kan du f\u00e5 st\u00f6d av IT-support i f\u00f6ljande fr\u00e5gor:\u00a0 Elevkonto\/Inloggningsuppgifter\u00a0 Hj\u00e4lp med din l\u00e5nade Chromebook (Utl\u00e5ning, inl\u00e4mning) St\u00f6d kring applikationer (Skola24, Google workspace) N\u00e4tverk\/Wifi Hitta oss Du kan f\u00e5 IT-hj\u00e4lp via v\u00e5r reception, hitta till \u00f6ppettiderna h\u00e4r. Maila oss om du \u00f6nskar hj\u00e4lp utanf\u00f6r v\u00e5ra \u00f6ppettider (it-support.elever@kunskapsforbundet.se)\u00a0 En del av undervisningen [&hellip;]<\/p>\n","protected":false},"author":7,"featured_media":28665,"parent":0,"menu_order":0,"comment_status":"closed","ping_status":"closed","template":"","meta":{"_acf_changed":false,"footnotes":""},"class_list":["post-10960","page","type-page","status-publish","has-post-thumbnail","hentry"],"acf":[],"_links":{"self":[{"href":"https:\/\/kunskapsforbundet.se\/vuxenutbildningen\/wp-json\/wp\/v2\/pages\/10960","targetHints":{"allow":["GET"]}}],"collection":[{"href":"https:\/\/kunskapsforbundet.se\/vuxenutbildningen\/wp-json\/wp\/v2\/pages"}],"about":[{"href":"https:\/\/kunskapsforbundet.se\/vuxenutbildningen\/wp-json\/wp\/v2\/types\/page"}],"author":[{"embeddable":true,"href":"https:\/\/kunskapsforbundet.se\/vuxenutbildningen\/wp-json\/wp\/v2\/users\/7"}],"replies":[{"embeddable":true,"href":"https:\/\/kunskapsforbundet.se\/vuxenutbildningen\/wp-json\/wp\/v2\/comments?post=10960"}],"version-history":[{"count":143,"href":"https:\/\/kunskapsforbundet.se\/vuxenutbildningen\/wp-json\/wp\/v2\/pages\/10960\/revisions"}],"predecessor-version":[{"id":30376,"href":"https:\/\/kunskapsforbundet.se\/vuxenutbildningen\/wp-json\/wp\/v2\/pages\/10960\/revisions\/30376"}],"wp:featuredmedia":[{"embeddable":true,"href":"https:\/\/kunskapsforbundet.se\/vuxenutbildningen\/wp-json\/wp\/v2\/media\/28665"}],"wp:attachment":[{"href":"https:\/\/kunskapsforbundet.se\/vuxenutbildningen\/wp-json\/wp\/v2\/media?parent=10960"}],"curies":[{"name":"wp","href":"https:\/\/api.w.org\/{rel}","templated":true}]}}