{"id":10781,"date":"2022-06-04T12:42:00","date_gmt":"2022-06-04T10:42:00","guid":{"rendered":"https:\/\/www.kunskapsforbundet.se\/vuxenutbildningen\/?page_id=10781"},"modified":"2024-12-19T13:39:02","modified_gmt":"2024-12-19T12:39:02","slug":"distansstudier","status":"publish","type":"page","link":"https:\/\/kunskapsforbundet.se\/vuxenutbildningen\/distansstudier\/","title":{"rendered":"Distansstudier"},"content":{"rendered":"\n<div class=\"pages__ingress pb-4 mb-0\"><p class=\"wp-block-ggb-block-feature__ingress\">Om du funderar p\u00e5 att studera p\u00e5 distans kan du l\u00e4sa mer om Komvux p\u00e5 distans h\u00e4r.<\/p><\/div>\n\n\n\n<h2 class=\"wp-block-heading\">Om distansstudier p\u00e5 Vuxenutbildningen<\/h2>\n\n\n\n<p>I f\u00f6rsta hand h\u00e4nvisar vi till v\u00e5rt eget kursutbud p\u00e5 Vuxenutbildningen d\u00e4r vi kontinuerligt erbjuder kurser p\u00e5 dagtid\/ kv\u00e4ll\/flex, med kursstarter flera g\u00e5nger per \u00e5r. Distansstudier p\u00e5 Vuxenutbildningen sker genom NTI. <\/p>\n\n\n\n<p>Distansstudier \u00e4r l\u00e4mpligt f\u00f6r dig som inte kan n\u00e4rvara p\u00e5 plats i skolan. Du har inga schemalagda lektioner och tar ist\u00e4llet del av material och uppgifter p\u00e5 egen hand. Distansstudier kr\u00e4ver mycket god studievana och ett st\u00f6rre eget ansvar j\u00e4mf\u00f6rt med studier p\u00e5 plats. Distansstudier kr\u00e4ver egen dator med fungerande kamera, mikrofon samt internetuppkoppling. Nationella prov sker p\u00e5 plats hos Vuxenutbildningen i V\u00e4nerparken 5, V\u00e4nersborg under dagtid.<\/p>\n\n\n\n<h2 class=\"wp-block-heading\">S\u00e5 h\u00e4r ans\u00f6ker du till distanskurser<\/h2>\n\n\n\n<ul class=\"wp-block-list\">\n<li>Ans\u00f6kan m\u00e5ste du g\u00f6ra i samr\u00e5d med studie- och yrkesv\u00e4gledare p\u00e5 Vuxenutbildningen. L\u00e4s mer om hur <a href=\"https:\/\/kunskapsforbundet.se\/vuxenutbildningen\/studie-och-yrkesvagledning\/\">du kontaktar studie- och yrkesv\u00e4gledningen h\u00e4r.<\/a><\/li>\n\n\n\n<li>Betyg ska l\u00e4mnas in tillsammans med din ans\u00f6kan.<\/li>\n\n\n\n<li>Vi f\u00f6rs\u00f6ker handl\u00e4gga alla ans\u00f6kningar s\u00e5 fort som m\u00f6jligt. Vi handl\u00e4gger dem efter planerat startdatum f\u00f6r s\u00f6kt kurs vilket g\u00f6r att beslut kan dr\u00f6ja om du ans\u00f6kt l\u00e5ngt i f\u00f6rv\u00e4g. Ca 3 veckor innan kursstart ska du som senast f\u00e5 ditt antagningsbeslut.<\/li>\n<\/ul>\n\n\n\n<div class=\"wp-block-buttons is-layout-flex wp-block-buttons-is-layout-flex\">\n<div class=\"wp-block-button has-custom-width wp-block-button__width-100\"><a class=\"wp-block-button__link has-black-color has-text-color has-background has-link-color wp-element-button\" href=\"https:\/\/nti.se\/trollhattan\/\" style=\"background-color:#ffa0af\" target=\"_blank\" rel=\"noreferrer noopener\"><i class=\"icon fa fa-arrow-circle-right\" aria-hidden=\"true\"> <\/i>Jag bor i Trollh\u00e4ttans kommun &#8211; se NTI kurser p\u00e5 distans h\u00e4r<\/a><\/div>\n<\/div>\n\n\n\n<div style=\"height:15px\" aria-hidden=\"true\" class=\"wp-block-spacer\"><\/div>\n\n\n\n<div class=\"wp-block-buttons is-layout-flex wp-block-buttons-is-layout-flex\">\n<div class=\"wp-block-button has-custom-width wp-block-button__width-100\"><a class=\"wp-block-button__link has-black-color has-text-color has-background has-link-color wp-element-button\" href=\"https:\/\/nti.se\/vanersborg\/\" style=\"background-color:#ffa0af\" target=\"_blank\" rel=\"noreferrer noopener\"><i class=\"icon fa fa-arrow-circle-right\" aria-hidden=\"true\"> <\/i>Jag bor i V\u00e4nersborgs kommun &#8211; se NTI kurser p\u00e5 distans h\u00e4r<\/a><\/div>\n<\/div>\n\n\n\n<div style=\"height:20px\" aria-hidden=\"true\" class=\"wp-block-spacer\"><\/div>\n\n\n\n<h2 class=\"wp-block-heading\">Beslut om din ans\u00f6kan<\/h2>\n\n\n\n<p>Det \u00e4r rektor som fattar beslut om din ans\u00f6kan. Du f\u00e5r beslutet via mejl. Ha koll p\u00e5 din skr\u00e4ppost i din mailkorg ifall beskedet skulle hamna d\u00e4r.<\/p>\n\n\n\n<h2 class=\"wp-block-heading\">Kurser p\u00e5 grundl\u00e4ggande niv\u00e5<\/h2>\n\n\n\n<ul class=\"wp-block-list\">\n<li>kan ges till dig som saknar en beh\u00f6righetsgivande kurs.&nbsp;<\/li>\n\n\n\n<li>kan ges till dig om det finns s\u00e4rskilda sk\u00e4l, exempelvis sv\u00e5righeter att fysiskt vistas i skolan p\u00e5 grund av medicinska sk\u00e4l. L\u00e4karintyg m\u00e5ste uppvisas.<\/li>\n\n\n\n<li>kan ges till dig som arbetar heltid. Om du arbetar heltid kan du f\u00e5 studera en kurs p\u00e5 50 procent studietakt.&nbsp;<\/li>\n<\/ul>\n\n\n\n<h2 class=\"wp-block-heading\">Kurser p\u00e5 gymnasial niv\u00e5<\/h2>\n\n\n\n<p>Du kan ans\u00f6ka f\u00f6r gymnasiala kurser om de saknas i v\u00e5rt eget utbud och om kursen\/kurserna;<\/p>\n\n\n\n<ul class=\"wp-block-list\">\n<li>Beh\u00f6vs f\u00f6r s\u00e4rskild eller grundl\u00e4ggande beh\u00f6righet f\u00f6r ans\u00f6kan till H\u00f6gskola\/Universitet eller YH och om du inte hinner avsluta kursen hos oss p\u00e5 plats inom rimlig tid.<\/li>\n\n\n\n<li>Kursen ska anv\u00e4ndas i ett slutbetyg\/examen inom ca 6 m\u00e5nader. Planering m\u00e5ste finnas med studie- och yrkesv\u00e4gledare.<\/li>\n\n\n\n<li>Du har sv\u00e5righeter med att studera p\u00e5 plats f\u00f6r att du veckopendlar.<\/li>\n\n\n\n<li>Det finns s\u00e4rskilda sk\u00e4l, exempelvis sv\u00e5righeter att fysiskt vistas i skolan p\u00e5 grund av medicinska sk\u00e4l. L\u00e4karintyg m\u00e5ste uppvisas.<\/li>\n\n\n\n<li>Du som arbetar heltid kan f\u00e5 studera en kurs p\u00e5 50 procent studietakt om kursen beh\u00f6vs f\u00f6r en beh\u00f6righet eller examen\/slutbetyg och det inte fattas mer \u00e4n ca 500 po\u00e4ng f\u00f6r att n\u00e5 en examen.\u00a0<\/li>\n<\/ul>\n","protected":false},"excerpt":{"rendered":"<p>Om distansstudier p\u00e5 Vuxenutbildningen I f\u00f6rsta hand h\u00e4nvisar vi till v\u00e5rt eget kursutbud p\u00e5 Vuxenutbildningen d\u00e4r vi kontinuerligt erbjuder kurser p\u00e5 dagtid\/ kv\u00e4ll\/flex, med kursstarter flera g\u00e5nger per \u00e5r. Distansstudier p\u00e5 Vuxenutbildningen sker genom NTI. Distansstudier \u00e4r l\u00e4mpligt f\u00f6r dig som inte kan n\u00e4rvara p\u00e5 plats i skolan. Du har inga schemalagda lektioner och tar [&hellip;]<\/p>\n","protected":false},"author":7,"featured_media":0,"parent":0,"menu_order":0,"comment_status":"closed","ping_status":"closed","template":"","meta":{"_acf_changed":false,"footnotes":""},"class_list":["post-10781","page","type-page","status-publish","hentry"],"acf":[],"_links":{"self":[{"href":"https:\/\/kunskapsforbundet.se\/vuxenutbildningen\/wp-json\/wp\/v2\/pages\/10781","targetHints":{"allow":["GET"]}}],"collection":[{"href":"https:\/\/kunskapsforbundet.se\/vuxenutbildningen\/wp-json\/wp\/v2\/pages"}],"about":[{"href":"https:\/\/kunskapsforbundet.se\/vuxenutbildningen\/wp-json\/wp\/v2\/types\/page"}],"author":[{"embeddable":true,"href":"https:\/\/kunskapsforbundet.se\/vuxenutbildningen\/wp-json\/wp\/v2\/users\/7"}],"replies":[{"embeddable":true,"href":"https:\/\/kunskapsforbundet.se\/vuxenutbildningen\/wp-json\/wp\/v2\/comments?post=10781"}],"version-history":[{"count":25,"href":"https:\/\/kunskapsforbundet.se\/vuxenutbildningen\/wp-json\/wp\/v2\/pages\/10781\/revisions"}],"predecessor-version":[{"id":24309,"href":"https:\/\/kunskapsforbundet.se\/vuxenutbildningen\/wp-json\/wp\/v2\/pages\/10781\/revisions\/24309"}],"wp:attachment":[{"href":"https:\/\/kunskapsforbundet.se\/vuxenutbildningen\/wp-json\/wp\/v2\/media?parent=10781"}],"curies":[{"name":"wp","href":"https:\/\/api.w.org\/{rel}","templated":true}]}}