{"id":6343,"date":"2026-01-12T14:34:23","date_gmt":"2026-01-12T13:34:23","guid":{"rendered":"https:\/\/kunskapsforbundet.se\/nils-ericsonsgymnasiet\/?page_id=6343"},"modified":"2026-01-16T13:08:05","modified_gmt":"2026-01-16T12:08:05","slug":"studybee","status":"publish","type":"page","link":"https:\/\/kunskapsforbundet.se\/nils-ericsonsgymnasiet\/studybee\/","title":{"rendered":"StudyBee"},"content":{"rendered":"\n<div class=\"pages__ingress pb-4 mb-0\"><p class=\"wp-block-ggb-block-feature__ingress\">Som v\u00e5rdnadshavare till en elev i Kunskapsf\u00f6rbundet kan du f\u00e5r utskick direkt i mobilen via StudyBee.<\/p><\/div>\n\n\n\n<p>StudyBee&nbsp;\u00e4r ett enkelt och effektivt s\u00e4tt att skicka ut information till v\u00e5rdnadshavare. Det kan exempelvis handla om aktiviteter kring skolan, s\u00e5 som f\u00f6r\u00e4ldram\u00f6te, skolstart eller utvecklingssamtal.&nbsp;StudyBee&nbsp;kommer \u00e4ven att anv\u00e4ndas som kommunikationskanal riktat till v\u00e5rdnadshavare och elever vid h\u00e4ndelse av kris.<\/p>\n\n\n\n<p>M\u00f6jligheten att kommunicera med v\u00e5rdnadshavare via\u00a0StudyBee\u00a0\u00e4r nytt f\u00f6r oss p\u00e5 Nils Ericsonsgymnasiet sedan 1\/10 2025. Utveckling av tj\u00e4nsten med nya funktioner kan tillkomma med tiden. Nu arbetar vi f\u00f6r att l\u00e4ra oss systemet och dess m\u00f6jligheter f\u00f6r en enkel och effektiv kommunikation.<\/p>\n\n\n\n<p>Ladda ner applikationen till din telefon, s\u00e4tt p\u00e5 notiser och f\u00e5 information ang\u00e5ende ditt barns gymnasieskola direkt i telefonen.<\/p>\n\n\n\n<p>H\u00e5ll dig uppdaterad med&nbsp;StudyBee!<\/p>\n\n\n\n<p><a href=\"https:\/\/apps.apple.com\/se\/app\/studybee-mobile\/id1477166638\">Ladda ner via App Store<br><\/a><a href=\"https:\/\/play.google.com\/store\/apps\/details?id=se.studybee&amp;hl=sv\">Ladda ner via Google Play<\/a><\/p>\n","protected":false},"excerpt":{"rendered":"<p>StudyBee&nbsp;\u00e4r ett enkelt och effektivt s\u00e4tt att skicka ut information till v\u00e5rdnadshavare. Det kan exempelvis handla om aktiviteter kring skolan, s\u00e5 som f\u00f6r\u00e4ldram\u00f6te, skolstart eller utvecklingssamtal.&nbsp;StudyBee&nbsp;kommer \u00e4ven att anv\u00e4ndas som kommunikationskanal riktat till v\u00e5rdnadshavare och elever vid h\u00e4ndelse av kris. M\u00f6jligheten att kommunicera med v\u00e5rdnadshavare via\u00a0StudyBee\u00a0\u00e4r nytt f\u00f6r oss p\u00e5 Nils Ericsonsgymnasiet sedan 1\/10 2025. [&hellip;]<\/p>\n","protected":false},"author":59,"featured_media":6028,"parent":0,"menu_order":0,"comment_status":"closed","ping_status":"closed","template":"","meta":{"_acf_changed":false,"footnotes":""},"class_list":["post-6343","page","type-page","status-publish","has-post-thumbnail","hentry"],"acf":[],"_links":{"self":[{"href":"https:\/\/kunskapsforbundet.se\/nils-ericsonsgymnasiet\/wp-json\/wp\/v2\/pages\/6343","targetHints":{"allow":["GET"]}}],"collection":[{"href":"https:\/\/kunskapsforbundet.se\/nils-ericsonsgymnasiet\/wp-json\/wp\/v2\/pages"}],"about":[{"href":"https:\/\/kunskapsforbundet.se\/nils-ericsonsgymnasiet\/wp-json\/wp\/v2\/types\/page"}],"author":[{"embeddable":true,"href":"https:\/\/kunskapsforbundet.se\/nils-ericsonsgymnasiet\/wp-json\/wp\/v2\/users\/59"}],"replies":[{"embeddable":true,"href":"https:\/\/kunskapsforbundet.se\/nils-ericsonsgymnasiet\/wp-json\/wp\/v2\/comments?post=6343"}],"version-history":[{"count":2,"href":"https:\/\/kunskapsforbundet.se\/nils-ericsonsgymnasiet\/wp-json\/wp\/v2\/pages\/6343\/revisions"}],"predecessor-version":[{"id":6356,"href":"https:\/\/kunskapsforbundet.se\/nils-ericsonsgymnasiet\/wp-json\/wp\/v2\/pages\/6343\/revisions\/6356"}],"wp:featuredmedia":[{"embeddable":true,"href":"https:\/\/kunskapsforbundet.se\/nils-ericsonsgymnasiet\/wp-json\/wp\/v2\/media\/6028"}],"wp:attachment":[{"href":"https:\/\/kunskapsforbundet.se\/nils-ericsonsgymnasiet\/wp-json\/wp\/v2\/media?parent=6343"}],"curies":[{"name":"wp","href":"https:\/\/api.w.org\/{rel}","templated":true}]}}