{"id":609,"date":"2014-12-22T13:26:02","date_gmt":"2014-12-22T12:26:02","guid":{"rendered":"https:\/\/www.kunskapsforbundet.se\/nils-ericsonsgymnasiet\/?page_id=609"},"modified":"2021-07-19T17:57:07","modified_gmt":"2021-07-19T15:57:07","slug":"gymnasial-larlingsutbildning","status":"publish","type":"page","link":"https:\/\/kunskapsforbundet.se\/nils-ericsonsgymnasiet\/gymnasial-larlingsutbildning\/","title":{"rendered":"Gymnasial l\u00e4rlingsutbildning"},"content":{"rendered":"\n<div class=\"pages__ingress pb-4 mb-0\"><p>\u00c4r du nyfiken p\u00e5 gymnasial l\u00e4rlingsutbildning?<\/p><\/div>\n\n\n<p>Gillar du att l\u00e4ra dig i verkliga situationer tillsammans med arbetskamrater ist\u00e4llet f\u00f6r klasskamrater? Vill du ta ansvar f\u00f6r ditt l\u00e4rande och gillar att ing\u00e5 i ett arbetslag med m\u00e4nniskor i olika \u00e5ldrar? Fr\u00e5n h\u00f6sten 2015 kan du l\u00e4sa alla v\u00e5ra yrkesutbildningar p\u00e5 tv\u00e5 s\u00e4tt, som skolf\u00f6rlagd eller som gymnasial l\u00e4rlingsutbildning.<\/p>\n<p>Att g\u00e5 en l\u00e4rlingsutbildning inneb\u00e4r:<\/p>\n<ul>\n<li>Samma krav som en skolf\u00f6rlagd yrkesutbildning<\/li>\n<li>Samma m\u00f6jlighet att f\u00e5 grundl\u00e4ggande h\u00f6gskolebeh\u00f6righet<\/li>\n<li>Halva utbildningen p\u00e5 en arbetsplats<\/li>\n<li>Handledare p\u00e5 arbetsplatsen med fokus p\u00e5 din utveckling i yrket<\/li>\n<li>Teoretiska \u00e4mnen i l\u00e4rlingsklass med l\u00e4rlingar fr\u00e5n olika yrkesprogram.<\/li>\n<\/ul>","protected":false},"excerpt":{"rendered":"<p>Gillar du att l\u00e4ra dig i verkliga situationer tillsammans med arbetskamrater ist\u00e4llet f\u00f6r klasskamrater? Vill du ta ansvar f\u00f6r ditt l\u00e4rande och gillar att ing\u00e5 i ett arbetslag med m\u00e4nniskor i olika \u00e5ldrar? Fr\u00e5n h\u00f6sten 2015 kan du l\u00e4sa alla v\u00e5ra yrkesutbildningar p\u00e5 tv\u00e5 s\u00e4tt, som skolf\u00f6rlagd eller som gymnasial l\u00e4rlingsutbildning. Att g\u00e5 en l\u00e4rlingsutbildning [&hellip;]<\/p>\n","protected":false},"author":7,"featured_media":2981,"parent":0,"menu_order":0,"comment_status":"closed","ping_status":"closed","template":"","meta":{"_acf_changed":false,"footnotes":""},"class_list":["post-609","page","type-page","status-publish","has-post-thumbnail","hentry"],"acf":[],"_links":{"self":[{"href":"https:\/\/kunskapsforbundet.se\/nils-ericsonsgymnasiet\/wp-json\/wp\/v2\/pages\/609","targetHints":{"allow":["GET"]}}],"collection":[{"href":"https:\/\/kunskapsforbundet.se\/nils-ericsonsgymnasiet\/wp-json\/wp\/v2\/pages"}],"about":[{"href":"https:\/\/kunskapsforbundet.se\/nils-ericsonsgymnasiet\/wp-json\/wp\/v2\/types\/page"}],"author":[{"embeddable":true,"href":"https:\/\/kunskapsforbundet.se\/nils-ericsonsgymnasiet\/wp-json\/wp\/v2\/users\/7"}],"replies":[{"embeddable":true,"href":"https:\/\/kunskapsforbundet.se\/nils-ericsonsgymnasiet\/wp-json\/wp\/v2\/comments?post=609"}],"version-history":[{"count":13,"href":"https:\/\/kunskapsforbundet.se\/nils-ericsonsgymnasiet\/wp-json\/wp\/v2\/pages\/609\/revisions"}],"predecessor-version":[{"id":2983,"href":"https:\/\/kunskapsforbundet.se\/nils-ericsonsgymnasiet\/wp-json\/wp\/v2\/pages\/609\/revisions\/2983"}],"wp:featuredmedia":[{"embeddable":true,"href":"https:\/\/kunskapsforbundet.se\/nils-ericsonsgymnasiet\/wp-json\/wp\/v2\/media\/2981"}],"wp:attachment":[{"href":"https:\/\/kunskapsforbundet.se\/nils-ericsonsgymnasiet\/wp-json\/wp\/v2\/media?parent=609"}],"curies":[{"name":"wp","href":"https:\/\/api.w.org\/{rel}","templated":true}]}}