{"id":538,"date":"2014-11-05T10:40:55","date_gmt":"2014-11-05T09:40:55","guid":{"rendered":"https:\/\/www.kunskapsforbundet.se\/nils-ericsonsgymnasiet\/?page_id=538"},"modified":"2025-02-25T15:37:44","modified_gmt":"2025-02-25T14:37:44","slug":"skolmat","status":"publish","type":"page","link":"https:\/\/kunskapsforbundet.se\/nils-ericsonsgymnasiet\/skolmat\/","title":{"rendered":"Skolmat"},"content":{"rendered":"\n<div class=\"pages__ingress pb-4 mb-0\"><p>Centralk\u00f6ket tillagar och distribuerar skollunch till Trollh\u00e4ttans Stads samtliga skolor.<\/p><\/div>\n\n\n<p>Vi erbjuder \u00e4ven salladsbuff\u00e9 varje dag. Det finns \u00e4ven vegetariska alternativ f\u00f6r den som \u00e4r vegetarian.<\/p>\n<p><a href=\"https:\/\/menu.matildaplatform.com\/\" target=\"_blank\" rel=\"noopener noreferrer\">Matsedel f\u00f6r Nils Ericsonsgymnasiet<\/a><\/p>\n\n\n<p><\/p>\n","protected":false},"excerpt":{"rendered":"<p>Vi erbjuder \u00e4ven salladsbuff\u00e9 varje dag. Det finns \u00e4ven vegetariska alternativ f\u00f6r den som \u00e4r vegetarian. Matsedel f\u00f6r Nils Ericsonsgymnasiet<\/p>\n","protected":false},"author":6,"featured_media":3059,"parent":0,"menu_order":0,"comment_status":"closed","ping_status":"closed","template":"","meta":{"_acf_changed":false,"footnotes":""},"class_list":["post-538","page","type-page","status-publish","has-post-thumbnail","hentry"],"acf":[],"_links":{"self":[{"href":"https:\/\/kunskapsforbundet.se\/nils-ericsonsgymnasiet\/wp-json\/wp\/v2\/pages\/538","targetHints":{"allow":["GET"]}}],"collection":[{"href":"https:\/\/kunskapsforbundet.se\/nils-ericsonsgymnasiet\/wp-json\/wp\/v2\/pages"}],"about":[{"href":"https:\/\/kunskapsforbundet.se\/nils-ericsonsgymnasiet\/wp-json\/wp\/v2\/types\/page"}],"author":[{"embeddable":true,"href":"https:\/\/kunskapsforbundet.se\/nils-ericsonsgymnasiet\/wp-json\/wp\/v2\/users\/6"}],"replies":[{"embeddable":true,"href":"https:\/\/kunskapsforbundet.se\/nils-ericsonsgymnasiet\/wp-json\/wp\/v2\/comments?post=538"}],"version-history":[{"count":7,"href":"https:\/\/kunskapsforbundet.se\/nils-ericsonsgymnasiet\/wp-json\/wp\/v2\/pages\/538\/revisions"}],"predecessor-version":[{"id":5101,"href":"https:\/\/kunskapsforbundet.se\/nils-ericsonsgymnasiet\/wp-json\/wp\/v2\/pages\/538\/revisions\/5101"}],"wp:featuredmedia":[{"embeddable":true,"href":"https:\/\/kunskapsforbundet.se\/nils-ericsonsgymnasiet\/wp-json\/wp\/v2\/media\/3059"}],"wp:attachment":[{"href":"https:\/\/kunskapsforbundet.se\/nils-ericsonsgymnasiet\/wp-json\/wp\/v2\/media?parent=538"}],"curies":[{"name":"wp","href":"https:\/\/api.w.org\/{rel}","templated":true}]}}