{"id":4707,"date":"2025-02-12T11:25:41","date_gmt":"2025-02-12T10:25:41","guid":{"rendered":"https:\/\/kunskapsforbundet.se\/nils-ericsonsgymnasiet\/?page_id=4707"},"modified":"2025-02-12T11:25:43","modified_gmt":"2025-02-12T10:25:43","slug":"drama-club","status":"publish","type":"page","link":"https:\/\/kunskapsforbundet.se\/nils-ericsonsgymnasiet\/drama-club\/","title":{"rendered":"Drama Club"},"content":{"rendered":"\n<div class=\"pages__ingress pb-4 mb-0\"><p class=\"wp-block-ggb-block-feature__ingress\">Tycker du om teater och improvisation? Vill du utvecklas mer i engelska spr\u00e5ket? D\u00e5 har vi det r\u00e4tta sammanhanget f\u00f6r dig!<\/p><\/div>\n\n\n\n<p>English Speaking Drama Club \u00e4r en kreativ m\u00f6tesplats f\u00f6r elever som vill utforska teater och improvisation p\u00e5 engelska. Vid tr\u00e4ffarna arbetar eleverna tillsammans med olika teater- och improvisations\u00f6vningar vilket st\u00e4rker individernas spr\u00e5kkunskaper och sj\u00e4lvf\u00f6rtroende att agera framf\u00f6r publik.<br><br>Klubben \u00e4r \u00f6ppen f\u00f6r alla \u2013 b\u00e5de f\u00f6r elever som redan har ett intresse f\u00f6r teater och f\u00f6r dem som vill prova n\u00e5got nytt i en trygg och inspirerande milj\u00f6. H\u00e4r f\u00e5r alla m\u00f6jlighet att p\u00e5 ett prestigel\u00f6st och roligt s\u00e4tt, tillsammans med andra som delar samma intresse, utveckla sin f\u00f6rm\u00e5ga att uttrycka sig p\u00e5 engelska.<br><br>Vi tr\u00e4ffas varje m\u00e5ndagseftermiddag, efter lektionstid,  i skolans lokaler.<br><br>V\u00e5r ambition \u00e4r att skapa en gemenskap d\u00e4r kreativitet och spr\u00e5kinl\u00e4rning g\u00e5r hand i hand!<\/p>\n\n\n\n<h3 class=\"wp-block-heading\">L\u00e5ter det intressant?<\/h3>\n\n\n\n<p>Du \u00e4r v\u00e4lkommen! Kontakta Elena Kislova (l\u00e4rare p\u00e5 Nils Ericsonsgymnasiet) f\u00f6r mer information. <br>Mail: elena.kislova@kunskapsforbundet.se<\/p>\n\n\n\n<figure class=\"wp-block-image size-large\"><img loading=\"lazy\" decoding=\"async\" width=\"1024\" height=\"1020\" src=\"https:\/\/kunskapsforbundet.se\/app\/uploads\/sites\/5\/2025\/02\/864c753f-e2a4-4766-b046-4facf4e76ef9-1024x1020.jpg\" alt=\"\" class=\"wp-image-4797\" srcset=\"https:\/\/kunskapsforbundet.se\/app\/uploads\/sites\/5\/2025\/02\/864c753f-e2a4-4766-b046-4facf4e76ef9-1024x1020.jpg 1024w, https:\/\/kunskapsforbundet.se\/app\/uploads\/sites\/5\/2025\/02\/864c753f-e2a4-4766-b046-4facf4e76ef9-300x300.jpg 300w, https:\/\/kunskapsforbundet.se\/app\/uploads\/sites\/5\/2025\/02\/864c753f-e2a4-4766-b046-4facf4e76ef9-150x150.jpg 150w, https:\/\/kunskapsforbundet.se\/app\/uploads\/sites\/5\/2025\/02\/864c753f-e2a4-4766-b046-4facf4e76ef9-768x765.jpg 768w, https:\/\/kunskapsforbundet.se\/app\/uploads\/sites\/5\/2025\/02\/864c753f-e2a4-4766-b046-4facf4e76ef9-1536x1530.jpg 1536w, https:\/\/kunskapsforbundet.se\/app\/uploads\/sites\/5\/2025\/02\/864c753f-e2a4-4766-b046-4facf4e76ef9-2048x2040.jpg 2048w\" sizes=\"auto, (max-width: 1024px) 100vw, 1024px\" \/><\/figure>\n","protected":false},"excerpt":{"rendered":"<p>English Speaking Drama Club \u00e4r en kreativ m\u00f6tesplats f\u00f6r elever som vill utforska teater och improvisation p\u00e5 engelska. Vid tr\u00e4ffarna arbetar eleverna tillsammans med olika teater- och improvisations\u00f6vningar vilket st\u00e4rker individernas spr\u00e5kkunskaper och sj\u00e4lvf\u00f6rtroende att agera framf\u00f6r publik. Klubben \u00e4r \u00f6ppen f\u00f6r alla \u2013 b\u00e5de f\u00f6r elever som redan har ett intresse f\u00f6r teater och [&hellip;]<\/p>\n","protected":false},"author":59,"featured_media":4798,"parent":0,"menu_order":0,"comment_status":"closed","ping_status":"closed","template":"","meta":{"_acf_changed":false,"footnotes":""},"class_list":["post-4707","page","type-page","status-publish","has-post-thumbnail","hentry"],"acf":[],"_links":{"self":[{"href":"https:\/\/kunskapsforbundet.se\/nils-ericsonsgymnasiet\/wp-json\/wp\/v2\/pages\/4707","targetHints":{"allow":["GET"]}}],"collection":[{"href":"https:\/\/kunskapsforbundet.se\/nils-ericsonsgymnasiet\/wp-json\/wp\/v2\/pages"}],"about":[{"href":"https:\/\/kunskapsforbundet.se\/nils-ericsonsgymnasiet\/wp-json\/wp\/v2\/types\/page"}],"author":[{"embeddable":true,"href":"https:\/\/kunskapsforbundet.se\/nils-ericsonsgymnasiet\/wp-json\/wp\/v2\/users\/59"}],"replies":[{"embeddable":true,"href":"https:\/\/kunskapsforbundet.se\/nils-ericsonsgymnasiet\/wp-json\/wp\/v2\/comments?post=4707"}],"version-history":[{"count":2,"href":"https:\/\/kunskapsforbundet.se\/nils-ericsonsgymnasiet\/wp-json\/wp\/v2\/pages\/4707\/revisions"}],"predecessor-version":[{"id":4799,"href":"https:\/\/kunskapsforbundet.se\/nils-ericsonsgymnasiet\/wp-json\/wp\/v2\/pages\/4707\/revisions\/4799"}],"wp:featuredmedia":[{"embeddable":true,"href":"https:\/\/kunskapsforbundet.se\/nils-ericsonsgymnasiet\/wp-json\/wp\/v2\/media\/4798"}],"wp:attachment":[{"href":"https:\/\/kunskapsforbundet.se\/nils-ericsonsgymnasiet\/wp-json\/wp\/v2\/media?parent=4707"}],"curies":[{"name":"wp","href":"https:\/\/api.w.org\/{rel}","templated":true}]}}