{"id":457,"date":"2014-10-23T10:37:46","date_gmt":"2014-10-23T08:37:46","guid":{"rendered":"https:\/\/www.kunskapsforbundet.se\/nils-ericsonsgymnasiet\/?page_id=457"},"modified":"2026-01-12T14:37:48","modified_gmt":"2026-01-12T13:37:48","slug":"schema","status":"publish","type":"page","link":"https:\/\/kunskapsforbundet.se\/nils-ericsonsgymnasiet\/schema\/","title":{"rendered":"Schema och Skola24"},"content":{"rendered":"\n<div style=\"height:10px\" aria-hidden=\"true\" class=\"wp-block-spacer\"><\/div>\n\n\n\n<div class=\"pages__ingress pb-4 mb-0\"><p>H\u00e4r hittar du som elev\/f\u00f6r\u00e4lder schema och l\u00e4nk till Skola24. Du kan ocks\u00e5 se instruktionsfilmer om du \u00f6nskar.<\/p><\/div>\n\n\n\n<p><a title=\"L\u00e4nk till schema\" rel=\"noopener noreferrer\" href=\"https:\/\/web.skola24.se\/timetable\/timetable-viewer\/kunskapsforbundetvast.skola24.se\/Kunskapsf%C3%B6rbundet%20Gy\/\" target=\"_blank\">Schema n\u00e5s via extern webbplats.<\/a><br><a href=\"https:\/\/kunskapsforbundetvast-sso.skola24.se\">Skola24 n\u00e5s via extern webbplats.<\/a><\/p>\n\n\n\n<h2 class=\"wp-block-heading\">Information om Skola24-appen<\/h2>\n\n\n\n<p>F\u00f6r att ladda ner Skola-24-appen, s\u00f6k p\u00e5 \u201dSkola24\u201d i App Store eller Google Play och ladda ner den vita appen med en gr\u00f6n cirkel.<\/p>\n\n\n\n<figure class=\"wp-block-image size-full\"><img decoding=\"async\" src=\"https:\/\/kunskapsforbundet.se\/app\/uploads\/sites\/4\/2022\/09\/skola24-bild-till-webb.png\" alt=\"\" class=\"wp-image-5407\"\/><\/figure>\n\n\n\n<div style=\"height:12px\" aria-hidden=\"true\" class=\"wp-block-spacer\"><\/div>\n\n\n\n<p><i class=\"icon fa fa-caret-right\" aria-hidden=\"true\"> <\/i>\u00d6ppna appen. <br><i class=\"icon fa fa-caret-right\" aria-hidden=\"true\"> <\/i>Under \u201dInloggningsportal\u201d\u00a0 v\u00e4ljer du \u201dExtern inloggning \u2013 Kunskapsf\u00f6rbundet V\u00e4st\u201d.<br><i class=\"icon fa fa-caret-right\" aria-hidden=\"true\"> <\/i>Logga in med bank-ID. Nu ska du kunna se ditt\/dina barns schema samt kunna anm\u00e4la fr\u00e5nvaro. Ledighetsans\u00f6kan sker dock via dator eller webbl\u00e4saren p\u00e5 mobil\/surfplatta. <br><i class=\"icon fa fa-caret-right\" aria-hidden=\"true\"> <\/i>Som elev kan du \u00e4ven v\u00e4lja att logga in med anv\u00e4ndarnamn och l\u00f6senord. Anv\u00e4nd d\u00e5 samma inloggningsuppgifter som till datorn.<br><i class=\"icon fa fa-caret-right\" aria-hidden=\"true\"> <\/i>V\u00e5rdnadshavare kan logga in n\u00e5gra veckor efter skolstart (\u00e5rskurs 1) och i samband med 18-\u00e5rsdagen blockeras beh\u00f6righeten automatiskt.<\/p>\n\n\n\n        <section aria-label=\"\u00d6ppningsbara flikar 1\" class=\"accordions mt-6 mb-6\">\n            <div class=\"container\" data-accordions=\"true\">\n                <div class=\"tab-pages\" role=\"tablist\">\n                                            <section class=\"tab-page\">\n                            <header>\n                                <button class=\"tab-page-head is-active has-text-color-black\" id=\"accordions-shortcode1-tab-0\" role=\"tab\" aria-selected=\"true\" aria-controls=\"accordions-shortcode1-tabpanel-0\" aria-label=\"F\u00f6rklarande filmer - Skola24\" style=\"background: #ecf1d0\">\n                                    <div class=\"level\">\n                                        <div class=\"level-start\">\n                                            <div class=\"level-item\">\n                                                <h2>F\u00f6rklarande filmer - Skola24<\/h2>\n                                            <\/div>\n                                        <\/div>\n                                        <div class=\"level-end\">\n                                            <div class=\"level-item is-hidden\">\n                                                <span class=\"accordion-icon plus\" title=\"\u00d6ppna flik\"><\/span>\n                                            <\/div>\n                                            <div class=\"level-item\">\n                                                <span class=\"accordion-icon minus\" title=\"St\u00e4ng flik\"><\/span>\n                                            <\/div>\n                                        <\/div>\n                                    <\/div>\n                                <\/button>\n                            <\/header>\n                            <div class=\"tab-page-body\" id=\"accordions-shortcode1-tabpanel-0\" role=\"tabpanel\" aria-labelledby=\"accordions-shortcode1-tab-0\" aria-hidden=\"false\">\n                                <div class=\"content\"><p><iframe loading=\"lazy\" title=\"YouTube video player\" src=\"https:\/\/www.youtube.com\/embed\/videoseries?list=PL7NfX0vK3w_1RKAfg1fm5_7dFvTYsD9L4\" width=\"560\" height=\"315\" frameborder=\"0\" allowfullscreen=\"allowfullscreen\" data-mce-fragment=\"1\"><\/iframe><\/p>\n<p><strong>P\u00e5 youtube hittar du korta f\u00f6rklarande filmer uppdelade enligt f\u00f6ljande:<\/strong><\/p>\n<ul>\n<li><a href=\"https:\/\/www.youtube.com\/watch?v=dzGcLbPuSZs&amp;list=PL7NfX0vK3w_1RKAfg1fm5_7dFvTYsD9L4&amp;index=1\" target=\"_blank\" rel=\"noopener\">Schema och fr\u00e5nvaro<\/a><\/li>\n<li><a href=\"https:\/\/www.youtube.com\/watch?v=DFbfq_yuQrU&amp;list=PL7NfX0vK3w_1RKAfg1fm5_7dFvTYsD9L4&amp;index=2\" target=\"_blank\" rel=\"noopener\">Redigera kontaktuppgifter<\/a><\/li>\n<li><a href=\"https:\/\/www.youtube.com\/watch?v=P1aAedRw09c&amp;list=PL7NfX0vK3w_1RKAfg1fm5_7dFvTYsD9L4&amp;index=3\" target=\"_blank\" rel=\"noopener\">Appen Skola24 och fr\u00e5nvaromeddelanden<\/a><\/li>\n<li><a href=\"https:\/\/www.youtube.com\/watch?v=fKPc26c3FYw&amp;list=PL7NfX0vK3w_1RKAfg1fm5_7dFvTYsD9L4&amp;index=5\" target=\"_blank\" rel=\"noopener\">Skola24 och skolan<\/a><\/li>\n<li><a href=\"https:\/\/www.youtube.com\/watch?v=h8R_u1fYyPM&amp;list=PL7NfX0vK3w_1RKAfg1fm5_7dFvTYsD9L4&amp;index=5\" target=\"_blank\" rel=\"noopener\">Logga in och hitta r\u00e4tt<\/a><\/li>\n<li><a href=\"https:\/\/www.youtube.com\/watch?v=2-QwGuM3TUk&amp;list=PL7NfX0vK3w_1RKAfg1fm5_7dFvTYsD9L4&amp;index=7\" target=\"_blank\" rel=\"noopener\">Logga in med e-legitimation<\/a><\/li>\n<li>Tillval Ledighetsans\u00f6kan (kommer inom kort)<\/li>\n<\/ul>\n<p>&nbsp;<\/p><\/div>\n                            <\/div>\n                        <\/section>\n                                    <\/div>\n                <button class=\"mt-3 tab-page-expand\" data-close=\"St\u00e4ng alla flikar\" data-open=\"Expandera alla flikar\">\n                    Expandera alla flikar                <\/button>\n            <\/div>\n        <\/section>\n\n","protected":false},"excerpt":{"rendered":"<p>Schema n\u00e5s via extern webbplats.Skola24 n\u00e5s via extern webbplats. Information om Skola24-appen F\u00f6r att ladda ner Skola-24-appen, s\u00f6k p\u00e5 \u201dSkola24\u201d i App Store eller Google Play och ladda ner den vita appen med en gr\u00f6n cirkel. \u00d6ppna appen. Under \u201dInloggningsportal\u201d\u00a0 v\u00e4ljer du \u201dExtern inloggning \u2013 Kunskapsf\u00f6rbundet V\u00e4st\u201d. Logga in med bank-ID. Nu ska du kunna [&hellip;]<\/p>\n","protected":false},"author":6,"featured_media":3043,"parent":0,"menu_order":0,"comment_status":"closed","ping_status":"closed","template":"","meta":{"_acf_changed":false,"footnotes":""},"class_list":["post-457","page","type-page","status-publish","has-post-thumbnail","hentry"],"acf":[],"_links":{"self":[{"href":"https:\/\/kunskapsforbundet.se\/nils-ericsonsgymnasiet\/wp-json\/wp\/v2\/pages\/457","targetHints":{"allow":["GET"]}}],"collection":[{"href":"https:\/\/kunskapsforbundet.se\/nils-ericsonsgymnasiet\/wp-json\/wp\/v2\/pages"}],"about":[{"href":"https:\/\/kunskapsforbundet.se\/nils-ericsonsgymnasiet\/wp-json\/wp\/v2\/types\/page"}],"author":[{"embeddable":true,"href":"https:\/\/kunskapsforbundet.se\/nils-ericsonsgymnasiet\/wp-json\/wp\/v2\/users\/6"}],"replies":[{"embeddable":true,"href":"https:\/\/kunskapsforbundet.se\/nils-ericsonsgymnasiet\/wp-json\/wp\/v2\/comments?post=457"}],"version-history":[{"count":26,"href":"https:\/\/kunskapsforbundet.se\/nils-ericsonsgymnasiet\/wp-json\/wp\/v2\/pages\/457\/revisions"}],"predecessor-version":[{"id":6347,"href":"https:\/\/kunskapsforbundet.se\/nils-ericsonsgymnasiet\/wp-json\/wp\/v2\/pages\/457\/revisions\/6347"}],"wp:featuredmedia":[{"embeddable":true,"href":"https:\/\/kunskapsforbundet.se\/nils-ericsonsgymnasiet\/wp-json\/wp\/v2\/media\/3043"}],"wp:attachment":[{"href":"https:\/\/kunskapsforbundet.se\/nils-ericsonsgymnasiet\/wp-json\/wp\/v2\/media?parent=457"}],"curies":[{"name":"wp","href":"https:\/\/api.w.org\/{rel}","templated":true}]}}