{"id":4551,"date":"2024-11-15T13:39:47","date_gmt":"2024-11-15T12:39:47","guid":{"rendered":"https:\/\/kunskapsforbundet.se\/nils-ericsonsgymnasiet\/?page_id=4551"},"modified":"2025-11-19T12:49:23","modified_gmt":"2025-11-19T11:49:23","slug":"resursskolan","status":"publish","type":"page","link":"https:\/\/kunskapsforbundet.se\/nils-ericsonsgymnasiet\/resursskolan\/","title":{"rendered":"Resursskolan"},"content":{"rendered":"\n<div class=\"pages__ingress pb-4 mb-0\"><p class=\"wp-block-ggb-block-feature__ingress\">Resursskolan \u00e4r en del av Introduktionsprogrammens individuella alternativ och finns f\u00f6r dig som har stort behov av trygghet, struktur och motivation.<br><\/p><\/div>\n\n\n\n<p>Resursskolan \u00e4r ett komplement till gymnasieskolans nationella program och \u00f6vrig utbildning inom Introduktionsprogrammen. Resursskolan har en personalresurs p\u00e5 2,5 tj\u00e4nster d\u00e4r l\u00e4rare, socialpedagog och l\u00e4rarassistent med kompetens inom NPF samverkar. Verksamheten \u00e4r f\u00f6rlagd m\u00e5ndag-fredag kl. 09.00-14.00. Elevgruppen best\u00e5r av 8-10 elever och omfattar 1-3 l\u00e4s\u00e5r beroende p\u00e5 elevens behov och utveckling.<\/p>\n\n\n\n<h3 class=\"wp-block-heading\">Resursskolan erbjuder<\/h3>\n\n\n\n<p>H\u00e4r p\u00e5 Resursskolan erbjuder vi en sammanh\u00e5llen skoldag i egna trygga lokaler med egen entr\u00e9. Vi ger eleven en individuell studieplan med strategisk anpassad studieniv\u00e5. Vi tror p\u00e5 en trygg skoldag och undervisningen \u00e4r i mindre grupp eller en-till-en.<br><br>Vi \u00e4ter lunch och frukost tillsammans i v\u00e5r egna matsal och eleverna har tillg\u00e5ng till vuxenst\u00f6d under raster och mellan lektioner. Vi g\u00f6r mycket motivationsskapande aktiviteter som utflykter, tittar p\u00e5 film och spelar spel.<br><br>Vi anv\u00e4nder oss av individuella pedagogiska hj\u00e4lpmedel och kognitiv tr\u00e4ning inf\u00f6r och vid aktiviteter. Vi delar upp undervisningen i olika temaomr\u00e5den, sju under ett helt l\u00e4s\u00e5r. Alla temaomr\u00e5den har inriktning \u201dUng vuxen\u201d.<\/p>\n\n\n\n<h3 class=\"wp-block-heading\">Syfte med verksamheten<\/h3>\n\n\n\n<ul class=\"wp-block-list\">\n<li>Att ge eleverna en grund f\u00f6r fortsatta studier eller praktik\/arbete.<\/li>\n\n\n\n<li>Att ge eleverna f\u00f6ruts\u00e4ttningar till \u00f6kad social kompetens.<\/li>\n\n\n\n<li>Att i samverkan med f\u00f6r\u00e4ldrar st\u00e4rka elevens fortsatta utveckling.<\/li>\n\n\n\n<li>Att ge eleverna verktyg att b\u00e4ttre f\u00f6rst\u00e5 och hantera sin livssituation.<\/li>\n\n\n\n<li>Att st\u00e4rka eleverna i att bli en sj\u00e4lvst\u00e4ndig ung vuxen<\/li>\n<\/ul>\n\n\n<p><\/p>","protected":false},"excerpt":{"rendered":"<p>Resursskolan \u00e4r ett komplement till gymnasieskolans nationella program och \u00f6vrig utbildning inom Introduktionsprogrammen. Resursskolan har en personalresurs p\u00e5 2,5 tj\u00e4nster d\u00e4r l\u00e4rare, socialpedagog och l\u00e4rarassistent med kompetens inom NPF samverkar. Verksamheten \u00e4r f\u00f6rlagd m\u00e5ndag-fredag kl. 09.00-14.00. Elevgruppen best\u00e5r av 8-10 elever och omfattar 1-3 l\u00e4s\u00e5r beroende p\u00e5 elevens behov och utveckling. Resursskolan erbjuder H\u00e4r p\u00e5 [&hellip;]<\/p>\n","protected":false},"author":59,"featured_media":4539,"parent":0,"menu_order":0,"comment_status":"closed","ping_status":"closed","template":"","meta":{"_acf_changed":false,"footnotes":""},"class_list":["post-4551","page","type-page","status-publish","has-post-thumbnail","hentry"],"acf":[],"_links":{"self":[{"href":"https:\/\/kunskapsforbundet.se\/nils-ericsonsgymnasiet\/wp-json\/wp\/v2\/pages\/4551","targetHints":{"allow":["GET"]}}],"collection":[{"href":"https:\/\/kunskapsforbundet.se\/nils-ericsonsgymnasiet\/wp-json\/wp\/v2\/pages"}],"about":[{"href":"https:\/\/kunskapsforbundet.se\/nils-ericsonsgymnasiet\/wp-json\/wp\/v2\/types\/page"}],"author":[{"embeddable":true,"href":"https:\/\/kunskapsforbundet.se\/nils-ericsonsgymnasiet\/wp-json\/wp\/v2\/users\/59"}],"replies":[{"embeddable":true,"href":"https:\/\/kunskapsforbundet.se\/nils-ericsonsgymnasiet\/wp-json\/wp\/v2\/comments?post=4551"}],"version-history":[{"count":20,"href":"https:\/\/kunskapsforbundet.se\/nils-ericsonsgymnasiet\/wp-json\/wp\/v2\/pages\/4551\/revisions"}],"predecessor-version":[{"id":6174,"href":"https:\/\/kunskapsforbundet.se\/nils-ericsonsgymnasiet\/wp-json\/wp\/v2\/pages\/4551\/revisions\/6174"}],"wp:featuredmedia":[{"embeddable":true,"href":"https:\/\/kunskapsforbundet.se\/nils-ericsonsgymnasiet\/wp-json\/wp\/v2\/media\/4539"}],"wp:attachment":[{"href":"https:\/\/kunskapsforbundet.se\/nils-ericsonsgymnasiet\/wp-json\/wp\/v2\/media?parent=4551"}],"curies":[{"name":"wp","href":"https:\/\/api.w.org\/{rel}","templated":true}]}}