{"id":4354,"date":"2024-10-08T12:09:54","date_gmt":"2024-10-08T10:09:54","guid":{"rendered":"https:\/\/kunskapsforbundet.se\/nils-ericsonsgymnasiet\/?page_id=4354"},"modified":"2025-10-28T13:45:42","modified_gmt":"2025-10-28T12:45:42","slug":"badminton","status":"publish","type":"page","link":"https:\/\/kunskapsforbundet.se\/nils-ericsonsgymnasiet\/badminton\/","title":{"rendered":"Badminton"},"content":{"rendered":"\n<div class=\"pages__ingress pb-4 mb-0\"><p class=\"wp-block-ggb-block-feature__ingress\">N\u00e4r du l\u00e4ser v\u00e5r Nationella Elitidrottsutbildning (NIU) inom badminton kommer du att bli v\u00e4l f\u00f6rberedd fysiskt, mentalt, tekniskt och taktiskt f\u00f6r din egen tr\u00e4nings- och t\u00e4vlingsverksamhet.<\/p><\/div>\n\n\n\n<p>Hos oss utbildas du i och f\u00e5r en f\u00f6rdjupning i bland annat: spel, taktik och regler samt fysiska och mentala tr\u00e4ningsprogram anpassade f\u00f6r dig. Du f\u00e5r \u00e4ven l\u00e4ra dig att planera och genomf\u00f6ra tr\u00e4ningspass f\u00f6r dina klasskamrater. Genom \u00e4mnena Specialidrott 1 och 2 och Tr\u00e4ning- och t\u00e4vlingsl\u00e4ra 1 l\u00e4ser du 400 po\u00e4ng riktat mot fotboll. Po\u00e4ngen f\u00f6rdelas 200p p\u00e5 det individuella valet och 200p inom programf\u00f6rdjupningen. Detta ger dig en mycket bra grund f\u00f6r att komma n\u00e4rmare dina m\u00e5l som badmintonspelare. Tr\u00e4ning och teori sker p\u00e5 dagtid vid tre tillf\u00e4llen per vecka och leds av v\u00e5ra l\u00e4rare. Utbildningen ses som ett komplement till din ordinarie tr\u00e4nings- och t\u00e4vlingsverksamhet. <br><\/p>\n\n\n\n<p>Vi har 4 platser per l\u00e4s\u00e5r och urval sker bland annat utifr\u00e5n dina badmintonmeriter, referenser och genom provtr\u00e4ning. Du l\u00e4ser NIU inom ramen f\u00f6r ett nationellt program, vilket betyder att du s\u00f6ker till b\u00e5de ett vanligt gymnasieprogram och nationellt godk\u00e4nd idrottsutbildning. H\u00f6r med din SYV f\u00f6r mer information, po\u00e4ngplaner och hur du s\u00f6ker.<br><\/p>\n\n\n\n<p><strong>Ans\u00f6kan p\u00e5g\u00e5r mellan 1 september och 1 december 2025.<\/strong><\/p>\n\n\n\n<div class=\"wp-block-buttons is-layout-flex wp-block-buttons-is-layout-flex\">\n<div class=\"wp-block-button\"><a class=\"wp-block-button__link has-background has-medium-font-size has-custom-font-size wp-element-button\" href=\"https:\/\/response.questback.com\/isa\/qbv.dll\/bylink?p=jUdebg4DKtZvGtW7hC9SXgUAoSwL1AILLIQmUMrfOJNMgwplMc3PdrDBDJWwFKwC0\" style=\"border-radius:0px;background-color:#5aaf50\">Ans\u00f6kan Badminton (NIU)<\/a><\/div>\n<\/div>\n\n\n\n<hr class=\"wp-block-separator has-alpha-channel-opacity\"\/>\n\n\n\n<div style=\"height:20px\" aria-hidden=\"true\" class=\"wp-block-spacer\"><\/div>\n\n\n\n<h3 class=\"wp-block-heading\">V\u00e5r instrukt\u00f6r<\/h3>\n\n\n\n<div style=\"height:20px\" aria-hidden=\"true\" class=\"wp-block-spacer\"><\/div>\n\n\n\n<p><strong>Jens Olsson<\/strong><br><strong>Instrukt\u00f6r<\/strong><\/p>\n\n\n\n<ul class=\"wp-block-list\">\n<li>OS i Barcelona 1992 som deltagare<\/li>\n\n\n\n<li>OS i Atlanta 1996 som deltagare<\/li>\n\n\n\n<li>OS i Aten 2004 som f\u00f6rbundskapten<\/li>\n\n\n\n<li>Ungdoms \u2013 OS i Singapore som ledare<\/li>\n\n\n\n<li style=\"font-style:normal;font-weight:100\">F\u00f6rbundskapten 2002-2004<\/li>\n\n\n\n<li>Tr\u00e4nare p\u00e5 seniorniv\u00e5 sedan 2000<\/li>\n\n\n\n<li>Instrukt\u00f6r, ansvarar f\u00f6r planering, organisation och material. Kontaktperson mellan f\u00f6rening, skola, hem och spelare. Ansvarar f\u00f6r den praktiska badmintontr\u00e4ningen och dess uppl\u00e4gg.<\/li>\n<\/ul>\n\n\n\n<p><\/p>\n","protected":false},"excerpt":{"rendered":"<p>Hos oss utbildas du i och f\u00e5r en f\u00f6rdjupning i bland annat: spel, taktik och regler samt fysiska och mentala tr\u00e4ningsprogram anpassade f\u00f6r dig. Du f\u00e5r \u00e4ven l\u00e4ra dig att planera och genomf\u00f6ra tr\u00e4ningspass f\u00f6r dina klasskamrater. Genom \u00e4mnena Specialidrott 1 och 2 och Tr\u00e4ning- och t\u00e4vlingsl\u00e4ra 1 l\u00e4ser du 400 po\u00e4ng riktat mot fotboll. [&hellip;]<\/p>\n","protected":false},"author":59,"featured_media":4352,"parent":0,"menu_order":0,"comment_status":"closed","ping_status":"closed","template":"","meta":{"_acf_changed":false,"footnotes":""},"class_list":["post-4354","page","type-page","status-publish","has-post-thumbnail","hentry"],"acf":[],"_links":{"self":[{"href":"https:\/\/kunskapsforbundet.se\/nils-ericsonsgymnasiet\/wp-json\/wp\/v2\/pages\/4354","targetHints":{"allow":["GET"]}}],"collection":[{"href":"https:\/\/kunskapsforbundet.se\/nils-ericsonsgymnasiet\/wp-json\/wp\/v2\/pages"}],"about":[{"href":"https:\/\/kunskapsforbundet.se\/nils-ericsonsgymnasiet\/wp-json\/wp\/v2\/types\/page"}],"author":[{"embeddable":true,"href":"https:\/\/kunskapsforbundet.se\/nils-ericsonsgymnasiet\/wp-json\/wp\/v2\/users\/59"}],"replies":[{"embeddable":true,"href":"https:\/\/kunskapsforbundet.se\/nils-ericsonsgymnasiet\/wp-json\/wp\/v2\/comments?post=4354"}],"version-history":[{"count":10,"href":"https:\/\/kunskapsforbundet.se\/nils-ericsonsgymnasiet\/wp-json\/wp\/v2\/pages\/4354\/revisions"}],"predecessor-version":[{"id":6113,"href":"https:\/\/kunskapsforbundet.se\/nils-ericsonsgymnasiet\/wp-json\/wp\/v2\/pages\/4354\/revisions\/6113"}],"wp:featuredmedia":[{"embeddable":true,"href":"https:\/\/kunskapsforbundet.se\/nils-ericsonsgymnasiet\/wp-json\/wp\/v2\/media\/4352"}],"wp:attachment":[{"href":"https:\/\/kunskapsforbundet.se\/nils-ericsonsgymnasiet\/wp-json\/wp\/v2\/media?parent=4354"}],"curies":[{"name":"wp","href":"https:\/\/api.w.org\/{rel}","templated":true}]}}