{"id":3678,"date":"2023-03-03T11:10:02","date_gmt":"2023-03-03T10:10:02","guid":{"rendered":"https:\/\/kunskapsforbundet.se\/nils-ericsonsgymnasiet\/?page_id=3678"},"modified":"2023-03-03T11:10:03","modified_gmt":"2023-03-03T10:10:03","slug":"elevenkat","status":"publish","type":"page","link":"https:\/\/kunskapsforbundet.se\/nils-ericsonsgymnasiet\/elevenkat\/","title":{"rendered":"Elevenk\u00e4t"},"content":{"rendered":"\n<p>Dags att p\u00e5verka din utbildning och ber\u00e4tta vad du tycker! \ud83d\ude4b\u200d\u2640\ufe0f\ud83d\ude4b\u200d\u2642\ufe0f<\/p>\n\n\n\n<p><a href=\"https:\/\/kunskapsforbundet.se\/nils-ericsonsgymnasiet\/elevenkat-2023\/\" target=\"_blank\" rel=\"noreferrer noopener\">\u00c5rets enk\u00e4t hittar du h\u00e4r<\/a><\/p>\n","protected":false},"excerpt":{"rendered":"<p>Dags att p\u00e5verka din utbildning och ber\u00e4tta vad du tycker! \ud83d\ude4b\u200d\u2640\ufe0f\ud83d\ude4b\u200d\u2642\ufe0f \u00c5rets enk\u00e4t hittar du h\u00e4r<\/p>\n","protected":false},"author":37,"featured_media":0,"parent":0,"menu_order":0,"comment_status":"closed","ping_status":"closed","template":"","meta":{"_acf_changed":false,"footnotes":""},"class_list":["post-3678","page","type-page","status-publish","hentry"],"acf":[],"_links":{"self":[{"href":"https:\/\/kunskapsforbundet.se\/nils-ericsonsgymnasiet\/wp-json\/wp\/v2\/pages\/3678","targetHints":{"allow":["GET"]}}],"collection":[{"href":"https:\/\/kunskapsforbundet.se\/nils-ericsonsgymnasiet\/wp-json\/wp\/v2\/pages"}],"about":[{"href":"https:\/\/kunskapsforbundet.se\/nils-ericsonsgymnasiet\/wp-json\/wp\/v2\/types\/page"}],"author":[{"embeddable":true,"href":"https:\/\/kunskapsforbundet.se\/nils-ericsonsgymnasiet\/wp-json\/wp\/v2\/users\/37"}],"replies":[{"embeddable":true,"href":"https:\/\/kunskapsforbundet.se\/nils-ericsonsgymnasiet\/wp-json\/wp\/v2\/comments?post=3678"}],"version-history":[{"count":2,"href":"https:\/\/kunskapsforbundet.se\/nils-ericsonsgymnasiet\/wp-json\/wp\/v2\/pages\/3678\/revisions"}],"predecessor-version":[{"id":3682,"href":"https:\/\/kunskapsforbundet.se\/nils-ericsonsgymnasiet\/wp-json\/wp\/v2\/pages\/3678\/revisions\/3682"}],"wp:attachment":[{"href":"https:\/\/kunskapsforbundet.se\/nils-ericsonsgymnasiet\/wp-json\/wp\/v2\/media?parent=3678"}],"curies":[{"name":"wp","href":"https:\/\/api.w.org\/{rel}","templated":true}]}}