{"id":3546,"date":"2024-09-18T09:29:24","date_gmt":"2024-09-18T07:29:24","guid":{"rendered":"https:\/\/kunskapsforbundet.se\/nils-ericsonsgymnasiet\/?page_id=3546"},"modified":"2026-02-10T08:56:44","modified_gmt":"2026-02-10T07:56:44","slug":"oppet-hus-3","status":"publish","type":"page","link":"https:\/\/kunskapsforbundet.se\/nils-ericsonsgymnasiet\/oppet-hus-3\/","title":{"rendered":"\u00d6ppet hus"},"content":{"rendered":"\n<div class=\"pages__ingress pb-4 mb-0\"><p class=\"wp-block-ggb-block-feature__ingress\">Nils Ericsonsgymnasiet anordnar \u00e5rligen \u00d6ppet hus f\u00f6r att bjuda in nyfikna niondeklassare och anh\u00f6riga f\u00f6r att visa upp skolans utbud och lokaler.<\/p><\/div>\n\n\n\n<p>\u00d6ppet hus brukar \u00e4ga rum under november m\u00e5nad, f\u00f6ljt av ett extra \u00d6ppet hus under januari. D\u00e5 f\u00e5r du som inte har best\u00e4mt dig \u00e4n eller kanske beh\u00f6ver bli lite extra s\u00e4ker p\u00e5 ditt val, chansen att \u00e4nnu en g\u00e5ng bes\u00f6ka v\u00e5r skola.<\/p>\n\n\n\n<p>N\u00e4sta \u00d6ppet hus:<br><strong> November 2026<\/strong><\/p>\n\n\n\n<p>Vi ser fram emot att tr\u00e4ffa dig och visa upp v\u00e5r fantastiska skola och sp\u00e4nnande program.<\/p>\n\n\n\n<hr class=\"wp-block-separator has-alpha-channel-opacity\" \/>\n\n\n\n<p>Se bilder och l\u00e4s mer om v\u00e5rt senaste \u00d6ppet Hus <a href=\"https:\/\/kunskapsforbundet.se\/nils-ericsonsgymnasiet\/stort-rekord-pa-nils-ericonsgymnasiets-oppet-hus-igar\/\" data-type=\"link\" data-id=\"https:\/\/kunskapsforbundet.se\/nils-ericsonsgymnasiet\/stort-rekord-pa-nils-ericonsgymnasiets-oppet-hus-igar\/\">h\u00e4r<\/a>.<\/p>\n\n\n\n<div style=\"height:59px\" aria-hidden=\"true\" class=\"wp-block-spacer\"><\/div>\n\n\n\n<h2 class=\"wp-block-heading\">Skolreportrarna<\/h2>\n\n\n\n<p>Kunskapsf\u00f6rbundets skolreportrar visar upp en vanlig dag p\u00e5 v\u00e5ra tre gymnasieskolor. H\u00e4ng med! \ud83d\udc4b<\/p>\n\n\n<\/p>\n\n\n<figure class=\"wp-block-video\"><video height=\"1080\" style=\"aspect-ratio: 1998 \/ 1080;\" width=\"1998\" controls src=\"https:\/\/kunskapsforbundet.se\/app\/uploads\/sites\/5\/2025\/10\/Huvudfilm-ejbio_250909.mp4\"><\/video><\/figure>\n\n\n<p><\/p>","protected":false},"excerpt":{"rendered":"<p>\u00d6ppet hus brukar \u00e4ga rum under november m\u00e5nad, f\u00f6ljt av ett extra \u00d6ppet hus under januari. D\u00e5 f\u00e5r du som inte har best\u00e4mt dig \u00e4n eller kanske beh\u00f6ver bli lite extra s\u00e4ker p\u00e5 ditt val, chansen att \u00e4nnu en g\u00e5ng bes\u00f6ka v\u00e5r skola. N\u00e4sta \u00d6ppet hus: November 2026 Vi ser fram emot att tr\u00e4ffa dig [&hellip;]<\/p>\n","protected":false},"author":34,"featured_media":6141,"parent":0,"menu_order":0,"comment_status":"closed","ping_status":"closed","template":"","meta":{"_acf_changed":false,"footnotes":""},"class_list":["post-3546","page","type-page","status-publish","has-post-thumbnail","hentry"],"acf":[],"_links":{"self":[{"href":"https:\/\/kunskapsforbundet.se\/nils-ericsonsgymnasiet\/wp-json\/wp\/v2\/pages\/3546","targetHints":{"allow":["GET"]}}],"collection":[{"href":"https:\/\/kunskapsforbundet.se\/nils-ericsonsgymnasiet\/wp-json\/wp\/v2\/pages"}],"about":[{"href":"https:\/\/kunskapsforbundet.se\/nils-ericsonsgymnasiet\/wp-json\/wp\/v2\/types\/page"}],"author":[{"embeddable":true,"href":"https:\/\/kunskapsforbundet.se\/nils-ericsonsgymnasiet\/wp-json\/wp\/v2\/users\/34"}],"replies":[{"embeddable":true,"href":"https:\/\/kunskapsforbundet.se\/nils-ericsonsgymnasiet\/wp-json\/wp\/v2\/comments?post=3546"}],"version-history":[{"count":78,"href":"https:\/\/kunskapsforbundet.se\/nils-ericsonsgymnasiet\/wp-json\/wp\/v2\/pages\/3546\/revisions"}],"predecessor-version":[{"id":6397,"href":"https:\/\/kunskapsforbundet.se\/nils-ericsonsgymnasiet\/wp-json\/wp\/v2\/pages\/3546\/revisions\/6397"}],"wp:featuredmedia":[{"embeddable":true,"href":"https:\/\/kunskapsforbundet.se\/nils-ericsonsgymnasiet\/wp-json\/wp\/v2\/media\/6141"}],"wp:attachment":[{"href":"https:\/\/kunskapsforbundet.se\/nils-ericsonsgymnasiet\/wp-json\/wp\/v2\/media?parent=3546"}],"curies":[{"name":"wp","href":"https:\/\/api.w.org\/{rel}","templated":true}]}}