{"id":344,"date":"2014-09-22T09:20:11","date_gmt":"2014-09-22T07:20:11","guid":{"rendered":"https:\/\/www.kunskapsforbundet.se\/nils-ericsonsgymnasiet\/?page_id=344"},"modified":"2024-08-29T13:03:22","modified_gmt":"2024-08-29T11:03:22","slug":"sjukanmalan","status":"publish","type":"page","link":"https:\/\/kunskapsforbundet.se\/nils-ericsonsgymnasiet\/sjukanmalan\/","title":{"rendered":"Sjukanm\u00e4lan"},"content":{"rendered":"\n<div class=\"pages__ingress pb-4 mb-0\"><p class=\"wp-block-ggb-block-feature__ingress\">Vid sjukanm\u00e4lan beh\u00f6ver v\u00e5rdnadshavare ringa och anm\u00e4la eleven senast klockan 12:00 samma dag som fr\u00e5nvaron sker.<\/p><\/div>\n\n\n\n<h4 class=\"wp-block-heading\">I f\u00f6rsta hand via appen<\/h4>\n\n\n\n<p>I f\u00f6rsta hand g\u00f6rs sjukanm\u00e4lan via&nbsp;<em>Skola24<\/em>&nbsp;(app eller webbsida).<\/p>\n\n\n\n<h4 class=\"wp-block-heading\">Sjukanm\u00e4l genom att ringa<\/h4>\n\n\n\n<p>F\u00f6r att sjukanm\u00e4la elev, ring:&nbsp;<strong>0515-869 39<\/strong><\/p>\n\n\n\n<p><\/p>\n","protected":false},"excerpt":{"rendered":"<p>I f\u00f6rsta hand via appen I f\u00f6rsta hand g\u00f6rs sjukanm\u00e4lan via&nbsp;Skola24&nbsp;(app eller webbsida). Sjukanm\u00e4l genom att ringa F\u00f6r att sjukanm\u00e4la elev, ring:&nbsp;0515-869 39<\/p>\n","protected":false},"author":6,"featured_media":0,"parent":0,"menu_order":0,"comment_status":"closed","ping_status":"closed","template":"","meta":{"_acf_changed":false,"footnotes":""},"class_list":["post-344","page","type-page","status-publish","hentry"],"acf":[],"_links":{"self":[{"href":"https:\/\/kunskapsforbundet.se\/nils-ericsonsgymnasiet\/wp-json\/wp\/v2\/pages\/344","targetHints":{"allow":["GET"]}}],"collection":[{"href":"https:\/\/kunskapsforbundet.se\/nils-ericsonsgymnasiet\/wp-json\/wp\/v2\/pages"}],"about":[{"href":"https:\/\/kunskapsforbundet.se\/nils-ericsonsgymnasiet\/wp-json\/wp\/v2\/types\/page"}],"author":[{"embeddable":true,"href":"https:\/\/kunskapsforbundet.se\/nils-ericsonsgymnasiet\/wp-json\/wp\/v2\/users\/6"}],"replies":[{"embeddable":true,"href":"https:\/\/kunskapsforbundet.se\/nils-ericsonsgymnasiet\/wp-json\/wp\/v2\/comments?post=344"}],"version-history":[{"count":8,"href":"https:\/\/kunskapsforbundet.se\/nils-ericsonsgymnasiet\/wp-json\/wp\/v2\/pages\/344\/revisions"}],"predecessor-version":[{"id":4216,"href":"https:\/\/kunskapsforbundet.se\/nils-ericsonsgymnasiet\/wp-json\/wp\/v2\/pages\/344\/revisions\/4216"}],"wp:attachment":[{"href":"https:\/\/kunskapsforbundet.se\/nils-ericsonsgymnasiet\/wp-json\/wp\/v2\/media?parent=344"}],"curies":[{"name":"wp","href":"https:\/\/api.w.org\/{rel}","templated":true}]}}