{"id":3300,"date":"2021-11-01T13:11:00","date_gmt":"2021-11-01T12:11:00","guid":{"rendered":"https:\/\/kunskapsforbundet.se\/nils-ericsonsgymnasiet\/?page_id=3300"},"modified":"2026-03-25T08:25:33","modified_gmt":"2026-03-25T07:25:33","slug":"bildgalleri","status":"publish","type":"page","link":"https:\/\/kunskapsforbundet.se\/nils-ericsonsgymnasiet\/bildgalleri\/","title":{"rendered":"Bildgalleri"},"content":{"rendered":"\n<div class=\"pages__ingress pb-4 mb-0\"><p>Nyfiken p\u00e5 hur det ser ut i v\u00e5r fina gymnasieskola? Vi har samlat ett bildgalleri med bilder fr\u00e5n v\u00e5ra olika klassrum, aula, idrottsanl\u00e4ggningar, bibliotek och yrkessalar. Se dig g\u00e4rna omkring!<\/p><\/div>\n\n\n\n<figure class=\"wp-block-gallery has-nested-images columns-default is-cropped wp-block-gallery-2 is-layout-flex wp-block-gallery-is-layout-flex\">\n<figure class=\"wp-block-image size-large\"><img loading=\"lazy\" decoding=\"async\" width=\"1024\" height=\"681\" data-id=\"3325\" src=\"https:\/\/kunskapsforbundet.se\/app\/uploads\/sites\/5\/2021\/11\/DSC1894-Redigera-1024x681.jpg\" alt=\"\" class=\"wp-image-3325\" srcset=\"https:\/\/kunskapsforbundet.se\/app\/uploads\/sites\/5\/2021\/11\/DSC1894-Redigera-1024x681.jpg 1024w, https:\/\/kunskapsforbundet.se\/app\/uploads\/sites\/5\/2021\/11\/DSC1894-Redigera-300x200.jpg 300w, https:\/\/kunskapsforbundet.se\/app\/uploads\/sites\/5\/2021\/11\/DSC1894-Redigera-768x511.jpg 768w, https:\/\/kunskapsforbundet.se\/app\/uploads\/sites\/5\/2021\/11\/DSC1894-Redigera-1536x1022.jpg 1536w, https:\/\/kunskapsforbundet.se\/app\/uploads\/sites\/5\/2021\/11\/DSC1894-Redigera-2048x1363.jpg 2048w\" sizes=\"auto, (max-width: 1024px) 100vw, 1024px\" \/><\/figure>\n\n\n\n<figure class=\"wp-block-image size-large\"><img loading=\"lazy\" decoding=\"async\" width=\"1024\" height=\"681\" data-id=\"3324\" src=\"https:\/\/kunskapsforbundet.se\/app\/uploads\/sites\/5\/2021\/11\/DSC1890-Redigera-1024x681.jpg\" alt=\"\" class=\"wp-image-3324\" srcset=\"https:\/\/kunskapsforbundet.se\/app\/uploads\/sites\/5\/2021\/11\/DSC1890-Redigera-1024x681.jpg 1024w, https:\/\/kunskapsforbundet.se\/app\/uploads\/sites\/5\/2021\/11\/DSC1890-Redigera-300x200.jpg 300w, https:\/\/kunskapsforbundet.se\/app\/uploads\/sites\/5\/2021\/11\/DSC1890-Redigera-768x511.jpg 768w, https:\/\/kunskapsforbundet.se\/app\/uploads\/sites\/5\/2021\/11\/DSC1890-Redigera-1536x1022.jpg 1536w, https:\/\/kunskapsforbundet.se\/app\/uploads\/sites\/5\/2021\/11\/DSC1890-Redigera-2048x1363.jpg 2048w\" sizes=\"auto, (max-width: 1024px) 100vw, 1024px\" \/><\/figure>\n\n\n\n<figure class=\"wp-block-image size-large\"><img loading=\"lazy\" decoding=\"async\" width=\"681\" height=\"1024\" data-id=\"3323\" src=\"https:\/\/kunskapsforbundet.se\/app\/uploads\/sites\/5\/2021\/11\/DSC1886-Redigera-681x1024.jpg\" alt=\"\" class=\"wp-image-3323\" srcset=\"https:\/\/kunskapsforbundet.se\/app\/uploads\/sites\/5\/2021\/11\/DSC1886-Redigera-681x1024.jpg 681w, https:\/\/kunskapsforbundet.se\/app\/uploads\/sites\/5\/2021\/11\/DSC1886-Redigera-200x300.jpg 200w, https:\/\/kunskapsforbundet.se\/app\/uploads\/sites\/5\/2021\/11\/DSC1886-Redigera-768x1154.jpg 768w, https:\/\/kunskapsforbundet.se\/app\/uploads\/sites\/5\/2021\/11\/DSC1886-Redigera-1022x1536.jpg 1022w, https:\/\/kunskapsforbundet.se\/app\/uploads\/sites\/5\/2021\/11\/DSC1886-Redigera-1363x2048.jpg 1363w, https:\/\/kunskapsforbundet.se\/app\/uploads\/sites\/5\/2021\/11\/DSC1886-Redigera-scaled.jpg 1703w\" sizes=\"auto, (max-width: 681px) 100vw, 681px\" \/><\/figure>\n\n\n\n<figure class=\"wp-block-image size-large\"><img loading=\"lazy\" decoding=\"async\" width=\"1024\" height=\"684\" data-id=\"3322\" src=\"https:\/\/kunskapsforbundet.se\/app\/uploads\/sites\/5\/2021\/11\/DSC1851-Redigera-1024x684.jpg\" alt=\"\" class=\"wp-image-3322\" srcset=\"https:\/\/kunskapsforbundet.se\/app\/uploads\/sites\/5\/2021\/11\/DSC1851-Redigera-1024x684.jpg 1024w, https:\/\/kunskapsforbundet.se\/app\/uploads\/sites\/5\/2021\/11\/DSC1851-Redigera-300x200.jpg 300w, https:\/\/kunskapsforbundet.se\/app\/uploads\/sites\/5\/2021\/11\/DSC1851-Redigera-768x513.jpg 768w, https:\/\/kunskapsforbundet.se\/app\/uploads\/sites\/5\/2021\/11\/DSC1851-Redigera-1536x1025.jpg 1536w, https:\/\/kunskapsforbundet.se\/app\/uploads\/sites\/5\/2021\/11\/DSC1851-Redigera-2048x1367.jpg 2048w\" sizes=\"auto, (max-width: 1024px) 100vw, 1024px\" \/><\/figure>\n\n\n\n<figure class=\"wp-block-image size-large\"><img loading=\"lazy\" decoding=\"async\" width=\"1024\" height=\"681\" data-id=\"3321\" src=\"https:\/\/kunskapsforbundet.se\/app\/uploads\/sites\/5\/2021\/11\/1SH9808-Redigera-1024x681.jpg\" alt=\"\" class=\"wp-image-3321\" srcset=\"https:\/\/kunskapsforbundet.se\/app\/uploads\/sites\/5\/2021\/11\/1SH9808-Redigera-1024x681.jpg 1024w, https:\/\/kunskapsforbundet.se\/app\/uploads\/sites\/5\/2021\/11\/1SH9808-Redigera-300x200.jpg 300w, https:\/\/kunskapsforbundet.se\/app\/uploads\/sites\/5\/2021\/11\/1SH9808-Redigera-768x511.jpg 768w, https:\/\/kunskapsforbundet.se\/app\/uploads\/sites\/5\/2021\/11\/1SH9808-Redigera-1536x1022.jpg 1536w, https:\/\/kunskapsforbundet.se\/app\/uploads\/sites\/5\/2021\/11\/1SH9808-Redigera-2048x1363.jpg 2048w\" sizes=\"auto, (max-width: 1024px) 100vw, 1024px\" \/><\/figure>\n\n\n\n<figure class=\"wp-block-image size-large\"><img loading=\"lazy\" decoding=\"async\" width=\"1024\" height=\"681\" data-id=\"3320\" src=\"https:\/\/kunskapsforbundet.se\/app\/uploads\/sites\/5\/2021\/11\/1SH9723-Redigera-1024x681.jpg\" alt=\"\" class=\"wp-image-3320\" srcset=\"https:\/\/kunskapsforbundet.se\/app\/uploads\/sites\/5\/2021\/11\/1SH9723-Redigera-1024x681.jpg 1024w, https:\/\/kunskapsforbundet.se\/app\/uploads\/sites\/5\/2021\/11\/1SH9723-Redigera-300x200.jpg 300w, https:\/\/kunskapsforbundet.se\/app\/uploads\/sites\/5\/2021\/11\/1SH9723-Redigera-768x511.jpg 768w, https:\/\/kunskapsforbundet.se\/app\/uploads\/sites\/5\/2021\/11\/1SH9723-Redigera-1536x1022.jpg 1536w, https:\/\/kunskapsforbundet.se\/app\/uploads\/sites\/5\/2021\/11\/1SH9723-Redigera-2048x1363.jpg 2048w\" sizes=\"auto, (max-width: 1024px) 100vw, 1024px\" \/><\/figure>\n\n\n\n<figure class=\"wp-block-image size-large\"><img loading=\"lazy\" decoding=\"async\" width=\"1024\" height=\"681\" data-id=\"3319\" src=\"https:\/\/kunskapsforbundet.se\/app\/uploads\/sites\/5\/2021\/11\/1SH9241-Redigera-1024x681.jpg\" alt=\"\" class=\"wp-image-3319\" srcset=\"https:\/\/kunskapsforbundet.se\/app\/uploads\/sites\/5\/2021\/11\/1SH9241-Redigera-1024x681.jpg 1024w, https:\/\/kunskapsforbundet.se\/app\/uploads\/sites\/5\/2021\/11\/1SH9241-Redigera-300x200.jpg 300w, https:\/\/kunskapsforbundet.se\/app\/uploads\/sites\/5\/2021\/11\/1SH9241-Redigera-768x511.jpg 768w, https:\/\/kunskapsforbundet.se\/app\/uploads\/sites\/5\/2021\/11\/1SH9241-Redigera-1536x1022.jpg 1536w, https:\/\/kunskapsforbundet.se\/app\/uploads\/sites\/5\/2021\/11\/1SH9241-Redigera-2048x1363.jpg 2048w\" sizes=\"auto, (max-width: 1024px) 100vw, 1024px\" \/><\/figure>\n\n\n\n<figure class=\"wp-block-image size-large\"><img loading=\"lazy\" decoding=\"async\" width=\"1024\" height=\"681\" data-id=\"3318\" src=\"https:\/\/kunskapsforbundet.se\/app\/uploads\/sites\/5\/2021\/11\/1SH9217-Redigera-1024x681.jpg\" alt=\"\" class=\"wp-image-3318\" srcset=\"https:\/\/kunskapsforbundet.se\/app\/uploads\/sites\/5\/2021\/11\/1SH9217-Redigera-1024x681.jpg 1024w, https:\/\/kunskapsforbundet.se\/app\/uploads\/sites\/5\/2021\/11\/1SH9217-Redigera-300x200.jpg 300w, https:\/\/kunskapsforbundet.se\/app\/uploads\/sites\/5\/2021\/11\/1SH9217-Redigera-768x511.jpg 768w, https:\/\/kunskapsforbundet.se\/app\/uploads\/sites\/5\/2021\/11\/1SH9217-Redigera-1536x1022.jpg 1536w, https:\/\/kunskapsforbundet.se\/app\/uploads\/sites\/5\/2021\/11\/1SH9217-Redigera-2048x1363.jpg 2048w\" sizes=\"auto, (max-width: 1024px) 100vw, 1024px\" \/><\/figure>\n\n\n\n<figure class=\"wp-block-image size-large\"><img loading=\"lazy\" decoding=\"async\" width=\"1024\" height=\"681\" data-id=\"3317\" src=\"https:\/\/kunskapsforbundet.se\/app\/uploads\/sites\/5\/2021\/11\/1SH8425-Redigera-1024x681.jpg\" alt=\"\" class=\"wp-image-3317\" srcset=\"https:\/\/kunskapsforbundet.se\/app\/uploads\/sites\/5\/2021\/11\/1SH8425-Redigera-1024x681.jpg 1024w, https:\/\/kunskapsforbundet.se\/app\/uploads\/sites\/5\/2021\/11\/1SH8425-Redigera-300x200.jpg 300w, https:\/\/kunskapsforbundet.se\/app\/uploads\/sites\/5\/2021\/11\/1SH8425-Redigera-768x511.jpg 768w, https:\/\/kunskapsforbundet.se\/app\/uploads\/sites\/5\/2021\/11\/1SH8425-Redigera-1536x1022.jpg 1536w, https:\/\/kunskapsforbundet.se\/app\/uploads\/sites\/5\/2021\/11\/1SH8425-Redigera-2048x1363.jpg 2048w\" sizes=\"auto, (max-width: 1024px) 100vw, 1024px\" \/><\/figure>\n\n\n\n<figure class=\"wp-block-image size-large\"><img loading=\"lazy\" decoding=\"async\" width=\"1024\" height=\"681\" data-id=\"3316\" src=\"https:\/\/kunskapsforbundet.se\/app\/uploads\/sites\/5\/2021\/11\/1SH8421-Redigera-1024x681.jpg\" alt=\"\" class=\"wp-image-3316\" srcset=\"https:\/\/kunskapsforbundet.se\/app\/uploads\/sites\/5\/2021\/11\/1SH8421-Redigera-1024x681.jpg 1024w, https:\/\/kunskapsforbundet.se\/app\/uploads\/sites\/5\/2021\/11\/1SH8421-Redigera-300x200.jpg 300w, https:\/\/kunskapsforbundet.se\/app\/uploads\/sites\/5\/2021\/11\/1SH8421-Redigera-768x511.jpg 768w, https:\/\/kunskapsforbundet.se\/app\/uploads\/sites\/5\/2021\/11\/1SH8421-Redigera-1536x1022.jpg 1536w, https:\/\/kunskapsforbundet.se\/app\/uploads\/sites\/5\/2021\/11\/1SH8421-Redigera-2048x1363.jpg 2048w\" sizes=\"auto, (max-width: 1024px) 100vw, 1024px\" \/><\/figure>\n\n\n\n<figure class=\"wp-block-image size-large\"><img loading=\"lazy\" decoding=\"async\" width=\"1024\" height=\"681\" data-id=\"3315\" src=\"https:\/\/kunskapsforbundet.se\/app\/uploads\/sites\/5\/2021\/11\/1SH8400-Redigera-1024x681.jpg\" alt=\"\" class=\"wp-image-3315\" srcset=\"https:\/\/kunskapsforbundet.se\/app\/uploads\/sites\/5\/2021\/11\/1SH8400-Redigera-1024x681.jpg 1024w, https:\/\/kunskapsforbundet.se\/app\/uploads\/sites\/5\/2021\/11\/1SH8400-Redigera-300x200.jpg 300w, https:\/\/kunskapsforbundet.se\/app\/uploads\/sites\/5\/2021\/11\/1SH8400-Redigera-768x511.jpg 768w, https:\/\/kunskapsforbundet.se\/app\/uploads\/sites\/5\/2021\/11\/1SH8400-Redigera-1536x1022.jpg 1536w, https:\/\/kunskapsforbundet.se\/app\/uploads\/sites\/5\/2021\/11\/1SH8400-Redigera-2048x1363.jpg 2048w\" sizes=\"auto, (max-width: 1024px) 100vw, 1024px\" \/><\/figure>\n\n\n\n<figure class=\"wp-block-image size-large\"><img loading=\"lazy\" decoding=\"async\" width=\"1024\" height=\"681\" data-id=\"3314\" src=\"https:\/\/kunskapsforbundet.se\/app\/uploads\/sites\/5\/2021\/11\/1SH8379-Redigera-1024x681.jpg\" alt=\"\" class=\"wp-image-3314\" srcset=\"https:\/\/kunskapsforbundet.se\/app\/uploads\/sites\/5\/2021\/11\/1SH8379-Redigera-1024x681.jpg 1024w, https:\/\/kunskapsforbundet.se\/app\/uploads\/sites\/5\/2021\/11\/1SH8379-Redigera-300x200.jpg 300w, https:\/\/kunskapsforbundet.se\/app\/uploads\/sites\/5\/2021\/11\/1SH8379-Redigera-768x511.jpg 768w, https:\/\/kunskapsforbundet.se\/app\/uploads\/sites\/5\/2021\/11\/1SH8379-Redigera-1536x1022.jpg 1536w, https:\/\/kunskapsforbundet.se\/app\/uploads\/sites\/5\/2021\/11\/1SH8379-Redigera-2048x1363.jpg 2048w\" sizes=\"auto, (max-width: 1024px) 100vw, 1024px\" \/><\/figure>\n\n\n\n<figure class=\"wp-block-image size-large\"><img loading=\"lazy\" decoding=\"async\" width=\"1024\" height=\"681\" data-id=\"3308\" src=\"https:\/\/kunskapsforbundet.se\/app\/uploads\/sites\/5\/2021\/11\/1SH8300-Redigera-1024x681.jpg\" alt=\"\" class=\"wp-image-3308\" srcset=\"https:\/\/kunskapsforbundet.se\/app\/uploads\/sites\/5\/2021\/11\/1SH8300-Redigera-1024x681.jpg 1024w, https:\/\/kunskapsforbundet.se\/app\/uploads\/sites\/5\/2021\/11\/1SH8300-Redigera-300x200.jpg 300w, https:\/\/kunskapsforbundet.se\/app\/uploads\/sites\/5\/2021\/11\/1SH8300-Redigera-768x511.jpg 768w, https:\/\/kunskapsforbundet.se\/app\/uploads\/sites\/5\/2021\/11\/1SH8300-Redigera-1536x1022.jpg 1536w, https:\/\/kunskapsforbundet.se\/app\/uploads\/sites\/5\/2021\/11\/1SH8300-Redigera-2048x1363.jpg 2048w\" sizes=\"auto, (max-width: 1024px) 100vw, 1024px\" \/><\/figure>\n\n\n\n<figure class=\"wp-block-image size-large\"><img loading=\"lazy\" decoding=\"async\" width=\"1024\" height=\"681\" data-id=\"3309\" src=\"https:\/\/kunskapsforbundet.se\/app\/uploads\/sites\/5\/2021\/11\/1SH8302-Redigera-1024x681.jpg\" alt=\"\" class=\"wp-image-3309\" srcset=\"https:\/\/kunskapsforbundet.se\/app\/uploads\/sites\/5\/2021\/11\/1SH8302-Redigera-1024x681.jpg 1024w, https:\/\/kunskapsforbundet.se\/app\/uploads\/sites\/5\/2021\/11\/1SH8302-Redigera-300x200.jpg 300w, https:\/\/kunskapsforbundet.se\/app\/uploads\/sites\/5\/2021\/11\/1SH8302-Redigera-768x511.jpg 768w, https:\/\/kunskapsforbundet.se\/app\/uploads\/sites\/5\/2021\/11\/1SH8302-Redigera-1536x1022.jpg 1536w, https:\/\/kunskapsforbundet.se\/app\/uploads\/sites\/5\/2021\/11\/1SH8302-Redigera-2048x1363.jpg 2048w\" sizes=\"auto, (max-width: 1024px) 100vw, 1024px\" \/><\/figure>\n\n\n\n<figure class=\"wp-block-image size-large\"><img loading=\"lazy\" decoding=\"async\" width=\"1024\" height=\"681\" data-id=\"3310\" src=\"https:\/\/kunskapsforbundet.se\/app\/uploads\/sites\/5\/2021\/11\/1SH8314-Redigera-1024x681.jpg\" alt=\"\" class=\"wp-image-3310\" srcset=\"https:\/\/kunskapsforbundet.se\/app\/uploads\/sites\/5\/2021\/11\/1SH8314-Redigera-1024x681.jpg 1024w, https:\/\/kunskapsforbundet.se\/app\/uploads\/sites\/5\/2021\/11\/1SH8314-Redigera-300x200.jpg 300w, https:\/\/kunskapsforbundet.se\/app\/uploads\/sites\/5\/2021\/11\/1SH8314-Redigera-768x511.jpg 768w, https:\/\/kunskapsforbundet.se\/app\/uploads\/sites\/5\/2021\/11\/1SH8314-Redigera-1536x1022.jpg 1536w, https:\/\/kunskapsforbundet.se\/app\/uploads\/sites\/5\/2021\/11\/1SH8314-Redigera-2048x1363.jpg 2048w\" sizes=\"auto, (max-width: 1024px) 100vw, 1024px\" \/><\/figure>\n\n\n\n<figure class=\"wp-block-image size-large\"><img loading=\"lazy\" decoding=\"async\" width=\"1024\" height=\"681\" data-id=\"3311\" src=\"https:\/\/kunskapsforbundet.se\/app\/uploads\/sites\/5\/2021\/11\/1SH8323-Redigera-1024x681.jpg\" alt=\"\" class=\"wp-image-3311\" srcset=\"https:\/\/kunskapsforbundet.se\/app\/uploads\/sites\/5\/2021\/11\/1SH8323-Redigera-1024x681.jpg 1024w, https:\/\/kunskapsforbundet.se\/app\/uploads\/sites\/5\/2021\/11\/1SH8323-Redigera-300x200.jpg 300w, https:\/\/kunskapsforbundet.se\/app\/uploads\/sites\/5\/2021\/11\/1SH8323-Redigera-768x511.jpg 768w, https:\/\/kunskapsforbundet.se\/app\/uploads\/sites\/5\/2021\/11\/1SH8323-Redigera-1536x1022.jpg 1536w, https:\/\/kunskapsforbundet.se\/app\/uploads\/sites\/5\/2021\/11\/1SH8323-Redigera-2048x1363.jpg 2048w\" sizes=\"auto, (max-width: 1024px) 100vw, 1024px\" \/><\/figure>\n\n\n\n<figure class=\"wp-block-image size-large\"><img loading=\"lazy\" decoding=\"async\" width=\"1024\" height=\"681\" data-id=\"3312\" src=\"https:\/\/kunskapsforbundet.se\/app\/uploads\/sites\/5\/2021\/11\/1SH8343-Redigera-1024x681.jpg\" alt=\"\" class=\"wp-image-3312\" srcset=\"https:\/\/kunskapsforbundet.se\/app\/uploads\/sites\/5\/2021\/11\/1SH8343-Redigera-1024x681.jpg 1024w, https:\/\/kunskapsforbundet.se\/app\/uploads\/sites\/5\/2021\/11\/1SH8343-Redigera-300x200.jpg 300w, https:\/\/kunskapsforbundet.se\/app\/uploads\/sites\/5\/2021\/11\/1SH8343-Redigera-768x511.jpg 768w, https:\/\/kunskapsforbundet.se\/app\/uploads\/sites\/5\/2021\/11\/1SH8343-Redigera-1536x1022.jpg 1536w, https:\/\/kunskapsforbundet.se\/app\/uploads\/sites\/5\/2021\/11\/1SH8343-Redigera-2048x1363.jpg 2048w\" sizes=\"auto, (max-width: 1024px) 100vw, 1024px\" \/><\/figure>\n\n\n\n<figure class=\"wp-block-image size-large\"><img loading=\"lazy\" decoding=\"async\" width=\"1024\" height=\"681\" data-id=\"3313\" src=\"https:\/\/kunskapsforbundet.se\/app\/uploads\/sites\/5\/2021\/11\/1SH8358-Redigera-1024x681.jpg\" alt=\"\" class=\"wp-image-3313\" srcset=\"https:\/\/kunskapsforbundet.se\/app\/uploads\/sites\/5\/2021\/11\/1SH8358-Redigera-1024x681.jpg 1024w, https:\/\/kunskapsforbundet.se\/app\/uploads\/sites\/5\/2021\/11\/1SH8358-Redigera-300x200.jpg 300w, https:\/\/kunskapsforbundet.se\/app\/uploads\/sites\/5\/2021\/11\/1SH8358-Redigera-768x511.jpg 768w, https:\/\/kunskapsforbundet.se\/app\/uploads\/sites\/5\/2021\/11\/1SH8358-Redigera-1536x1022.jpg 1536w, https:\/\/kunskapsforbundet.se\/app\/uploads\/sites\/5\/2021\/11\/1SH8358-Redigera-2048x1363.jpg 2048w\" sizes=\"auto, (max-width: 1024px) 100vw, 1024px\" \/><\/figure>\n\n\n\n<figure class=\"wp-block-image size-large\"><img loading=\"lazy\" decoding=\"async\" width=\"1024\" height=\"681\" data-id=\"3307\" src=\"https:\/\/kunskapsforbundet.se\/app\/uploads\/sites\/5\/2021\/11\/1SH8293-Redigera-1024x681.jpg\" alt=\"\" class=\"wp-image-3307\" srcset=\"https:\/\/kunskapsforbundet.se\/app\/uploads\/sites\/5\/2021\/11\/1SH8293-Redigera-1024x681.jpg 1024w, https:\/\/kunskapsforbundet.se\/app\/uploads\/sites\/5\/2021\/11\/1SH8293-Redigera-300x200.jpg 300w, https:\/\/kunskapsforbundet.se\/app\/uploads\/sites\/5\/2021\/11\/1SH8293-Redigera-768x511.jpg 768w, https:\/\/kunskapsforbundet.se\/app\/uploads\/sites\/5\/2021\/11\/1SH8293-Redigera-1536x1022.jpg 1536w, https:\/\/kunskapsforbundet.se\/app\/uploads\/sites\/5\/2021\/11\/1SH8293-Redigera-2048x1363.jpg 2048w\" sizes=\"auto, (max-width: 1024px) 100vw, 1024px\" \/><\/figure>\n\n\n\n<figure class=\"wp-block-image size-large\"><img loading=\"lazy\" decoding=\"async\" width=\"1024\" height=\"681\" data-id=\"3306\" src=\"https:\/\/kunskapsforbundet.se\/app\/uploads\/sites\/5\/2021\/11\/1SH8282-Redigera-1024x681.jpg\" alt=\"\" class=\"wp-image-3306\" srcset=\"https:\/\/kunskapsforbundet.se\/app\/uploads\/sites\/5\/2021\/11\/1SH8282-Redigera-1024x681.jpg 1024w, https:\/\/kunskapsforbundet.se\/app\/uploads\/sites\/5\/2021\/11\/1SH8282-Redigera-300x200.jpg 300w, https:\/\/kunskapsforbundet.se\/app\/uploads\/sites\/5\/2021\/11\/1SH8282-Redigera-768x511.jpg 768w, https:\/\/kunskapsforbundet.se\/app\/uploads\/sites\/5\/2021\/11\/1SH8282-Redigera-1536x1022.jpg 1536w, https:\/\/kunskapsforbundet.se\/app\/uploads\/sites\/5\/2021\/11\/1SH8282-Redigera-2048x1363.jpg 2048w\" sizes=\"auto, (max-width: 1024px) 100vw, 1024px\" \/><\/figure>\n\n\n\n<figure class=\"wp-block-image size-large\"><img loading=\"lazy\" decoding=\"async\" width=\"1024\" height=\"681\" data-id=\"3305\" src=\"https:\/\/kunskapsforbundet.se\/app\/uploads\/sites\/5\/2021\/11\/1SH8261-Redigera-1024x681.jpg\" alt=\"\" class=\"wp-image-3305\" srcset=\"https:\/\/kunskapsforbundet.se\/app\/uploads\/sites\/5\/2021\/11\/1SH8261-Redigera-1024x681.jpg 1024w, https:\/\/kunskapsforbundet.se\/app\/uploads\/sites\/5\/2021\/11\/1SH8261-Redigera-300x200.jpg 300w, https:\/\/kunskapsforbundet.se\/app\/uploads\/sites\/5\/2021\/11\/1SH8261-Redigera-768x511.jpg 768w, https:\/\/kunskapsforbundet.se\/app\/uploads\/sites\/5\/2021\/11\/1SH8261-Redigera-1536x1022.jpg 1536w, https:\/\/kunskapsforbundet.se\/app\/uploads\/sites\/5\/2021\/11\/1SH8261-Redigera-2048x1363.jpg 2048w\" sizes=\"auto, (max-width: 1024px) 100vw, 1024px\" \/><\/figure>\n\n\n\n<figure class=\"wp-block-image size-large\"><img loading=\"lazy\" decoding=\"async\" width=\"1024\" height=\"681\" data-id=\"3304\" src=\"https:\/\/kunskapsforbundet.se\/app\/uploads\/sites\/5\/2021\/11\/1SH8259-Redigera-1024x681.jpg\" alt=\"\" class=\"wp-image-3304\" srcset=\"https:\/\/kunskapsforbundet.se\/app\/uploads\/sites\/5\/2021\/11\/1SH8259-Redigera-1024x681.jpg 1024w, https:\/\/kunskapsforbundet.se\/app\/uploads\/sites\/5\/2021\/11\/1SH8259-Redigera-300x200.jpg 300w, https:\/\/kunskapsforbundet.se\/app\/uploads\/sites\/5\/2021\/11\/1SH8259-Redigera-768x511.jpg 768w, https:\/\/kunskapsforbundet.se\/app\/uploads\/sites\/5\/2021\/11\/1SH8259-Redigera-1536x1022.jpg 1536w, https:\/\/kunskapsforbundet.se\/app\/uploads\/sites\/5\/2021\/11\/1SH8259-Redigera-2048x1363.jpg 2048w\" sizes=\"auto, (max-width: 1024px) 100vw, 1024px\" \/><\/figure>\n\n\n\n<figure class=\"wp-block-image size-large\"><img loading=\"lazy\" decoding=\"async\" width=\"1024\" height=\"681\" data-id=\"3303\" src=\"https:\/\/kunskapsforbundet.se\/app\/uploads\/sites\/5\/2021\/11\/1SH8252-Redigera-1024x681.jpg\" alt=\"\" class=\"wp-image-3303\" srcset=\"https:\/\/kunskapsforbundet.se\/app\/uploads\/sites\/5\/2021\/11\/1SH8252-Redigera-1024x681.jpg 1024w, https:\/\/kunskapsforbundet.se\/app\/uploads\/sites\/5\/2021\/11\/1SH8252-Redigera-300x200.jpg 300w, https:\/\/kunskapsforbundet.se\/app\/uploads\/sites\/5\/2021\/11\/1SH8252-Redigera-768x511.jpg 768w, https:\/\/kunskapsforbundet.se\/app\/uploads\/sites\/5\/2021\/11\/1SH8252-Redigera-1536x1022.jpg 1536w, https:\/\/kunskapsforbundet.se\/app\/uploads\/sites\/5\/2021\/11\/1SH8252-Redigera-2048x1363.jpg 2048w\" sizes=\"auto, (max-width: 1024px) 100vw, 1024px\" \/><\/figure>\n\n\n\n<figure class=\"wp-block-image size-large\"><img loading=\"lazy\" decoding=\"async\" width=\"1024\" height=\"681\" data-id=\"3302\" src=\"https:\/\/kunskapsforbundet.se\/app\/uploads\/sites\/5\/2021\/11\/1SH8244-Redigera-1024x681.jpg\" alt=\"\" class=\"wp-image-3302\" srcset=\"https:\/\/kunskapsforbundet.se\/app\/uploads\/sites\/5\/2021\/11\/1SH8244-Redigera-1024x681.jpg 1024w, https:\/\/kunskapsforbundet.se\/app\/uploads\/sites\/5\/2021\/11\/1SH8244-Redigera-300x200.jpg 300w, https:\/\/kunskapsforbundet.se\/app\/uploads\/sites\/5\/2021\/11\/1SH8244-Redigera-768x511.jpg 768w, https:\/\/kunskapsforbundet.se\/app\/uploads\/sites\/5\/2021\/11\/1SH8244-Redigera-1536x1022.jpg 1536w, https:\/\/kunskapsforbundet.se\/app\/uploads\/sites\/5\/2021\/11\/1SH8244-Redigera-2048x1363.jpg 2048w\" sizes=\"auto, (max-width: 1024px) 100vw, 1024px\" \/><\/figure>\n\n\n\n<figure class=\"wp-block-image size-large\"><img loading=\"lazy\" decoding=\"async\" width=\"1024\" height=\"681\" data-id=\"3301\" src=\"https:\/\/kunskapsforbundet.se\/app\/uploads\/sites\/5\/2021\/11\/1SH8239-Redigera-1024x681.jpg\" alt=\"\" class=\"wp-image-3301\" srcset=\"https:\/\/kunskapsforbundet.se\/app\/uploads\/sites\/5\/2021\/11\/1SH8239-Redigera-1024x681.jpg 1024w, https:\/\/kunskapsforbundet.se\/app\/uploads\/sites\/5\/2021\/11\/1SH8239-Redigera-300x200.jpg 300w, https:\/\/kunskapsforbundet.se\/app\/uploads\/sites\/5\/2021\/11\/1SH8239-Redigera-768x511.jpg 768w, https:\/\/kunskapsforbundet.se\/app\/uploads\/sites\/5\/2021\/11\/1SH8239-Redigera-1536x1022.jpg 1536w, https:\/\/kunskapsforbundet.se\/app\/uploads\/sites\/5\/2021\/11\/1SH8239-Redigera-2048x1363.jpg 2048w\" sizes=\"auto, (max-width: 1024px) 100vw, 1024px\" \/><\/figure>\n<\/figure>\n","protected":false},"excerpt":{"rendered":"","protected":false},"author":34,"featured_media":0,"parent":0,"menu_order":0,"comment_status":"closed","ping_status":"closed","template":"","meta":{"_acf_changed":false,"footnotes":""},"class_list":["post-3300","page","type-page","status-publish","hentry"],"acf":[],"_links":{"self":[{"href":"https:\/\/kunskapsforbundet.se\/nils-ericsonsgymnasiet\/wp-json\/wp\/v2\/pages\/3300","targetHints":{"allow":["GET"]}}],"collection":[{"href":"https:\/\/kunskapsforbundet.se\/nils-ericsonsgymnasiet\/wp-json\/wp\/v2\/pages"}],"about":[{"href":"https:\/\/kunskapsforbundet.se\/nils-ericsonsgymnasiet\/wp-json\/wp\/v2\/types\/page"}],"author":[{"embeddable":true,"href":"https:\/\/kunskapsforbundet.se\/nils-ericsonsgymnasiet\/wp-json\/wp\/v2\/users\/34"}],"replies":[{"embeddable":true,"href":"https:\/\/kunskapsforbundet.se\/nils-ericsonsgymnasiet\/wp-json\/wp\/v2\/comments?post=3300"}],"version-history":[{"count":4,"href":"https:\/\/kunskapsforbundet.se\/nils-ericsonsgymnasiet\/wp-json\/wp\/v2\/pages\/3300\/revisions"}],"predecessor-version":[{"id":6421,"href":"https:\/\/kunskapsforbundet.se\/nils-ericsonsgymnasiet\/wp-json\/wp\/v2\/pages\/3300\/revisions\/6421"}],"wp:attachment":[{"href":"https:\/\/kunskapsforbundet.se\/nils-ericsonsgymnasiet\/wp-json\/wp\/v2\/media?parent=3300"}],"curies":[{"name":"wp","href":"https:\/\/api.w.org\/{rel}","templated":true}]}}