{"id":287,"date":"2014-09-19T15:25:52","date_gmt":"2014-09-19T13:25:52","guid":{"rendered":"https:\/\/www.kunskapsforbundet.se\/nils-ericsonsgymnasiet\/?page_id=287"},"modified":"2022-10-04T11:55:34","modified_gmt":"2022-10-04T09:55:34","slug":"studie-och-yrkesvagledning","status":"publish","type":"page","link":"https:\/\/kunskapsforbundet.se\/nils-ericsonsgymnasiet\/studie-och-yrkesvagledning\/","title":{"rendered":"Studie- och yrkesv\u00e4gledning"},"content":{"rendered":"\n<div class=\"pages__ingress pb-4 mb-0\"><p>Nils Ericsonsgymnasiet har flera studie- och yrkesv\u00e4gledare som du kan kontakta f\u00f6r v\u00e4gledning kring fr\u00e5gor om de olika gymnasieprogrammen och deras kurser.<\/p><\/div>\n\n\n<p>Studie- och yrkesv\u00e4gledare&nbsp;ansvarar f\u00f6r studie- och yrkesv\u00e4gledningen i gymnasieskolan genom att:<\/p>\n<ul>\n<li>delta i skolans arbete med att st\u00e4rka elevernas sj\u00e4lvk\u00e4nnedom s\u00e5 att de kan fatta v\u00e4l underbyggda beslut om framtida studier och arbetsliv utifr\u00e5n sina egna f\u00f6ruts\u00e4ttningar<\/li>\n<li>ha kvalificerade individuella v\u00e4gledningssamtal och ge information i klasser, grupper och enskilt<\/li>\n<li>ge informationsst\u00f6d till \u00f6vrig personal vad g\u00e4ller skola, studier och arbetsliv<\/li>\n<li>ge medicinsk studie- och yrkesv\u00e4gledning i samarbete med skolh\u00e4lsov\u00e5rden<\/li>\n<li>samverka med andra skolformer, utbildningsf\u00f6retag, arbetsf\u00f6rmedling och f\u00f6rvaltningar<\/li>\n<\/ul>\n<p>Elever som vill byta program eller avbryta studierna ska alltid kontakta studie- och yrkesv\u00e4gledaren.&nbsp;V\u00e5rdnadshavare och elever \u00e4r ut\u00f6ver det alltid v\u00e4lkomna att boka personliga samtal med studie- och yrkesv\u00e4gledaren.<\/p>","protected":false},"excerpt":{"rendered":"<p>Studie- och yrkesv\u00e4gledare&nbsp;ansvarar f\u00f6r studie- och yrkesv\u00e4gledningen i gymnasieskolan genom att: delta i skolans arbete med att st\u00e4rka elevernas sj\u00e4lvk\u00e4nnedom s\u00e5 att de kan fatta v\u00e4l underbyggda beslut om framtida studier och arbetsliv utifr\u00e5n sina egna f\u00f6ruts\u00e4ttningar ha kvalificerade individuella v\u00e4gledningssamtal och ge information i klasser, grupper och enskilt ge informationsst\u00f6d till \u00f6vrig personal vad [&hellip;]<\/p>\n","protected":false},"author":6,"featured_media":3070,"parent":0,"menu_order":0,"comment_status":"closed","ping_status":"closed","template":"","meta":{"_acf_changed":false,"footnotes":""},"class_list":["post-287","page","type-page","status-publish","has-post-thumbnail","hentry"],"acf":[],"_links":{"self":[{"href":"https:\/\/kunskapsforbundet.se\/nils-ericsonsgymnasiet\/wp-json\/wp\/v2\/pages\/287","targetHints":{"allow":["GET"]}}],"collection":[{"href":"https:\/\/kunskapsforbundet.se\/nils-ericsonsgymnasiet\/wp-json\/wp\/v2\/pages"}],"about":[{"href":"https:\/\/kunskapsforbundet.se\/nils-ericsonsgymnasiet\/wp-json\/wp\/v2\/types\/page"}],"author":[{"embeddable":true,"href":"https:\/\/kunskapsforbundet.se\/nils-ericsonsgymnasiet\/wp-json\/wp\/v2\/users\/6"}],"replies":[{"embeddable":true,"href":"https:\/\/kunskapsforbundet.se\/nils-ericsonsgymnasiet\/wp-json\/wp\/v2\/comments?post=287"}],"version-history":[{"count":10,"href":"https:\/\/kunskapsforbundet.se\/nils-ericsonsgymnasiet\/wp-json\/wp\/v2\/pages\/287\/revisions"}],"predecessor-version":[{"id":3569,"href":"https:\/\/kunskapsforbundet.se\/nils-ericsonsgymnasiet\/wp-json\/wp\/v2\/pages\/287\/revisions\/3569"}],"wp:featuredmedia":[{"embeddable":true,"href":"https:\/\/kunskapsforbundet.se\/nils-ericsonsgymnasiet\/wp-json\/wp\/v2\/media\/3070"}],"wp:attachment":[{"href":"https:\/\/kunskapsforbundet.se\/nils-ericsonsgymnasiet\/wp-json\/wp\/v2\/media?parent=287"}],"curies":[{"name":"wp","href":"https:\/\/api.w.org\/{rel}","templated":true}]}}