{"id":282,"date":"2014-09-19T15:21:07","date_gmt":"2014-09-19T13:21:07","guid":{"rendered":"https:\/\/www.kunskapsforbundet.se\/nils-ericsonsgymnasiet\/?page_id=282"},"modified":"2023-08-10T14:38:41","modified_gmt":"2023-08-10T12:38:41","slug":"elevhalsan","status":"publish","type":"page","link":"https:\/\/kunskapsforbundet.se\/nils-ericsonsgymnasiet\/elevhalsan\/","title":{"rendered":"Elevh\u00e4lsan"},"content":{"rendered":"\n<div class=\"pages__ingress pb-4 mb-0\"><p>P\u00e5 Nils Ericsonsgymnasiets elevh\u00e4lsa arbetar skolsk\u00f6terskor, skolpsykolog, skolkuratorer och specialpedagoger.<\/p><\/div>\n\n\n<p>Vi arbetar med att st\u00f6dja v\u00e5ra elever i medicinska, psykosociala och pedagogiska fr\u00e5gor. Tillsammans med elevens studiehandledare, studie- och yrkesv\u00e4gledare och rektor har vi ansvar f\u00f6r elevh\u00e4lsoarbetet. V\u00e5rt m\u00e5l \u00e4r att tillsammans skapa goda m\u00f6jligheter f\u00f6r varje elevs l\u00e4rande och utveckling.<\/p>\n<p>P\u00e5 elevh\u00e4lsan arbetar vi utifr\u00e5n en helhetssyn d\u00e4r vi ser elevens hela n\u00e4tverk som en resurs. Detta f\u00f6ruts\u00e4tter ett n\u00e4ra samarbete med eleven och dennes f\u00f6r\u00e4ldrar, skolpersonal samt externa samarbetspartners&nbsp;till exempelvis&nbsp;grundskolan, socialtj\u00e4nsten och ungdomsmottagningen.<\/p>\n<p>Elevh\u00e4lsan kan ses som elevens egen f\u00f6retagsh\u00e4lsov\u00e5rd. Liksom f\u00f6retagsh\u00e4lsov\u00e5rden arbetar vi b\u00e5de f\u00f6rebyggande och med att l\u00f6sa olika typer av problem som kan uppst\u00e5.<\/p>\n<p>Som elev eller f\u00f6r\u00e4lder \u00e4r du alltid v\u00e4lkommen att s\u00f6ka upp oss och be om hj\u00e4lp. V\u00e5r uppgift \u00e4r att p\u00e5 b\u00e4sta s\u00e4tt f\u00f6rmedla det st\u00f6d och den hj\u00e4lp som beh\u00f6vs.<\/p>","protected":false},"excerpt":{"rendered":"<p>Vi arbetar med att st\u00f6dja v\u00e5ra elever i medicinska, psykosociala och pedagogiska fr\u00e5gor. Tillsammans med elevens studiehandledare, studie- och yrkesv\u00e4gledare och rektor har vi ansvar f\u00f6r elevh\u00e4lsoarbetet. V\u00e5rt m\u00e5l \u00e4r att tillsammans skapa goda m\u00f6jligheter f\u00f6r varje elevs l\u00e4rande och utveckling. P\u00e5 elevh\u00e4lsan arbetar vi utifr\u00e5n en helhetssyn d\u00e4r vi ser elevens hela n\u00e4tverk som [&hellip;]<\/p>\n","protected":false},"author":6,"featured_media":3074,"parent":0,"menu_order":0,"comment_status":"closed","ping_status":"closed","template":"","meta":{"_acf_changed":false,"footnotes":""},"class_list":["post-282","page","type-page","status-publish","has-post-thumbnail","hentry"],"acf":[],"_links":{"self":[{"href":"https:\/\/kunskapsforbundet.se\/nils-ericsonsgymnasiet\/wp-json\/wp\/v2\/pages\/282","targetHints":{"allow":["GET"]}}],"collection":[{"href":"https:\/\/kunskapsforbundet.se\/nils-ericsonsgymnasiet\/wp-json\/wp\/v2\/pages"}],"about":[{"href":"https:\/\/kunskapsforbundet.se\/nils-ericsonsgymnasiet\/wp-json\/wp\/v2\/types\/page"}],"author":[{"embeddable":true,"href":"https:\/\/kunskapsforbundet.se\/nils-ericsonsgymnasiet\/wp-json\/wp\/v2\/users\/6"}],"replies":[{"embeddable":true,"href":"https:\/\/kunskapsforbundet.se\/nils-ericsonsgymnasiet\/wp-json\/wp\/v2\/comments?post=282"}],"version-history":[{"count":25,"href":"https:\/\/kunskapsforbundet.se\/nils-ericsonsgymnasiet\/wp-json\/wp\/v2\/pages\/282\/revisions"}],"predecessor-version":[{"id":3772,"href":"https:\/\/kunskapsforbundet.se\/nils-ericsonsgymnasiet\/wp-json\/wp\/v2\/pages\/282\/revisions\/3772"}],"wp:featuredmedia":[{"embeddable":true,"href":"https:\/\/kunskapsforbundet.se\/nils-ericsonsgymnasiet\/wp-json\/wp\/v2\/media\/3074"}],"wp:attachment":[{"href":"https:\/\/kunskapsforbundet.se\/nils-ericsonsgymnasiet\/wp-json\/wp\/v2\/media?parent=282"}],"curies":[{"name":"wp","href":"https:\/\/api.w.org\/{rel}","templated":true}]}}