{"id":2475,"date":"2020-12-23T11:17:30","date_gmt":"2020-12-23T10:17:30","guid":{"rendered":"https:\/\/www.kunskapsforbundet.se\/nils-ericsonsgymnasiet\/?page_id=2475"},"modified":"2025-04-11T08:14:37","modified_gmt":"2025-04-11T06:14:37","slug":"internationalisering","status":"publish","type":"page","link":"https:\/\/kunskapsforbundet.se\/nils-ericsonsgymnasiet\/internationalisering\/","title":{"rendered":"Internationalisering"},"content":{"rendered":"\n<div class=\"pages__ingress pb-4 mb-0\"><p>Vi ger dig m\u00f6jlighet att bli s\u00e5 mycket du kan i ett globalt samh\u00e4lle genom olika internationella samarbeten<\/p><\/div>\n\n\n\n<p>Under m\u00e5nga \u00e5r har det p\u00e5g\u00e5tt ett internationaliseringsarbete p\u00e5 Nils Ericsonsgymnasiet, allt fr\u00e5n v\u00e4nortssamarbete, utbytesprojekt, APL utomlands till fortbildning av personal som g\u00e5tt kurser och jobbskuggat kollegor fr\u00e5n andra l\u00e4nder. Skolan har genom sina internationella samarbeten byggt upp ett brett nationellt och internationellt kontaktn\u00e4t.<\/p>\n\n\n\n<p>\ud83d\udfe2 Skolan har en Skolambassad\u00f6r f\u00f6r EU. Varje \u00e5r uppm\u00e4rksammar vi EU-dagen och internationella spr\u00e5kdagen.<\/p>\n\n\n\n<p>\ud83d\udfe2 Vi har deltagit i projekt inom Erasmus+ programmen, som projektpartners och projekt\u00e4gare, skickat personal p\u00e5 jobbskuggning, kurser och elever p\u00e5 praktik runt om i Europa.<\/p>\n\n\n\n<p>\ud83d\udfe2 Varje \u00e5r har intresserade yrkeselever \u00e5kt p\u00e5 utlandspraktik genom VG+ inom Europa och Nordplus Junior till\u00a0Norge, Finland och Estland<\/p>\n\n\n\n<p>\ud83d\udfe2 V\u00e5ra spr\u00e5kelever f\u00e5r m\u00f6jlighet att utveckla sina spr\u00e5kkunskaper genom att delta i spr\u00e5kresor, som l\u00e4rarna i moderna spr\u00e5k anordnar.<\/p>\n\n\n\n<p>\ud83d\udfe2 Vi \u00e4r v\u00e4rdskola f\u00f6r kollegor fr\u00e5n andra l\u00e4nder som vill jobbskugga hos oss och har utbytesstudenter som deltar i ordinarie undervisning. Eleverna fr\u00e5n Industriprogrammet har deltagit i &#8221;ViruWelder&#8221;, en internationell t\u00e4vling f\u00f6r svetselever arrangerad av v\u00e5r partnerskola i Estland.<\/p>\n","protected":false},"excerpt":{"rendered":"<p>Under m\u00e5nga \u00e5r har det p\u00e5g\u00e5tt ett internationaliseringsarbete p\u00e5 Nils Ericsonsgymnasiet, allt fr\u00e5n v\u00e4nortssamarbete, utbytesprojekt, APL utomlands till fortbildning av personal som g\u00e5tt kurser och jobbskuggat kollegor fr\u00e5n andra l\u00e4nder. Skolan har genom sina internationella samarbeten byggt upp ett brett nationellt och internationellt kontaktn\u00e4t. \ud83d\udfe2 Skolan har en Skolambassad\u00f6r f\u00f6r EU. Varje \u00e5r uppm\u00e4rksammar vi [&hellip;]<\/p>\n","protected":false},"author":9,"featured_media":2491,"parent":0,"menu_order":0,"comment_status":"closed","ping_status":"closed","template":"","meta":{"_acf_changed":false,"footnotes":""},"class_list":["post-2475","page","type-page","status-publish","has-post-thumbnail","hentry"],"acf":[],"_links":{"self":[{"href":"https:\/\/kunskapsforbundet.se\/nils-ericsonsgymnasiet\/wp-json\/wp\/v2\/pages\/2475","targetHints":{"allow":["GET"]}}],"collection":[{"href":"https:\/\/kunskapsforbundet.se\/nils-ericsonsgymnasiet\/wp-json\/wp\/v2\/pages"}],"about":[{"href":"https:\/\/kunskapsforbundet.se\/nils-ericsonsgymnasiet\/wp-json\/wp\/v2\/types\/page"}],"author":[{"embeddable":true,"href":"https:\/\/kunskapsforbundet.se\/nils-ericsonsgymnasiet\/wp-json\/wp\/v2\/users\/9"}],"replies":[{"embeddable":true,"href":"https:\/\/kunskapsforbundet.se\/nils-ericsonsgymnasiet\/wp-json\/wp\/v2\/comments?post=2475"}],"version-history":[{"count":40,"href":"https:\/\/kunskapsforbundet.se\/nils-ericsonsgymnasiet\/wp-json\/wp\/v2\/pages\/2475\/revisions"}],"predecessor-version":[{"id":5404,"href":"https:\/\/kunskapsforbundet.se\/nils-ericsonsgymnasiet\/wp-json\/wp\/v2\/pages\/2475\/revisions\/5404"}],"wp:featuredmedia":[{"embeddable":true,"href":"https:\/\/kunskapsforbundet.se\/nils-ericsonsgymnasiet\/wp-json\/wp\/v2\/media\/2491"}],"wp:attachment":[{"href":"https:\/\/kunskapsforbundet.se\/nils-ericsonsgymnasiet\/wp-json\/wp\/v2\/media?parent=2475"}],"curies":[{"name":"wp","href":"https:\/\/api.w.org\/{rel}","templated":true}]}}