{"id":223,"date":"2014-09-19T13:49:57","date_gmt":"2014-09-19T11:49:57","guid":{"rendered":"https:\/\/www.kunskapsforbundet.se\/nils-ericsonsgymnasiet\/?page_id=223"},"modified":"2026-03-03T11:05:07","modified_gmt":"2026-03-03T10:05:07","slug":"lasarstider","status":"publish","type":"page","link":"https:\/\/kunskapsforbundet.se\/nils-ericsonsgymnasiet\/lasarstider\/","title":{"rendered":"L\u00e4s\u00e5rstider och studenten"},"content":{"rendered":"\n<div style=\"height:25px\" aria-hidden=\"true\" class=\"wp-block-spacer\"><\/div>\n\n\n\n<div class=\"pages__ingress pb-4 mb-0\"><p class=\"wp-block-ggb-block-feature__ingress\">H\u00e4r finns information om dina l\u00e4s\u00e5rstider. V\u00e4lkommen till Nils Ericsonsgymnasiet!<\/p><\/div>\n\n\n\n<h3 class=\"wp-block-heading\" id=\"varterminen-2022\"><strong>V\u00e5rterminen 202<\/strong>6<\/h3>\n\n\n\n<p><strong><em>Onsdag 7\/1 \u2013 Fredag 12\/6<\/em> <br><\/strong>(<em>Observera att 7\/1 \u00e4r en studiedag &#8211; eleverna b\u00f6rjar f\u00f6rst p\u00e5 plats den 8\/1.<\/em>)<\/p>\n\n\n\n<p>Sportlov: vecka 8 <br>P\u00e5sklov: vecka 15<\/p>\n\n\n\n<p>Kl\u00e4mdagar: 15\/5<br>Studiedagar: 7\/1, 16\/3<\/p>\n\n\n\n<p><strong>Student: 12\/6<\/strong><br>Utspring mellan kl.11.30-12.30<\/p>\n\n\n\n<div style=\"height:23px\" aria-hidden=\"true\" class=\"wp-block-spacer\"><\/div>\n\n\n\n<h3 class=\"wp-block-heading\">H\u00f6stterminen 2026<\/h3>\n\n\n\n<p><strong><em>Onsdag 19\/8 \u2013 Tisdag 22\/12<\/em><\/strong><\/p>\n\n\n\n<p>H\u00f6stlov: Vecka 44<br>Studiedagar: Troligtvis 15\/9, 12\/10<\/p>\n\n\n\n<hr class=\"wp-block-separator has-alpha-channel-opacity\" \/>\n\n\n\n<p>Skolledningen p\u00e5 Nils Ericsonsgymnasiet&nbsp;&nbsp;<a href=\"mailto:infone@kunskapsforbundet.se\">infone@kunskapsforbundet.se<\/a><\/p>\n","protected":false},"excerpt":{"rendered":"<p>V\u00e5rterminen 2026 Onsdag 7\/1 \u2013 Fredag 12\/6 (Observera att 7\/1 \u00e4r en studiedag &#8211; eleverna b\u00f6rjar f\u00f6rst p\u00e5 plats den 8\/1.) Sportlov: vecka 8 P\u00e5sklov: vecka 15 Kl\u00e4mdagar: 15\/5Studiedagar: 7\/1, 16\/3 Student: 12\/6Utspring mellan kl.11.30-12.30 H\u00f6stterminen 2026 Onsdag 19\/8 \u2013 Tisdag 22\/12 H\u00f6stlov: Vecka 44Studiedagar: Troligtvis 15\/9, 12\/10 Skolledningen p\u00e5 Nils Ericsonsgymnasiet&nbsp;&nbsp;infone@kunskapsforbundet.se<\/p>\n","protected":false},"author":7,"featured_media":5685,"parent":0,"menu_order":0,"comment_status":"closed","ping_status":"closed","template":"","meta":{"_acf_changed":false,"footnotes":""},"class_list":["post-223","page","type-page","status-publish","has-post-thumbnail","hentry"],"acf":[],"_links":{"self":[{"href":"https:\/\/kunskapsforbundet.se\/nils-ericsonsgymnasiet\/wp-json\/wp\/v2\/pages\/223","targetHints":{"allow":["GET"]}}],"collection":[{"href":"https:\/\/kunskapsforbundet.se\/nils-ericsonsgymnasiet\/wp-json\/wp\/v2\/pages"}],"about":[{"href":"https:\/\/kunskapsforbundet.se\/nils-ericsonsgymnasiet\/wp-json\/wp\/v2\/types\/page"}],"author":[{"embeddable":true,"href":"https:\/\/kunskapsforbundet.se\/nils-ericsonsgymnasiet\/wp-json\/wp\/v2\/users\/7"}],"replies":[{"embeddable":true,"href":"https:\/\/kunskapsforbundet.se\/nils-ericsonsgymnasiet\/wp-json\/wp\/v2\/comments?post=223"}],"version-history":[{"count":88,"href":"https:\/\/kunskapsforbundet.se\/nils-ericsonsgymnasiet\/wp-json\/wp\/v2\/pages\/223\/revisions"}],"predecessor-version":[{"id":6409,"href":"https:\/\/kunskapsforbundet.se\/nils-ericsonsgymnasiet\/wp-json\/wp\/v2\/pages\/223\/revisions\/6409"}],"wp:featuredmedia":[{"embeddable":true,"href":"https:\/\/kunskapsforbundet.se\/nils-ericsonsgymnasiet\/wp-json\/wp\/v2\/media\/5685"}],"wp:attachment":[{"href":"https:\/\/kunskapsforbundet.se\/nils-ericsonsgymnasiet\/wp-json\/wp\/v2\/media?parent=223"}],"curies":[{"name":"wp","href":"https:\/\/api.w.org\/{rel}","templated":true}]}}