{"id":217,"date":"2014-09-19T13:43:30","date_gmt":"2014-09-19T11:43:30","guid":{"rendered":"https:\/\/www.kunskapsforbundet.se\/nils-ericsonsgymnasiet\/?page_id=217"},"modified":"2026-03-06T14:53:40","modified_gmt":"2026-03-06T13:53:40","slug":"kontakt","status":"publish","type":"page","link":"https:\/\/kunskapsforbundet.se\/nils-ericsonsgymnasiet\/kontakt\/","title":{"rendered":"Kontakt"},"content":{"rendered":"\n<div style=\"height:30px\" aria-hidden=\"true\" class=\"wp-block-spacer\"><\/div>\n\n\n\n<div class=\"pages__ingress pb-4 mb-0\"><p class=\"wp-block-ggb-block-feature__ingress\">V\u00e4lkommen att kontakta n\u00e5gon i personalen p\u00e5 Nils Ericsonsgymnasiet!<\/p><\/div>\n\n\n<h4>Postadress:<\/h4>\n<p>Nils Ericsonsgymnasiet<br \/>461 84 Trollh\u00e4ttan<\/p>\n<h4>Bes\u00f6ksadress:<\/h4>\n<p>G\u00e4rdhemsv\u00e4gen 27\u00a0i Trollh\u00e4ttan<\/p>\n<h4>V\u00e5r reception:\u00a0<\/h4>\n<p>\ud83d\udcde Du kan n\u00e5 oss p\u00e5 0520 &#8211; 52 42 00<br \/>Vi har telefontider m\u00e5ndag till torsdag kl 12.30-14.30.<\/p>\n<p>G\u00e4ller \u00e4rendet best\u00e4llning av betygskopia kan du g\u00f6ra det\u00a0<a href=\"https:\/\/kunskapsforbundet.se\/nils-ericsonsgymnasiet\/bestallning-av-betygskopior\/\" data-type=\"page\" data-id=\"5282\">h\u00e4r.<\/a><\/p>\n<h4>Kunskapsf\u00f6rbundet v\u00e4xel:<\/h4>\n<p>0521-72 27 40<\/p>\n<h4>\u00a0<\/h4>\n<h4>\u00a0<\/h4>\n<\/p>\n<p><\/p>","protected":false},"excerpt":{"rendered":"<p>Postadress: Nils Ericsonsgymnasiet461 84 Trollh\u00e4ttan Bes\u00f6ksadress: G\u00e4rdhemsv\u00e4gen 27\u00a0i Trollh\u00e4ttan V\u00e5r reception:\u00a0 \ud83d\udcde Du kan n\u00e5 oss p\u00e5 0520 &#8211; 52 42 00Vi har telefontider m\u00e5ndag till torsdag kl 12.30-14.30. G\u00e4ller \u00e4rendet best\u00e4llning av betygskopia kan du g\u00f6ra det\u00a0h\u00e4r. Kunskapsf\u00f6rbundet v\u00e4xel: 0521-72 27 40 \u00a0 \u00a0 V\u00e5r fantastiska administration har koll p\u00e5 det mesta som h\u00e4nder, [&hellip;]<\/p>\n","protected":false},"author":6,"featured_media":2401,"parent":0,"menu_order":0,"comment_status":"closed","ping_status":"closed","template":"","meta":{"_acf_changed":false,"footnotes":""},"class_list":["post-217","page","type-page","status-publish","has-post-thumbnail","hentry"],"acf":[],"_links":{"self":[{"href":"https:\/\/kunskapsforbundet.se\/nils-ericsonsgymnasiet\/wp-json\/wp\/v2\/pages\/217","targetHints":{"allow":["GET"]}}],"collection":[{"href":"https:\/\/kunskapsforbundet.se\/nils-ericsonsgymnasiet\/wp-json\/wp\/v2\/pages"}],"about":[{"href":"https:\/\/kunskapsforbundet.se\/nils-ericsonsgymnasiet\/wp-json\/wp\/v2\/types\/page"}],"author":[{"embeddable":true,"href":"https:\/\/kunskapsforbundet.se\/nils-ericsonsgymnasiet\/wp-json\/wp\/v2\/users\/6"}],"replies":[{"embeddable":true,"href":"https:\/\/kunskapsforbundet.se\/nils-ericsonsgymnasiet\/wp-json\/wp\/v2\/comments?post=217"}],"version-history":[{"count":54,"href":"https:\/\/kunskapsforbundet.se\/nils-ericsonsgymnasiet\/wp-json\/wp\/v2\/pages\/217\/revisions"}],"predecessor-version":[{"id":6413,"href":"https:\/\/kunskapsforbundet.se\/nils-ericsonsgymnasiet\/wp-json\/wp\/v2\/pages\/217\/revisions\/6413"}],"wp:featuredmedia":[{"embeddable":true,"href":"https:\/\/kunskapsforbundet.se\/nils-ericsonsgymnasiet\/wp-json\/wp\/v2\/media\/2401"}],"wp:attachment":[{"href":"https:\/\/kunskapsforbundet.se\/nils-ericsonsgymnasiet\/wp-json\/wp\/v2\/media?parent=217"}],"curies":[{"name":"wp","href":"https:\/\/api.w.org\/{rel}","templated":true}]}}