{"id":212,"date":"2014-09-19T09:28:16","date_gmt":"2014-09-19T07:28:16","guid":{"rendered":"https:\/\/www.kunskapsforbundet.se\/nils-ericsonsgymnasiet\/?page_id=212"},"modified":"2025-12-30T11:44:20","modified_gmt":"2025-12-30T10:44:20","slug":"om-skolan","status":"publish","type":"page","link":"https:\/\/kunskapsforbundet.se\/nils-ericsonsgymnasiet\/om-skolan\/","title":{"rendered":"Om skolan"},"content":{"rendered":"\n<div class=\"pages__ingress pb-4 mb-0\"><p class=\"wp-block-ggb-block-feature__ingress\">V\u00e4lkommen till Nils Ericsonsgymnasiet &#8211; en dynamisk och inspirerande skola bel\u00e4gen i centrala Trollh\u00e4ttan. H\u00e4r kombineras tradition och innovation f\u00f6r att ge eleverna den b\u00e4sta l\u00e4rmilj\u00f6n och utbildningen. <\/p><\/div>\n\n\n\n<p>Utbildning \u00e4r det b\u00e4sta vi vet, och v\u00e5rt uppdrag \u00e4r att hj\u00e4lpa dig n\u00e5 dit du vill, oavsett vilken bana du v\u00e4ljer. Vi tror att du ska v\u00e4lja ett program som ger dig framtidslust, ett program d\u00e4r du kan f\u00e5 maximalt utlopp f\u00f6r att vara du och som tar dig ett steg n\u00e4rmare dina dr\u00f6mmar. Skolan erbjuder flera sp\u00e4nnande program, d\u00e4r vissa \u00e4r h\u00f6gskolef\u00f6rberedande och andra b\u00e5de ger dig en yrkesexamen och en h\u00f6gskolef\u00f6rberedande grund. Oavsett om du vill f\u00f6rbereda dig f\u00f6r fortsatta studier eller hitta ett jobb efter gymnasiet har vi en v\u00e4g f\u00f6r dig.<\/p>\n\n\n\n<p>Med sina moderna lokaler och engagerade l\u00e4rare \u00e4r Nils Ericsonsgymnasiet platsen d\u00e4r eleverna f\u00e5r m\u00f6jlighet att utforska sina passioner och f\u00f6rverkliga sina ambitioner och dr\u00f6mmar. Vi tror ocks\u00e5 starkt p\u00e5 att ge dig m\u00f6jligheter att praktisera det du l\u00e4r dig i verkliga situationer. D\u00e4rf\u00f6r samarbetar vi med lokala f\u00f6retag och organisationer f\u00f6r att ge dig en inblick i arbetslivet och f\u00f6rbereda dig inf\u00f6r framtiden, oavsett om du v\u00e4ljer att forts\u00e4tta studera eller ge dig ut i yrkeslivet direkt efter gymnasiet.<\/p>\n\n\n\n<p>P\u00e5 Nils Ericsonsgymnasiet vill vi att du k\u00e4nner dig inspirerad varje dag du kommer till skolan. Vi vill v\u00e4cka din nyfikenhet och se dig v\u00e4xa b\u00e5de personligt och akademiskt, s\u00e5 att du l\u00e4mnar skolan med sj\u00e4lvf\u00f6rtroende och en \u00f6nskan att forts\u00e4tta l\u00e4ra och utforska v\u00e4rlden omkring dig.<\/p>\n\n\n\n<p>Vi ser fram emot att v\u00e4lkomna dig till din framtid p\u00e5 Nils Ericsonsgymnasiet!<\/p>\n","protected":false},"excerpt":{"rendered":"<p>Utbildning \u00e4r det b\u00e4sta vi vet, och v\u00e5rt uppdrag \u00e4r att hj\u00e4lpa dig n\u00e5 dit du vill, oavsett vilken bana du v\u00e4ljer. Vi tror att du ska v\u00e4lja ett program som ger dig framtidslust, ett program d\u00e4r du kan f\u00e5 maximalt utlopp f\u00f6r att vara du och som tar dig ett steg n\u00e4rmare dina dr\u00f6mmar. [&hellip;]<\/p>\n","protected":false},"author":6,"featured_media":4524,"parent":0,"menu_order":0,"comment_status":"closed","ping_status":"closed","template":"","meta":{"_acf_changed":false,"footnotes":""},"class_list":["post-212","page","type-page","status-publish","has-post-thumbnail","hentry"],"acf":[],"_links":{"self":[{"href":"https:\/\/kunskapsforbundet.se\/nils-ericsonsgymnasiet\/wp-json\/wp\/v2\/pages\/212","targetHints":{"allow":["GET"]}}],"collection":[{"href":"https:\/\/kunskapsforbundet.se\/nils-ericsonsgymnasiet\/wp-json\/wp\/v2\/pages"}],"about":[{"href":"https:\/\/kunskapsforbundet.se\/nils-ericsonsgymnasiet\/wp-json\/wp\/v2\/types\/page"}],"author":[{"embeddable":true,"href":"https:\/\/kunskapsforbundet.se\/nils-ericsonsgymnasiet\/wp-json\/wp\/v2\/users\/6"}],"replies":[{"embeddable":true,"href":"https:\/\/kunskapsforbundet.se\/nils-ericsonsgymnasiet\/wp-json\/wp\/v2\/comments?post=212"}],"version-history":[{"count":9,"href":"https:\/\/kunskapsforbundet.se\/nils-ericsonsgymnasiet\/wp-json\/wp\/v2\/pages\/212\/revisions"}],"predecessor-version":[{"id":6334,"href":"https:\/\/kunskapsforbundet.se\/nils-ericsonsgymnasiet\/wp-json\/wp\/v2\/pages\/212\/revisions\/6334"}],"wp:featuredmedia":[{"embeddable":true,"href":"https:\/\/kunskapsforbundet.se\/nils-ericsonsgymnasiet\/wp-json\/wp\/v2\/media\/4524"}],"wp:attachment":[{"href":"https:\/\/kunskapsforbundet.se\/nils-ericsonsgymnasiet\/wp-json\/wp\/v2\/media?parent=212"}],"curies":[{"name":"wp","href":"https:\/\/api.w.org\/{rel}","templated":true}]}}