{"id":209,"date":"2014-09-19T09:27:52","date_gmt":"2014-09-19T07:27:52","guid":{"rendered":"https:\/\/www.kunskapsforbundet.se\/nils-ericsonsgymnasiet\/?page_id=209"},"modified":"2021-08-02T12:48:40","modified_gmt":"2021-08-02T10:48:40","slug":"hitta-hit","status":"publish","type":"page","link":"https:\/\/kunskapsforbundet.se\/nils-ericsonsgymnasiet\/hitta-hit\/","title":{"rendered":"Hitta hit"},"content":{"rendered":"\n<div style=\"height:45px\" aria-hidden=\"true\" class=\"wp-block-spacer\"><\/div>\n\n\n\n<div class=\"pages__ingress pb-4 mb-0\"><p>Kom g\u00e4rna och bes\u00f6k oss!<\/p><\/div>\n\n\n<p>\u00a0<\/p>\n<h4>Postadress:<\/h4>\n<p>Nils Ericsonsgymnasiet<br \/>461 84 Trollh\u00e4ttan<\/p>\n<p>Vill du bes\u00f6ka oss finner du oss p\u00e5 G\u00e4rdhemsv\u00e4gen 27\u00a0i Trollh\u00e4ttan.<\/p>","protected":false},"excerpt":{"rendered":"<p>\u00a0 Postadress: Nils Ericsonsgymnasiet461 84 Trollh\u00e4ttan Vill du bes\u00f6ka oss finner du oss p\u00e5 G\u00e4rdhemsv\u00e4gen 27\u00a0i Trollh\u00e4ttan.<\/p>\n","protected":false},"author":6,"featured_media":2401,"parent":0,"menu_order":0,"comment_status":"closed","ping_status":"closed","template":"","meta":{"_acf_changed":false,"footnotes":""},"class_list":["post-209","page","type-page","status-publish","has-post-thumbnail","hentry"],"acf":[],"_links":{"self":[{"href":"https:\/\/kunskapsforbundet.se\/nils-ericsonsgymnasiet\/wp-json\/wp\/v2\/pages\/209","targetHints":{"allow":["GET"]}}],"collection":[{"href":"https:\/\/kunskapsforbundet.se\/nils-ericsonsgymnasiet\/wp-json\/wp\/v2\/pages"}],"about":[{"href":"https:\/\/kunskapsforbundet.se\/nils-ericsonsgymnasiet\/wp-json\/wp\/v2\/types\/page"}],"author":[{"embeddable":true,"href":"https:\/\/kunskapsforbundet.se\/nils-ericsonsgymnasiet\/wp-json\/wp\/v2\/users\/6"}],"replies":[{"embeddable":true,"href":"https:\/\/kunskapsforbundet.se\/nils-ericsonsgymnasiet\/wp-json\/wp\/v2\/comments?post=209"}],"version-history":[{"count":18,"href":"https:\/\/kunskapsforbundet.se\/nils-ericsonsgymnasiet\/wp-json\/wp\/v2\/pages\/209\/revisions"}],"predecessor-version":[{"id":3053,"href":"https:\/\/kunskapsforbundet.se\/nils-ericsonsgymnasiet\/wp-json\/wp\/v2\/pages\/209\/revisions\/3053"}],"wp:featuredmedia":[{"embeddable":true,"href":"https:\/\/kunskapsforbundet.se\/nils-ericsonsgymnasiet\/wp-json\/wp\/v2\/media\/2401"}],"wp:attachment":[{"href":"https:\/\/kunskapsforbundet.se\/nils-ericsonsgymnasiet\/wp-json\/wp\/v2\/media?parent=209"}],"curies":[{"name":"wp","href":"https:\/\/api.w.org\/{rel}","templated":true}]}}