{"id":1887,"date":"2019-04-24T13:20:18","date_gmt":"2019-04-24T11:20:18","guid":{"rendered":"https:\/\/www.kunskapsforbundet.se\/nils-ericsonsgymnasiet\/?page_id=1887"},"modified":"2023-08-17T13:37:27","modified_gmt":"2023-08-17T11:37:27","slug":"bestallning-av-specialkost","status":"publish","type":"page","link":"https:\/\/kunskapsforbundet.se\/nils-ericsonsgymnasiet\/bestallning-av-specialkost\/","title":{"rendered":"Best\u00e4llning av specialkost"},"content":{"rendered":"\n<div class=\"pages__ingress pb-4 mb-0\"><p>H\u00e4r g\u00f6r du din best\u00e4llning av specialkost.<\/p><\/div>\n\n\n<p>Fr\u00e5n l\u00e4s\u00e5rsstart 2019 har Nils Ericsonsgymnasiet en ny rutin f\u00f6r best\u00e4llning av medicinskt grundad specialkost.<\/p>\n<p>Rutinen g\u00e4ller f\u00f6r dig som \u00e4r v\u00e5rdnadshavare f\u00f6r en elev som l\u00e4ser p\u00e5 Nils Ericsonsgymnasiet, eller f\u00f6r dig som l\u00e4ser p\u00e5 Nils Ericsonsgymnasiet och fyllt 18 \u00e5r.<\/p>\n\n\n<div class=\"wp-block-file\"><a id=\"wp-block-file--media-fb1a8386-292b-4a29-89d1-cb83e0f25ac5\" href=\"https:\/\/kunskapsforbundet.se\/app\/uploads\/sites\/5\/2022\/06\/Bestallning_specialkost_information.pdf\">Bestallning_specialkost_information<\/a><a href=\"https:\/\/kunskapsforbundet.se\/app\/uploads\/sites\/5\/2022\/06\/Bestallning_specialkost_information.pdf\" class=\"wp-block-file__button wp-element-button\" download aria-describedby=\"wp-block-file--media-fb1a8386-292b-4a29-89d1-cb83e0f25ac5\">Ladda ner<\/a><\/div>\n\n\n\n<p><a href=\"https:\/\/minasidor.trollhattan.se\/156\">Best\u00e4ll specialkost<\/a><\/p>\n\n\n\n<p><strong>Vid fr\u00e5gor g\u00e4llande centralk\u00f6ket kontakta:<br><\/strong>Kontaktcenter Trollh\u00e4ttan Stad<br>Telefon: 0520-49 50 00<\/p>\n\n\n\n<p><\/p>\n","protected":false},"excerpt":{"rendered":"<p>Fr\u00e5n l\u00e4s\u00e5rsstart 2019 har Nils Ericsonsgymnasiet en ny rutin f\u00f6r best\u00e4llning av medicinskt grundad specialkost. Rutinen g\u00e4ller f\u00f6r dig som \u00e4r v\u00e5rdnadshavare f\u00f6r en elev som l\u00e4ser p\u00e5 Nils Ericsonsgymnasiet, eller f\u00f6r dig som l\u00e4ser p\u00e5 Nils Ericsonsgymnasiet och fyllt 18 \u00e5r. Best\u00e4ll specialkost Vid fr\u00e5gor g\u00e4llande centralk\u00f6ket kontakta:Kontaktcenter Trollh\u00e4ttan StadTelefon: 0520-49 50 00<\/p>\n","protected":false},"author":34,"featured_media":3062,"parent":0,"menu_order":0,"comment_status":"closed","ping_status":"closed","template":"","meta":{"_acf_changed":false,"footnotes":""},"class_list":["post-1887","page","type-page","status-publish","has-post-thumbnail","hentry"],"acf":[],"_links":{"self":[{"href":"https:\/\/kunskapsforbundet.se\/nils-ericsonsgymnasiet\/wp-json\/wp\/v2\/pages\/1887","targetHints":{"allow":["GET"]}}],"collection":[{"href":"https:\/\/kunskapsforbundet.se\/nils-ericsonsgymnasiet\/wp-json\/wp\/v2\/pages"}],"about":[{"href":"https:\/\/kunskapsforbundet.se\/nils-ericsonsgymnasiet\/wp-json\/wp\/v2\/types\/page"}],"author":[{"embeddable":true,"href":"https:\/\/kunskapsforbundet.se\/nils-ericsonsgymnasiet\/wp-json\/wp\/v2\/users\/34"}],"replies":[{"embeddable":true,"href":"https:\/\/kunskapsforbundet.se\/nils-ericsonsgymnasiet\/wp-json\/wp\/v2\/comments?post=1887"}],"version-history":[{"count":13,"href":"https:\/\/kunskapsforbundet.se\/nils-ericsonsgymnasiet\/wp-json\/wp\/v2\/pages\/1887\/revisions"}],"predecessor-version":[{"id":3784,"href":"https:\/\/kunskapsforbundet.se\/nils-ericsonsgymnasiet\/wp-json\/wp\/v2\/pages\/1887\/revisions\/3784"}],"wp:featuredmedia":[{"embeddable":true,"href":"https:\/\/kunskapsforbundet.se\/nils-ericsonsgymnasiet\/wp-json\/wp\/v2\/media\/3062"}],"wp:attachment":[{"href":"https:\/\/kunskapsforbundet.se\/nils-ericsonsgymnasiet\/wp-json\/wp\/v2\/media?parent=1887"}],"curies":[{"name":"wp","href":"https:\/\/api.w.org\/{rel}","templated":true}]}}