{"id":1601,"date":"2018-05-24T14:50:59","date_gmt":"2018-05-24T12:50:59","guid":{"rendered":"https:\/\/www.kunskapsforbundet.se\/nils-ericsonsgymnasiet\/?page_id=1601"},"modified":"2021-08-02T16:45:54","modified_gmt":"2021-08-02T14:45:54","slug":"sahar-hanterar-vi-dina-personuppgifter","status":"publish","type":"page","link":"https:\/\/kunskapsforbundet.se\/nils-ericsonsgymnasiet\/sahar-hanterar-vi-dina-personuppgifter\/","title":{"rendered":"S\u00e5h\u00e4r hanterar vi dina personuppgifter"},"content":{"rendered":"\n<div class=\"pages__ingress pb-4 mb-0\"><p>Vi behandlar personuppgifter enligt den nya Dataskyddsf\u00f6rordningen (GDPR).<\/p><\/div>\n\n\n\n<p>Dataskyddsf\u00f6rordningen (GDPR) g\u00e4ller som lag i alla EU:s medlemsl\u00e4nder fr\u00e5n och med den 25 maj 2018. F\u00f6rordningen&nbsp;kommer att inneb\u00e4ra st\u00e4rkta r\u00e4ttigheter f\u00f6r den enskilde n\u00e4r det g\u00e4ller personlig integritet.&nbsp;P\u00e5 den h\u00e4r sidan finns information om hur vi p\u00e5 Kunskapsf\u00f6rbundet behandlar personuppgifter och vart du kan v\u00e4nda dig om du vill ha mer information om v\u00e5r behandling av dina personuppgifter.<\/p>\n\n\n\n<p><strong>Personuppgiftsansvarig (Organisation)<\/strong><br>Kunskapsf\u00f6rbundet V\u00e4st<br>462 85 V\u00e4nersborg<\/p>\n\n\n\n<p><strong>Dataskyddsombud<\/strong><br>Kunskapsf\u00f6rbundet V\u00e4st<br>462 85 V\u00e4nersborg<br>dataskyddsombud@kunskapsforbundet.se<\/p>\n\n\n\n<p><strong>Vad \u00e4r personuppgifter<\/strong><br>Med personuppgifter avses all information som kan h\u00e4nf\u00f6ras till en identifierad eller identifierbar fysisk person.<\/p>\n\n\n\n<p><strong>R\u00e4ttslig grund till att vi anv\u00e4nder personuppgifter<\/strong><br>Myndighetsut\u00f6vning och uppgift av allm\u00e4nt intresse: Den personuppgiftsansvarige, vilket \u00e4r Kunskapsf\u00f6rbundet V\u00e4st, m\u00e5ste behandla personuppgifter f\u00f6r att utf\u00f6ra sina myndighetsuppgifter eller f\u00f6r att utf\u00f6ra en uppgift av allm\u00e4nt intresse.<\/p>\n\n\n\n<p><strong>Varf\u00f6r anv\u00e4nder vi personuppgifter<\/strong><br>Kunskapsf\u00f6rbundet V\u00e4st behandlar personuppgifter n\u00e4r vi m\u00e5ste g\u00f6ra det enligt g\u00e4llande lagstiftning inom v\u00e5ra olika verksamhetsomr\u00e5den eller n\u00e4r det beh\u00f6vs f\u00f6r att utf\u00f6ra den uppgift som avses, d v s din utbildning.<\/p>\n\n\n\n<p><strong>Vilken typ av personuppgifter behandlar vi<\/strong><br>Personuppgifter om dig som vi hanterar \u00e4r till exempel&nbsp;namn, adress, e-post, telefonnummer och personnummer.<\/p>\n\n\n\n<p>F\u00f6r eventuell hantering av k\u00e4nsliga personuppgifter inh\u00e4mtar vi alltid ditt samtycke.<\/p>\n\n\n\n<p>F\u00f6r publicering av bilder eller filmer d\u00e4r du som elev \u00e4r med m\u00e5ste vi ocks\u00e5 ha ditt samtycke.<\/p>\n\n\n\n<p>Viss information som vi samlar in om dig kommer vi att beh\u00f6va dela med dem inom v\u00e5r organisation som beh\u00f6ver k\u00e4nna till dessa uppgifter, exempelvis information om allergier.<\/p>\n\n\n\n<p>V\u00e5ra skolors medicinska arbete inom elevh\u00e4lsan \u00e4r separerad fr\u00e5n den pedagogiska verksamheten och regleras bland annat av h\u00e4lso- och sjukv\u00e5rdslagen. Det inneb\u00e4r att \u00f6vrig personal p\u00e5 skolan inte har tillg\u00e5ng till den informationen och de personuppgifter som hanteras inom den medicinska delen av elevh\u00e4lsan.<\/p>\n\n\n\n<p><strong>Uppgifter som vi \u00e4r skyldiga att l\u00e4mna vidare<\/strong><br>Vissa uppgifter om dig som \u00e4r studerande \u00e4r vi som myndighet skyldiga att l\u00e4mna vidare. Det kan vara statistiska uppgifter till SCB eller uppgifter om din studieg\u00e5ng till CSN och till UHR. Vi l\u00e4mnar ocks\u00e5 uppgifter till din hemkommun om du hoppar av gymnasieskolan, f\u00f6r att din hemkommun skall kunna fullg\u00f6ra sin skyldighet enligt det kommunala aktivitetsansvaret.<\/p>\n\n\n\n<p><strong>Dina r\u00e4ttigheter<\/strong><br>Enligt best\u00e4mmelserna i Dataskyddsf\u00f6rordningen \u00e4r det v\u00e5r skyldighet som myndighet att endast behandla personuppgifter som \u00e4r korrekta, fullst\u00e4ndiga, relevanta och n\u00f6dv\u00e4ndiga.<\/p>\n\n\n\n<p>Du har r\u00e4tt att f\u00e5 ta del av de personuppgifter som Kunskapsf\u00f6rbundet V\u00e4st har om dig. Detta g\u00f6r du genom att beg\u00e4ra att f\u00e5 ett registerutdrag. I det framg\u00e5r vilka personuppgifter som vi behandlar.<\/p>\n\n\n\n<p>Om du upplever att dina personuppgifter anv\u00e4nds p\u00e5 ett felaktigt s\u00e4tt av Kunskapsf\u00f6rbundet V\u00e4st s\u00e5 har du n\u00e4r som helst r\u00e4tt att g\u00f6ra inv\u00e4ndningar mot den behandling som sker.<\/p>\n\n\n\n<p>Du kan n\u00e4r som helst \u00e5terkalla ett samtycke.<\/p>\n\n\n\n<p>Under vissa f\u00f6ruts\u00e4ttningar, som n\u00e4r du har \u00e5terkallat ett tidigare l\u00e4mnat samtycke och\/eller det saknas laglig grund f\u00f6r fortsatt behandling av dina personuppgifter, har du r\u00e4tt att beg\u00e4ra radering av dina personuppgifter. Som myndighet har vi lagkrav p\u00e5 oss att spara vissa personuppgifter och d\u00e5 g\u00e4ller inte r\u00e4tten till radering.<\/p>\n\n\n\n<p>Du har under vissa f\u00f6ruts\u00e4ttningar r\u00e4tt att begr\u00e4nsa behandlingen av dina personuppgifter till att endast omfatta lagring av personuppgifterna, till exempel&nbsp;under tiden d\u00e5 Kunskapsf\u00f6rbundet V\u00e4st utreder om du har r\u00e4tt till radering.<\/p>\n\n\n\n<p>Du har r\u00e4tt att f\u00e5 en bekr\u00e4ftelse fr\u00e5n Kunskapsf\u00f6rbundet V\u00e4st att dina personuppgifter behandlas av Kunskapsf\u00f6rbundet V\u00e4st och, om s\u00e5 \u00e4r fallet, f\u00e5 tillg\u00e5ng till personuppgifterna och f\u00f6ljande information:<\/p>\n\n\n\n<ul class=\"wp-block-list\"><li>Varf\u00f6r vi behandlar dem<\/li><li>Vilka personuppgifter som vi behandlar<\/li><li>Vem som \u00e4r mottagare av personuppgifter (s\u00e4rskilt om s\u00e5dana \u00e4r bel\u00e4gna utanf\u00f6r EU\/EES)<\/li><li>Hur l\u00e4nge personuppgifterna behandlas<\/li><li>Information om vilka r\u00e4ttigheter du har<\/li><li>Information om varifr\u00e5n personuppgifterna har samlats in<\/li><li>Om det f\u00f6rekommer automatiserat beslutsfattande, inbegripet profilering<\/li><li>F\u00f6r fr\u00e5gor om personuppgiftsbehandling \u00e4r du v\u00e4lkommen att kontakta din rektor eller mejla dataskyddsombud@kunskapsforbundet.se<\/li><\/ul>\n\n\n\n<p><strong>Kamera\u00f6vervakning p\u00e5 v\u00e5ra skolor<\/strong><br>F\u00f6r att du ska k\u00e4nna dig trygg s\u00e5 har vi larm, l\u00e5s och kamera\u00f6vervakning p\u00e5 v\u00e5ra skolor.<\/p>\n\n\n\n<p>Kamerabevakning bedrivs i enlighet med lagen Kamera\u00f6vervakningslagen (2013:460) samt dataskyddsf\u00f6rordningen (GDPR). Det inspelade materialet sparas i maximalt 14 dagar.<\/p>\n\n\n\n<p>Endast ett f\u00e5tal utsedda personer p\u00e5 Kunskapsf\u00f6rbundet har tillg\u00e5ng till materialet. Ingen ljudupptagning g\u00f6rs.<\/p>\n\n\n\n<p>Materialet anv\u00e4nds endast f\u00f6r verifiering av person och h\u00e4ndelse till exempel vid skadeg\u00f6relse, hot och v\u00e5ld.<\/p>\n\n\n\n<p>Anser du att du blivit felaktigt \u00f6vervakad kan du v\u00e4nda dig till Kunskapsf\u00f6rbundets dataskyddsombud eller Datainspektionen.<\/p>\n\n\n\n<p><strong>Klagom\u00e5l till Datainspektionen<\/strong><br>Du har r\u00e4tt att framf\u00f6ra klagom\u00e5l avseende behandlingen av personuppgifter till Datainspektionen.<\/p>\n\n\n\n<p><a href=\"http:\/\/www.datainspektionen.se\" target=\"_blank\" rel=\"noopener\">Datainspektionen.se<\/a><br>Telefon: 08-657 61 00<br>E-post: <a href=\"mailto:datainspektionen@datainspektionen.se\" target=\"_blank\" rel=\"noopener\">datainspektionen@datainspektionen.se<\/a><\/p>\n","protected":false},"excerpt":{"rendered":"<p>Dataskyddsf\u00f6rordningen (GDPR) g\u00e4ller som lag i alla EU:s medlemsl\u00e4nder fr\u00e5n och med den 25 maj 2018. F\u00f6rordningen&nbsp;kommer att inneb\u00e4ra st\u00e4rkta r\u00e4ttigheter f\u00f6r den enskilde n\u00e4r det g\u00e4ller personlig integritet.&nbsp;P\u00e5 den h\u00e4r sidan finns information om hur vi p\u00e5 Kunskapsf\u00f6rbundet behandlar personuppgifter och vart du kan v\u00e4nda dig om du vill ha mer information om v\u00e5r [&hellip;]<\/p>\n","protected":false},"author":34,"featured_media":3065,"parent":0,"menu_order":0,"comment_status":"closed","ping_status":"closed","template":"","meta":{"_acf_changed":false,"footnotes":""},"class_list":["post-1601","page","type-page","status-publish","has-post-thumbnail","hentry"],"acf":[],"_links":{"self":[{"href":"https:\/\/kunskapsforbundet.se\/nils-ericsonsgymnasiet\/wp-json\/wp\/v2\/pages\/1601","targetHints":{"allow":["GET"]}}],"collection":[{"href":"https:\/\/kunskapsforbundet.se\/nils-ericsonsgymnasiet\/wp-json\/wp\/v2\/pages"}],"about":[{"href":"https:\/\/kunskapsforbundet.se\/nils-ericsonsgymnasiet\/wp-json\/wp\/v2\/types\/page"}],"author":[{"embeddable":true,"href":"https:\/\/kunskapsforbundet.se\/nils-ericsonsgymnasiet\/wp-json\/wp\/v2\/users\/34"}],"replies":[{"embeddable":true,"href":"https:\/\/kunskapsforbundet.se\/nils-ericsonsgymnasiet\/wp-json\/wp\/v2\/comments?post=1601"}],"version-history":[{"count":3,"href":"https:\/\/kunskapsforbundet.se\/nils-ericsonsgymnasiet\/wp-json\/wp\/v2\/pages\/1601\/revisions"}],"predecessor-version":[{"id":3066,"href":"https:\/\/kunskapsforbundet.se\/nils-ericsonsgymnasiet\/wp-json\/wp\/v2\/pages\/1601\/revisions\/3066"}],"wp:featuredmedia":[{"embeddable":true,"href":"https:\/\/kunskapsforbundet.se\/nils-ericsonsgymnasiet\/wp-json\/wp\/v2\/media\/3065"}],"wp:attachment":[{"href":"https:\/\/kunskapsforbundet.se\/nils-ericsonsgymnasiet\/wp-json\/wp\/v2\/media?parent=1601"}],"curies":[{"name":"wp","href":"https:\/\/api.w.org\/{rel}","templated":true}]}}