{"id":835,"date":"2015-01-22T11:35:15","date_gmt":"2015-01-22T10:35:15","guid":{"rendered":"https:\/\/www.kunskapsforbundet.se\/magnus-abergsgymnasiet\/?page_id=835"},"modified":"2025-09-23T10:00:45","modified_gmt":"2025-09-23T08:00:45","slug":"magott","status":"publish","type":"page","link":"https:\/\/kunskapsforbundet.se\/magnus-abergsgymnasiet\/magott\/","title":{"rendered":"M\u00e5Gott"},"content":{"rendered":"\n<div class=\"pages__ingress pb-4 mb-0\"><p class=\"wp-block-ggb-block-feature__ingress\">Hj\u00e4rtligt v\u00e4lkommen till skolans restaurang M\u00e5Gott, d\u00e4r elever fr\u00e5n Restaurang- och livsmedelsprogrammet lagar och serverar lunch.<\/p><\/div>\n\n\n\n<p>H\u00e4r bedrivs undervisning f\u00f6r ungdomar som inget hellre vill \u00e4n att arbeta inom restaurangbranschen. Alla v\u00e5ra elever befinner sig i olika stadier av utveckling och v\u00e5rt motto \u00e4r att \u201dh\u00e4r \u00e4r det till\u00e5tet att g\u00f6ra fel\u201d, om det inte sker medvetet. Vi ber d\u00e4rf\u00f6r dig som g\u00e4st, att ha respekt och \u00f6verseende med detta.<\/p>\n\n\n\n<h2 class=\"wp-block-heading\">\u00d6ppettider M\u00e5Gott l\u00e4s\u00e5ret 2025\/2026<\/h2>\n\n\n\n<p>F\u00f6lj oss p\u00e5 sociala medier f\u00f6r att se v\u00e5ra aktuella \u00f6ppettider. Vi finns p\u00e5 <a href=\"https:\/\/www.facebook.com\/profile.php?id=100063863880955\">Facebook<\/a> och <a href=\"https:\/\/www.instagram.com\/restaurang_magott\/\">Instagram<\/a>.<\/p>\n\n\n\n<p>Vi \u00e4r och har alltid varit noga med hygienen och vi har \u00e4ven gjort en rad f\u00f6r\u00e4ndringar i v\u00e5r lunchservering s\u00e5 att du som g\u00e4st tryggt kan bes\u00f6ka oss.<\/p>\n\n\n\n<h2 class=\"wp-block-heading\">Boka bord<\/h2>\n\n\n\n<p>Bordsbokning g\u00f6rs via v\u00e5rt bokningssystem, se knapp nedan. T\u00e4nk p\u00e5 att boka bord i god tid eftersom vi har begr\u00e4nsat antal platser. &nbsp;F\u00f6lj g\u00e4rna v\u00e5r <a href=\"https:\/\/www.facebook.com\/pages\/Restaurang-M%C3%A5Gott\/985411908150672?fref=ts\" target=\"_blank\" rel=\"noreferrer noopener\">Facebook-sida<\/a> f\u00f6r aktuell information och erbjudanden.<\/p>\n\n\n\n<button class=\"waiteraid-widget\" data-hash=\"1d5d0bb1ce2b59657237a3ba229f4866\" style=\"cursor: pointer;font-size: 1rem;background: #000;border: 1px solid transparent;color: #fff;font-family: Inter medium,sans-serif;font-weight: 400;text-align: center;letter-spacing: .25px;padding: 8.5px 10px;line-height: 1;margin-bottom: .5rem\">\nBoka bord\n<\/button>\n","protected":false},"excerpt":{"rendered":"<p>H\u00e4r bedrivs undervisning f\u00f6r ungdomar som inget hellre vill \u00e4n att arbeta inom restaurangbranschen. Alla v\u00e5ra elever befinner sig i olika stadier av utveckling och v\u00e5rt motto \u00e4r att \u201dh\u00e4r \u00e4r det till\u00e5tet att g\u00f6ra fel\u201d, om det inte sker medvetet. Vi ber d\u00e4rf\u00f6r dig som g\u00e4st, att ha respekt och \u00f6verseende med detta. \u00d6ppettider [&hellip;]<\/p>\n","protected":false},"author":34,"featured_media":4671,"parent":0,"menu_order":0,"comment_status":"closed","ping_status":"closed","template":"","meta":{"_acf_changed":false,"footnotes":""},"class_list":["post-835","page","type-page","status-publish","has-post-thumbnail","hentry"],"acf":[],"_links":{"self":[{"href":"https:\/\/kunskapsforbundet.se\/magnus-abergsgymnasiet\/wp-json\/wp\/v2\/pages\/835","targetHints":{"allow":["GET"]}}],"collection":[{"href":"https:\/\/kunskapsforbundet.se\/magnus-abergsgymnasiet\/wp-json\/wp\/v2\/pages"}],"about":[{"href":"https:\/\/kunskapsforbundet.se\/magnus-abergsgymnasiet\/wp-json\/wp\/v2\/types\/page"}],"author":[{"embeddable":true,"href":"https:\/\/kunskapsforbundet.se\/magnus-abergsgymnasiet\/wp-json\/wp\/v2\/users\/34"}],"replies":[{"embeddable":true,"href":"https:\/\/kunskapsforbundet.se\/magnus-abergsgymnasiet\/wp-json\/wp\/v2\/comments?post=835"}],"version-history":[{"count":388,"href":"https:\/\/kunskapsforbundet.se\/magnus-abergsgymnasiet\/wp-json\/wp\/v2\/pages\/835\/revisions"}],"predecessor-version":[{"id":7243,"href":"https:\/\/kunskapsforbundet.se\/magnus-abergsgymnasiet\/wp-json\/wp\/v2\/pages\/835\/revisions\/7243"}],"wp:featuredmedia":[{"embeddable":true,"href":"https:\/\/kunskapsforbundet.se\/magnus-abergsgymnasiet\/wp-json\/wp\/v2\/media\/4671"}],"wp:attachment":[{"href":"https:\/\/kunskapsforbundet.se\/magnus-abergsgymnasiet\/wp-json\/wp\/v2\/media?parent=835"}],"curies":[{"name":"wp","href":"https:\/\/api.w.org\/{rel}","templated":true}]}}