{"id":7625,"date":"2026-04-23T09:28:40","date_gmt":"2026-04-23T07:28:40","guid":{"rendered":"https:\/\/kunskapsforbundet.se\/magnus-abergsgymnasiet\/?page_id=7625"},"modified":"2026-04-23T10:39:57","modified_gmt":"2026-04-23T08:39:57","slug":"studenten-2026","status":"publish","type":"page","link":"https:\/\/kunskapsforbundet.se\/magnus-abergsgymnasiet\/studenten-2026\/","title":{"rendered":"Studenten"},"content":{"rendered":"\n<div class=\"pages__ingress pb-4 mb-0\"><p class=\"wp-block-ggb-block-feature__ingress\">Studenten n\u00e4rmar sig med stormsteg, och snart st\u00e5r v\u00e5ra sista\u00e5rselever d\u00e4r med studentm\u00f6ssan p\u00e5 huvudet. H\u00e4r finner du all information du kan t\u00e4nkas beh\u00f6va inf\u00f6r den stora dagen.<\/p><\/div>\n\n\n\n<p><strong>N\u00e4r?<\/strong> 12 juni 2026<br><strong>Var? <\/strong>Magnus \u00c5bergsgymnasiet<\/p>\n\n\n\n<h2 class=\"wp-block-heading\">H\u00e5lltider den 12 juni<\/h2>\n\n\n\n<p><strong>09:00<\/strong> Skolan \u00f6ppnar. Mentorstid samt fotografering. <br><strong>10:30<\/strong> Studentfirande i aulan.<br><strong>11:45<\/strong> Utspring.<br><strong>12:20<\/strong> Uppst\u00e4llning vid Karlstorpsporten f\u00f6r studentparaden. Nils Ericsonsgymnasiet ansluter nere vid G\u00e4rdhemsv\u00e4gen och paraden forts\u00e4tter ner mot Oskarsbron.<\/p>\n\n\n\n<p><em>Fotografering sker enligt schema som finns med i v\u00e5rt student-PM som skickas hem till alla studenter i slutet av vecka 17.<\/em><\/p>\n\n\n\n<p>V\u00e4lkomna att fira studenten med oss!<\/p>\n\n\n\n<hr class=\"wp-block-separator has-alpha-channel-opacity\"\/>\n\n\n\n<div style=\"height:18px\" aria-hidden=\"true\" class=\"wp-block-spacer\"><\/div>\n\n\n\n<h2 class=\"wp-block-heading\">Karta<\/h2>\n\n\n\n<p>Hur hittar jag i vimlet? Den fr\u00e5gan st\u00e4ller sig m\u00e5nga. Nedan hittar du en karta som guidar dig r\u00e4tt.<\/p>\n\n\n\n<figure class=\"wp-block-image size-large\"><img loading=\"lazy\" decoding=\"async\" width=\"1024\" height=\"576\" src=\"https:\/\/kunskapsforbundet.se\/app\/uploads\/sites\/4\/2026\/04\/PARKERING-STUDENTEN-1024x576.png\" alt=\"\" class=\"wp-image-7640\" srcset=\"https:\/\/kunskapsforbundet.se\/app\/uploads\/sites\/4\/2026\/04\/PARKERING-STUDENTEN-1024x576.png 1024w, https:\/\/kunskapsforbundet.se\/app\/uploads\/sites\/4\/2026\/04\/PARKERING-STUDENTEN-300x169.png 300w, https:\/\/kunskapsforbundet.se\/app\/uploads\/sites\/4\/2026\/04\/PARKERING-STUDENTEN-768x432.png 768w, https:\/\/kunskapsforbundet.se\/app\/uploads\/sites\/4\/2026\/04\/PARKERING-STUDENTEN-1536x864.png 1536w, https:\/\/kunskapsforbundet.se\/app\/uploads\/sites\/4\/2026\/04\/PARKERING-STUDENTEN.png 1920w\" sizes=\"auto, (max-width: 1024px) 100vw, 1024px\" \/><\/figure>\n\n\n\n<hr class=\"wp-block-separator has-alpha-channel-opacity\"\/>\n\n\n\n<div style=\"height:16px\" aria-hidden=\"true\" class=\"wp-block-spacer\"><\/div>\n\n\n\n<h2 class=\"wp-block-heading\">Bilder fr\u00e5n studenten 2025<\/h2>\n\n\n\n<figure class=\"wp-block-gallery has-nested-images columns-default is-cropped wp-block-gallery-2 is-layout-flex wp-block-gallery-is-layout-flex\">\n<figure class=\"wp-block-image size-large\"><img loading=\"lazy\" decoding=\"async\" width=\"1024\" height=\"683\" data-id=\"7641\" src=\"https:\/\/kunskapsforbundet.se\/app\/uploads\/sites\/4\/2026\/04\/DSC_2871-1024x683.jpg\" alt=\"\" class=\"wp-image-7641\" srcset=\"https:\/\/kunskapsforbundet.se\/app\/uploads\/sites\/4\/2026\/04\/DSC_2871-1024x683.jpg 1024w, https:\/\/kunskapsforbundet.se\/app\/uploads\/sites\/4\/2026\/04\/DSC_2871-300x200.jpg 300w, https:\/\/kunskapsforbundet.se\/app\/uploads\/sites\/4\/2026\/04\/DSC_2871-768x512.jpg 768w, https:\/\/kunskapsforbundet.se\/app\/uploads\/sites\/4\/2026\/04\/DSC_2871.jpg 1500w\" sizes=\"auto, (max-width: 1024px) 100vw, 1024px\" \/><\/figure>\n\n\n\n<figure class=\"wp-block-image size-large\"><img loading=\"lazy\" decoding=\"async\" width=\"1024\" height=\"683\" data-id=\"7642\" src=\"https:\/\/kunskapsforbundet.se\/app\/uploads\/sites\/4\/2026\/04\/DSC_2877-1024x683.jpg\" alt=\"\" class=\"wp-image-7642\" srcset=\"https:\/\/kunskapsforbundet.se\/app\/uploads\/sites\/4\/2026\/04\/DSC_2877-1024x683.jpg 1024w, https:\/\/kunskapsforbundet.se\/app\/uploads\/sites\/4\/2026\/04\/DSC_2877-300x200.jpg 300w, https:\/\/kunskapsforbundet.se\/app\/uploads\/sites\/4\/2026\/04\/DSC_2877-768x512.jpg 768w, https:\/\/kunskapsforbundet.se\/app\/uploads\/sites\/4\/2026\/04\/DSC_2877.jpg 1500w\" sizes=\"auto, (max-width: 1024px) 100vw, 1024px\" \/><\/figure>\n\n\n\n<figure class=\"wp-block-image size-large\"><img loading=\"lazy\" decoding=\"async\" width=\"1024\" height=\"683\" data-id=\"7643\" src=\"https:\/\/kunskapsforbundet.se\/app\/uploads\/sites\/4\/2026\/04\/DSC_2920-1024x683.jpg\" alt=\"\" class=\"wp-image-7643\" srcset=\"https:\/\/kunskapsforbundet.se\/app\/uploads\/sites\/4\/2026\/04\/DSC_2920-1024x683.jpg 1024w, https:\/\/kunskapsforbundet.se\/app\/uploads\/sites\/4\/2026\/04\/DSC_2920-300x200.jpg 300w, https:\/\/kunskapsforbundet.se\/app\/uploads\/sites\/4\/2026\/04\/DSC_2920-768x512.jpg 768w, https:\/\/kunskapsforbundet.se\/app\/uploads\/sites\/4\/2026\/04\/DSC_2920.jpg 1500w\" sizes=\"auto, (max-width: 1024px) 100vw, 1024px\" \/><\/figure>\n\n\n\n<figure class=\"wp-block-image size-large\"><img loading=\"lazy\" decoding=\"async\" width=\"1024\" height=\"683\" data-id=\"7644\" src=\"https:\/\/kunskapsforbundet.se\/app\/uploads\/sites\/4\/2026\/04\/DSC_2937-1024x683.jpg\" alt=\"\" class=\"wp-image-7644\" srcset=\"https:\/\/kunskapsforbundet.se\/app\/uploads\/sites\/4\/2026\/04\/DSC_2937-1024x683.jpg 1024w, https:\/\/kunskapsforbundet.se\/app\/uploads\/sites\/4\/2026\/04\/DSC_2937-300x200.jpg 300w, https:\/\/kunskapsforbundet.se\/app\/uploads\/sites\/4\/2026\/04\/DSC_2937-768x512.jpg 768w, https:\/\/kunskapsforbundet.se\/app\/uploads\/sites\/4\/2026\/04\/DSC_2937.jpg 1500w\" sizes=\"auto, (max-width: 1024px) 100vw, 1024px\" \/><\/figure>\n\n\n\n<figure class=\"wp-block-image size-large\"><img loading=\"lazy\" decoding=\"async\" width=\"1024\" height=\"683\" data-id=\"7645\" src=\"https:\/\/kunskapsforbundet.se\/app\/uploads\/sites\/4\/2026\/04\/DSC_2966-1024x683.jpg\" alt=\"\" class=\"wp-image-7645\" srcset=\"https:\/\/kunskapsforbundet.se\/app\/uploads\/sites\/4\/2026\/04\/DSC_2966-1024x683.jpg 1024w, https:\/\/kunskapsforbundet.se\/app\/uploads\/sites\/4\/2026\/04\/DSC_2966-300x200.jpg 300w, https:\/\/kunskapsforbundet.se\/app\/uploads\/sites\/4\/2026\/04\/DSC_2966-768x512.jpg 768w, https:\/\/kunskapsforbundet.se\/app\/uploads\/sites\/4\/2026\/04\/DSC_2966.jpg 1500w\" sizes=\"auto, (max-width: 1024px) 100vw, 1024px\" \/><\/figure>\n\n\n\n<figure class=\"wp-block-image size-large\"><img loading=\"lazy\" decoding=\"async\" width=\"1024\" height=\"683\" data-id=\"7646\" src=\"https:\/\/kunskapsforbundet.se\/app\/uploads\/sites\/4\/2026\/04\/DSC_2968-1024x683.jpg\" alt=\"\" class=\"wp-image-7646\" srcset=\"https:\/\/kunskapsforbundet.se\/app\/uploads\/sites\/4\/2026\/04\/DSC_2968-1024x683.jpg 1024w, https:\/\/kunskapsforbundet.se\/app\/uploads\/sites\/4\/2026\/04\/DSC_2968-300x200.jpg 300w, https:\/\/kunskapsforbundet.se\/app\/uploads\/sites\/4\/2026\/04\/DSC_2968-768x512.jpg 768w, https:\/\/kunskapsforbundet.se\/app\/uploads\/sites\/4\/2026\/04\/DSC_2968.jpg 1500w\" sizes=\"auto, (max-width: 1024px) 100vw, 1024px\" \/><\/figure>\n\n\n\n<figure class=\"wp-block-image size-large\"><img loading=\"lazy\" decoding=\"async\" width=\"1024\" height=\"683\" data-id=\"7647\" src=\"https:\/\/kunskapsforbundet.se\/app\/uploads\/sites\/4\/2026\/04\/DSC_3000-1024x683.jpg\" alt=\"\" class=\"wp-image-7647\" srcset=\"https:\/\/kunskapsforbundet.se\/app\/uploads\/sites\/4\/2026\/04\/DSC_3000-1024x683.jpg 1024w, https:\/\/kunskapsforbundet.se\/app\/uploads\/sites\/4\/2026\/04\/DSC_3000-300x200.jpg 300w, https:\/\/kunskapsforbundet.se\/app\/uploads\/sites\/4\/2026\/04\/DSC_3000-768x512.jpg 768w, https:\/\/kunskapsforbundet.se\/app\/uploads\/sites\/4\/2026\/04\/DSC_3000.jpg 1500w\" sizes=\"auto, (max-width: 1024px) 100vw, 1024px\" \/><\/figure>\n\n\n\n<figure class=\"wp-block-image size-large\"><img loading=\"lazy\" decoding=\"async\" width=\"1024\" height=\"683\" data-id=\"7648\" src=\"https:\/\/kunskapsforbundet.se\/app\/uploads\/sites\/4\/2026\/04\/DSC_3030-1024x683.jpg\" alt=\"\" class=\"wp-image-7648\" srcset=\"https:\/\/kunskapsforbundet.se\/app\/uploads\/sites\/4\/2026\/04\/DSC_3030-1024x683.jpg 1024w, https:\/\/kunskapsforbundet.se\/app\/uploads\/sites\/4\/2026\/04\/DSC_3030-300x200.jpg 300w, https:\/\/kunskapsforbundet.se\/app\/uploads\/sites\/4\/2026\/04\/DSC_3030-768x512.jpg 768w, https:\/\/kunskapsforbundet.se\/app\/uploads\/sites\/4\/2026\/04\/DSC_3030.jpg 1500w\" sizes=\"auto, (max-width: 1024px) 100vw, 1024px\" \/><\/figure>\n\n\n\n<figure class=\"wp-block-image size-large\"><img loading=\"lazy\" decoding=\"async\" width=\"1024\" height=\"683\" data-id=\"7649\" src=\"https:\/\/kunskapsforbundet.se\/app\/uploads\/sites\/4\/2026\/04\/DSC_3036-1024x683.jpg\" alt=\"\" class=\"wp-image-7649\" srcset=\"https:\/\/kunskapsforbundet.se\/app\/uploads\/sites\/4\/2026\/04\/DSC_3036-1024x683.jpg 1024w, https:\/\/kunskapsforbundet.se\/app\/uploads\/sites\/4\/2026\/04\/DSC_3036-300x200.jpg 300w, https:\/\/kunskapsforbundet.se\/app\/uploads\/sites\/4\/2026\/04\/DSC_3036-768x512.jpg 768w, https:\/\/kunskapsforbundet.se\/app\/uploads\/sites\/4\/2026\/04\/DSC_3036.jpg 1500w\" sizes=\"auto, (max-width: 1024px) 100vw, 1024px\" \/><\/figure>\n\n\n\n<figure class=\"wp-block-image size-large\"><img loading=\"lazy\" decoding=\"async\" width=\"1024\" height=\"683\" data-id=\"7650\" src=\"https:\/\/kunskapsforbundet.se\/app\/uploads\/sites\/4\/2026\/04\/DSC_3042-1024x683.jpg\" alt=\"\" class=\"wp-image-7650\" srcset=\"https:\/\/kunskapsforbundet.se\/app\/uploads\/sites\/4\/2026\/04\/DSC_3042-1024x683.jpg 1024w, https:\/\/kunskapsforbundet.se\/app\/uploads\/sites\/4\/2026\/04\/DSC_3042-300x200.jpg 300w, https:\/\/kunskapsforbundet.se\/app\/uploads\/sites\/4\/2026\/04\/DSC_3042-768x512.jpg 768w, https:\/\/kunskapsforbundet.se\/app\/uploads\/sites\/4\/2026\/04\/DSC_3042.jpg 1500w\" sizes=\"auto, (max-width: 1024px) 100vw, 1024px\" \/><\/figure>\n\n\n\n<figure class=\"wp-block-image size-large\"><img loading=\"lazy\" decoding=\"async\" width=\"1024\" height=\"683\" data-id=\"7651\" src=\"https:\/\/kunskapsforbundet.se\/app\/uploads\/sites\/4\/2026\/04\/DSC_3089-1024x683.jpg\" alt=\"\" class=\"wp-image-7651\" srcset=\"https:\/\/kunskapsforbundet.se\/app\/uploads\/sites\/4\/2026\/04\/DSC_3089-1024x683.jpg 1024w, https:\/\/kunskapsforbundet.se\/app\/uploads\/sites\/4\/2026\/04\/DSC_3089-300x200.jpg 300w, https:\/\/kunskapsforbundet.se\/app\/uploads\/sites\/4\/2026\/04\/DSC_3089-768x512.jpg 768w, https:\/\/kunskapsforbundet.se\/app\/uploads\/sites\/4\/2026\/04\/DSC_3089.jpg 1500w\" sizes=\"auto, (max-width: 1024px) 100vw, 1024px\" \/><\/figure>\n\n\n\n<figure class=\"wp-block-image size-large\"><img loading=\"lazy\" decoding=\"async\" width=\"1024\" height=\"683\" data-id=\"7652\" src=\"https:\/\/kunskapsforbundet.se\/app\/uploads\/sites\/4\/2026\/04\/DSC_3141-1024x683.jpg\" alt=\"\" class=\"wp-image-7652\" srcset=\"https:\/\/kunskapsforbundet.se\/app\/uploads\/sites\/4\/2026\/04\/DSC_3141-1024x683.jpg 1024w, https:\/\/kunskapsforbundet.se\/app\/uploads\/sites\/4\/2026\/04\/DSC_3141-300x200.jpg 300w, https:\/\/kunskapsforbundet.se\/app\/uploads\/sites\/4\/2026\/04\/DSC_3141-768x512.jpg 768w, https:\/\/kunskapsforbundet.se\/app\/uploads\/sites\/4\/2026\/04\/DSC_3141.jpg 1500w\" sizes=\"auto, (max-width: 1024px) 100vw, 1024px\" \/><\/figure>\n\n\n\n<figure class=\"wp-block-image size-large\"><img loading=\"lazy\" decoding=\"async\" width=\"1024\" height=\"683\" data-id=\"7654\" src=\"https:\/\/kunskapsforbundet.se\/app\/uploads\/sites\/4\/2026\/04\/DSC_2445-1024x683.jpg\" alt=\"\" class=\"wp-image-7654\" srcset=\"https:\/\/kunskapsforbundet.se\/app\/uploads\/sites\/4\/2026\/04\/DSC_2445-1024x683.jpg 1024w, https:\/\/kunskapsforbundet.se\/app\/uploads\/sites\/4\/2026\/04\/DSC_2445-300x200.jpg 300w, https:\/\/kunskapsforbundet.se\/app\/uploads\/sites\/4\/2026\/04\/DSC_2445-768x512.jpg 768w, https:\/\/kunskapsforbundet.se\/app\/uploads\/sites\/4\/2026\/04\/DSC_2445.jpg 1500w\" sizes=\"auto, (max-width: 1024px) 100vw, 1024px\" \/><\/figure>\n\n\n\n<figure class=\"wp-block-image size-large\"><img loading=\"lazy\" decoding=\"async\" width=\"1024\" height=\"683\" data-id=\"7655\" src=\"https:\/\/kunskapsforbundet.se\/app\/uploads\/sites\/4\/2026\/04\/DSC_2474-1024x683.jpg\" alt=\"\" class=\"wp-image-7655\" srcset=\"https:\/\/kunskapsforbundet.se\/app\/uploads\/sites\/4\/2026\/04\/DSC_2474-1024x683.jpg 1024w, https:\/\/kunskapsforbundet.se\/app\/uploads\/sites\/4\/2026\/04\/DSC_2474-300x200.jpg 300w, https:\/\/kunskapsforbundet.se\/app\/uploads\/sites\/4\/2026\/04\/DSC_2474-768x512.jpg 768w, https:\/\/kunskapsforbundet.se\/app\/uploads\/sites\/4\/2026\/04\/DSC_2474.jpg 1500w\" sizes=\"auto, (max-width: 1024px) 100vw, 1024px\" \/><\/figure>\n\n\n\n<figure class=\"wp-block-image size-large\"><img loading=\"lazy\" decoding=\"async\" width=\"1024\" height=\"683\" data-id=\"7656\" src=\"https:\/\/kunskapsforbundet.se\/app\/uploads\/sites\/4\/2026\/04\/DSC_2497-1024x683.jpg\" alt=\"\" class=\"wp-image-7656\" srcset=\"https:\/\/kunskapsforbundet.se\/app\/uploads\/sites\/4\/2026\/04\/DSC_2497-1024x683.jpg 1024w, https:\/\/kunskapsforbundet.se\/app\/uploads\/sites\/4\/2026\/04\/DSC_2497-300x200.jpg 300w, https:\/\/kunskapsforbundet.se\/app\/uploads\/sites\/4\/2026\/04\/DSC_2497-768x512.jpg 768w, https:\/\/kunskapsforbundet.se\/app\/uploads\/sites\/4\/2026\/04\/DSC_2497.jpg 1500w\" sizes=\"auto, (max-width: 1024px) 100vw, 1024px\" \/><\/figure>\n\n\n\n<figure class=\"wp-block-image size-large\"><img loading=\"lazy\" decoding=\"async\" width=\"1024\" height=\"683\" data-id=\"7657\" src=\"https:\/\/kunskapsforbundet.se\/app\/uploads\/sites\/4\/2026\/04\/DSC_2519-1024x683.jpg\" alt=\"\" class=\"wp-image-7657\" srcset=\"https:\/\/kunskapsforbundet.se\/app\/uploads\/sites\/4\/2026\/04\/DSC_2519-1024x683.jpg 1024w, https:\/\/kunskapsforbundet.se\/app\/uploads\/sites\/4\/2026\/04\/DSC_2519-300x200.jpg 300w, https:\/\/kunskapsforbundet.se\/app\/uploads\/sites\/4\/2026\/04\/DSC_2519-768x512.jpg 768w, https:\/\/kunskapsforbundet.se\/app\/uploads\/sites\/4\/2026\/04\/DSC_2519.jpg 1500w\" sizes=\"auto, (max-width: 1024px) 100vw, 1024px\" \/><\/figure>\n\n\n\n<figure class=\"wp-block-image size-large\"><img loading=\"lazy\" decoding=\"async\" width=\"1024\" height=\"683\" data-id=\"7658\" src=\"https:\/\/kunskapsforbundet.se\/app\/uploads\/sites\/4\/2026\/04\/DSC_2536-1024x683.jpg\" alt=\"\" class=\"wp-image-7658\" srcset=\"https:\/\/kunskapsforbundet.se\/app\/uploads\/sites\/4\/2026\/04\/DSC_2536-1024x683.jpg 1024w, https:\/\/kunskapsforbundet.se\/app\/uploads\/sites\/4\/2026\/04\/DSC_2536-300x200.jpg 300w, https:\/\/kunskapsforbundet.se\/app\/uploads\/sites\/4\/2026\/04\/DSC_2536-768x512.jpg 768w, https:\/\/kunskapsforbundet.se\/app\/uploads\/sites\/4\/2026\/04\/DSC_2536.jpg 1500w\" sizes=\"auto, (max-width: 1024px) 100vw, 1024px\" \/><\/figure>\n\n\n\n<figure class=\"wp-block-image size-large\"><img loading=\"lazy\" decoding=\"async\" width=\"1024\" height=\"683\" data-id=\"7659\" src=\"https:\/\/kunskapsforbundet.se\/app\/uploads\/sites\/4\/2026\/04\/DSC_2576-1024x683.jpg\" alt=\"\" class=\"wp-image-7659\" srcset=\"https:\/\/kunskapsforbundet.se\/app\/uploads\/sites\/4\/2026\/04\/DSC_2576-1024x683.jpg 1024w, https:\/\/kunskapsforbundet.se\/app\/uploads\/sites\/4\/2026\/04\/DSC_2576-300x200.jpg 300w, https:\/\/kunskapsforbundet.se\/app\/uploads\/sites\/4\/2026\/04\/DSC_2576-768x512.jpg 768w, https:\/\/kunskapsforbundet.se\/app\/uploads\/sites\/4\/2026\/04\/DSC_2576.jpg 1500w\" sizes=\"auto, (max-width: 1024px) 100vw, 1024px\" \/><\/figure>\n\n\n\n<figure class=\"wp-block-image size-large\"><img loading=\"lazy\" decoding=\"async\" width=\"1024\" height=\"683\" data-id=\"7660\" src=\"https:\/\/kunskapsforbundet.se\/app\/uploads\/sites\/4\/2026\/04\/DSC_2582-1024x683.jpg\" alt=\"\" class=\"wp-image-7660\" srcset=\"https:\/\/kunskapsforbundet.se\/app\/uploads\/sites\/4\/2026\/04\/DSC_2582-1024x683.jpg 1024w, https:\/\/kunskapsforbundet.se\/app\/uploads\/sites\/4\/2026\/04\/DSC_2582-300x200.jpg 300w, https:\/\/kunskapsforbundet.se\/app\/uploads\/sites\/4\/2026\/04\/DSC_2582-768x512.jpg 768w, https:\/\/kunskapsforbundet.se\/app\/uploads\/sites\/4\/2026\/04\/DSC_2582.jpg 1500w\" sizes=\"auto, (max-width: 1024px) 100vw, 1024px\" \/><\/figure>\n\n\n\n<figure class=\"wp-block-image size-large\"><img loading=\"lazy\" decoding=\"async\" width=\"1024\" height=\"683\" data-id=\"7661\" src=\"https:\/\/kunskapsforbundet.se\/app\/uploads\/sites\/4\/2026\/04\/DSC_2591-1024x683.jpg\" alt=\"\" class=\"wp-image-7661\" srcset=\"https:\/\/kunskapsforbundet.se\/app\/uploads\/sites\/4\/2026\/04\/DSC_2591-1024x683.jpg 1024w, https:\/\/kunskapsforbundet.se\/app\/uploads\/sites\/4\/2026\/04\/DSC_2591-300x200.jpg 300w, https:\/\/kunskapsforbundet.se\/app\/uploads\/sites\/4\/2026\/04\/DSC_2591-768x512.jpg 768w, https:\/\/kunskapsforbundet.se\/app\/uploads\/sites\/4\/2026\/04\/DSC_2591.jpg 1500w\" sizes=\"auto, (max-width: 1024px) 100vw, 1024px\" \/><\/figure>\n\n\n\n<figure class=\"wp-block-image size-large\"><img loading=\"lazy\" decoding=\"async\" width=\"1024\" height=\"683\" data-id=\"7662\" src=\"https:\/\/kunskapsforbundet.se\/app\/uploads\/sites\/4\/2026\/04\/DSC_2599-1024x683.jpg\" alt=\"\" class=\"wp-image-7662\" srcset=\"https:\/\/kunskapsforbundet.se\/app\/uploads\/sites\/4\/2026\/04\/DSC_2599-1024x683.jpg 1024w, https:\/\/kunskapsforbundet.se\/app\/uploads\/sites\/4\/2026\/04\/DSC_2599-300x200.jpg 300w, https:\/\/kunskapsforbundet.se\/app\/uploads\/sites\/4\/2026\/04\/DSC_2599-768x512.jpg 768w, https:\/\/kunskapsforbundet.se\/app\/uploads\/sites\/4\/2026\/04\/DSC_2599.jpg 1500w\" sizes=\"auto, (max-width: 1024px) 100vw, 1024px\" \/><\/figure>\n\n\n\n<figure class=\"wp-block-image size-large\"><img loading=\"lazy\" decoding=\"async\" width=\"1024\" height=\"683\" data-id=\"7663\" src=\"https:\/\/kunskapsforbundet.se\/app\/uploads\/sites\/4\/2026\/04\/DSC_2632-1024x683.jpg\" alt=\"\" class=\"wp-image-7663\" srcset=\"https:\/\/kunskapsforbundet.se\/app\/uploads\/sites\/4\/2026\/04\/DSC_2632-1024x683.jpg 1024w, https:\/\/kunskapsforbundet.se\/app\/uploads\/sites\/4\/2026\/04\/DSC_2632-300x200.jpg 300w, https:\/\/kunskapsforbundet.se\/app\/uploads\/sites\/4\/2026\/04\/DSC_2632-768x512.jpg 768w, https:\/\/kunskapsforbundet.se\/app\/uploads\/sites\/4\/2026\/04\/DSC_2632.jpg 1500w\" sizes=\"auto, (max-width: 1024px) 100vw, 1024px\" \/><\/figure>\n\n\n\n<figure class=\"wp-block-image size-large\"><img loading=\"lazy\" decoding=\"async\" width=\"1024\" height=\"683\" data-id=\"7664\" src=\"https:\/\/kunskapsforbundet.se\/app\/uploads\/sites\/4\/2026\/04\/DSC_2662-1024x683.jpg\" alt=\"\" class=\"wp-image-7664\" srcset=\"https:\/\/kunskapsforbundet.se\/app\/uploads\/sites\/4\/2026\/04\/DSC_2662-1024x683.jpg 1024w, https:\/\/kunskapsforbundet.se\/app\/uploads\/sites\/4\/2026\/04\/DSC_2662-300x200.jpg 300w, https:\/\/kunskapsforbundet.se\/app\/uploads\/sites\/4\/2026\/04\/DSC_2662-768x512.jpg 768w, https:\/\/kunskapsforbundet.se\/app\/uploads\/sites\/4\/2026\/04\/DSC_2662.jpg 1500w\" sizes=\"auto, (max-width: 1024px) 100vw, 1024px\" \/><\/figure>\n\n\n\n<figure class=\"wp-block-image size-large\"><img loading=\"lazy\" decoding=\"async\" width=\"1024\" height=\"683\" data-id=\"7665\" src=\"https:\/\/kunskapsforbundet.se\/app\/uploads\/sites\/4\/2026\/04\/DSC_2683-1024x683.jpg\" alt=\"\" class=\"wp-image-7665\" srcset=\"https:\/\/kunskapsforbundet.se\/app\/uploads\/sites\/4\/2026\/04\/DSC_2683-1024x683.jpg 1024w, https:\/\/kunskapsforbundet.se\/app\/uploads\/sites\/4\/2026\/04\/DSC_2683-300x200.jpg 300w, https:\/\/kunskapsforbundet.se\/app\/uploads\/sites\/4\/2026\/04\/DSC_2683-768x512.jpg 768w, https:\/\/kunskapsforbundet.se\/app\/uploads\/sites\/4\/2026\/04\/DSC_2683.jpg 1500w\" sizes=\"auto, (max-width: 1024px) 100vw, 1024px\" \/><\/figure>\n\n\n\n<figure class=\"wp-block-image size-large\"><img loading=\"lazy\" decoding=\"async\" width=\"1024\" height=\"683\" data-id=\"7666\" src=\"https:\/\/kunskapsforbundet.se\/app\/uploads\/sites\/4\/2026\/04\/DSC_2712-1024x683.jpg\" alt=\"\" class=\"wp-image-7666\" srcset=\"https:\/\/kunskapsforbundet.se\/app\/uploads\/sites\/4\/2026\/04\/DSC_2712-1024x683.jpg 1024w, https:\/\/kunskapsforbundet.se\/app\/uploads\/sites\/4\/2026\/04\/DSC_2712-300x200.jpg 300w, https:\/\/kunskapsforbundet.se\/app\/uploads\/sites\/4\/2026\/04\/DSC_2712-768x512.jpg 768w, https:\/\/kunskapsforbundet.se\/app\/uploads\/sites\/4\/2026\/04\/DSC_2712.jpg 1500w\" sizes=\"auto, (max-width: 1024px) 100vw, 1024px\" \/><\/figure>\n\n\n\n<figure class=\"wp-block-image size-large\"><img loading=\"lazy\" decoding=\"async\" width=\"1024\" height=\"683\" data-id=\"7667\" src=\"https:\/\/kunskapsforbundet.se\/app\/uploads\/sites\/4\/2026\/04\/DSC_2723-1024x683.jpg\" alt=\"\" class=\"wp-image-7667\" srcset=\"https:\/\/kunskapsforbundet.se\/app\/uploads\/sites\/4\/2026\/04\/DSC_2723-1024x683.jpg 1024w, https:\/\/kunskapsforbundet.se\/app\/uploads\/sites\/4\/2026\/04\/DSC_2723-300x200.jpg 300w, https:\/\/kunskapsforbundet.se\/app\/uploads\/sites\/4\/2026\/04\/DSC_2723-768x512.jpg 768w, https:\/\/kunskapsforbundet.se\/app\/uploads\/sites\/4\/2026\/04\/DSC_2723.jpg 1500w\" sizes=\"auto, (max-width: 1024px) 100vw, 1024px\" \/><\/figure>\n\n\n\n<figure class=\"wp-block-image size-large\"><img loading=\"lazy\" decoding=\"async\" width=\"1024\" height=\"683\" data-id=\"7668\" src=\"https:\/\/kunskapsforbundet.se\/app\/uploads\/sites\/4\/2026\/04\/DSC_2781-1024x683.jpg\" alt=\"\" class=\"wp-image-7668\" srcset=\"https:\/\/kunskapsforbundet.se\/app\/uploads\/sites\/4\/2026\/04\/DSC_2781-1024x683.jpg 1024w, https:\/\/kunskapsforbundet.se\/app\/uploads\/sites\/4\/2026\/04\/DSC_2781-300x200.jpg 300w, https:\/\/kunskapsforbundet.se\/app\/uploads\/sites\/4\/2026\/04\/DSC_2781-768x512.jpg 768w, https:\/\/kunskapsforbundet.se\/app\/uploads\/sites\/4\/2026\/04\/DSC_2781.jpg 1500w\" sizes=\"auto, (max-width: 1024px) 100vw, 1024px\" \/><\/figure>\n\n\n\n<figure class=\"wp-block-image size-large\"><img loading=\"lazy\" decoding=\"async\" width=\"1024\" height=\"683\" data-id=\"7669\" src=\"https:\/\/kunskapsforbundet.se\/app\/uploads\/sites\/4\/2026\/04\/DSC_2817-1024x683.jpg\" alt=\"\" class=\"wp-image-7669\" srcset=\"https:\/\/kunskapsforbundet.se\/app\/uploads\/sites\/4\/2026\/04\/DSC_2817-1024x683.jpg 1024w, https:\/\/kunskapsforbundet.se\/app\/uploads\/sites\/4\/2026\/04\/DSC_2817-300x200.jpg 300w, https:\/\/kunskapsforbundet.se\/app\/uploads\/sites\/4\/2026\/04\/DSC_2817-768x512.jpg 768w, https:\/\/kunskapsforbundet.se\/app\/uploads\/sites\/4\/2026\/04\/DSC_2817.jpg 1500w\" sizes=\"auto, (max-width: 1024px) 100vw, 1024px\" \/><\/figure>\n\n\n\n<figure class=\"wp-block-image size-large\"><img loading=\"lazy\" decoding=\"async\" width=\"1024\" height=\"683\" data-id=\"7670\" src=\"https:\/\/kunskapsforbundet.se\/app\/uploads\/sites\/4\/2026\/04\/DSC_2837-1024x683.jpg\" alt=\"\" class=\"wp-image-7670\" srcset=\"https:\/\/kunskapsforbundet.se\/app\/uploads\/sites\/4\/2026\/04\/DSC_2837-1024x683.jpg 1024w, https:\/\/kunskapsforbundet.se\/app\/uploads\/sites\/4\/2026\/04\/DSC_2837-300x200.jpg 300w, https:\/\/kunskapsforbundet.se\/app\/uploads\/sites\/4\/2026\/04\/DSC_2837-768x512.jpg 768w, https:\/\/kunskapsforbundet.se\/app\/uploads\/sites\/4\/2026\/04\/DSC_2837.jpg 1500w\" sizes=\"auto, (max-width: 1024px) 100vw, 1024px\" \/><\/figure>\n\n\n\n<figure class=\"wp-block-image size-large\"><img loading=\"lazy\" decoding=\"async\" width=\"1024\" height=\"683\" data-id=\"7671\" src=\"https:\/\/kunskapsforbundet.se\/app\/uploads\/sites\/4\/2026\/04\/DSC_2858-1024x683.jpg\" alt=\"\" class=\"wp-image-7671\" srcset=\"https:\/\/kunskapsforbundet.se\/app\/uploads\/sites\/4\/2026\/04\/DSC_2858-1024x683.jpg 1024w, https:\/\/kunskapsforbundet.se\/app\/uploads\/sites\/4\/2026\/04\/DSC_2858-300x200.jpg 300w, https:\/\/kunskapsforbundet.se\/app\/uploads\/sites\/4\/2026\/04\/DSC_2858-768x512.jpg 768w, https:\/\/kunskapsforbundet.se\/app\/uploads\/sites\/4\/2026\/04\/DSC_2858.jpg 1500w\" sizes=\"auto, (max-width: 1024px) 100vw, 1024px\" \/><\/figure>\n\n\n\n<figure class=\"wp-block-image size-large\"><img loading=\"lazy\" decoding=\"async\" width=\"1024\" height=\"683\" data-id=\"7672\" src=\"https:\/\/kunskapsforbundet.se\/app\/uploads\/sites\/4\/2026\/04\/DSC_2863-1024x683.jpg\" alt=\"\" class=\"wp-image-7672\" srcset=\"https:\/\/kunskapsforbundet.se\/app\/uploads\/sites\/4\/2026\/04\/DSC_2863-1024x683.jpg 1024w, https:\/\/kunskapsforbundet.se\/app\/uploads\/sites\/4\/2026\/04\/DSC_2863-300x200.jpg 300w, https:\/\/kunskapsforbundet.se\/app\/uploads\/sites\/4\/2026\/04\/DSC_2863-768x512.jpg 768w, https:\/\/kunskapsforbundet.se\/app\/uploads\/sites\/4\/2026\/04\/DSC_2863.jpg 1500w\" sizes=\"auto, (max-width: 1024px) 100vw, 1024px\" \/><\/figure>\n<\/figure>\n","protected":false},"excerpt":{"rendered":"<p>N\u00e4r? 12 juni 2026Var? Magnus \u00c5bergsgymnasiet H\u00e5lltider den 12 juni 09:00 Skolan \u00f6ppnar. Mentorstid samt fotografering. 10:30 Studentfirande i aulan.11:45 Utspring.12:20 Uppst\u00e4llning vid Karlstorpsporten f\u00f6r studentparaden. Nils Ericsonsgymnasiet ansluter nere vid G\u00e4rdhemsv\u00e4gen och paraden forts\u00e4tter ner mot Oskarsbron. Fotografering sker enligt schema som finns med i v\u00e5rt student-PM som skickas hem till alla studenter i [&hellip;]<\/p>\n","protected":false},"author":59,"featured_media":7641,"parent":0,"menu_order":0,"comment_status":"closed","ping_status":"closed","template":"","meta":{"_acf_changed":false,"footnotes":""},"class_list":["post-7625","page","type-page","status-publish","has-post-thumbnail","hentry"],"acf":[],"_links":{"self":[{"href":"https:\/\/kunskapsforbundet.se\/magnus-abergsgymnasiet\/wp-json\/wp\/v2\/pages\/7625","targetHints":{"allow":["GET"]}}],"collection":[{"href":"https:\/\/kunskapsforbundet.se\/magnus-abergsgymnasiet\/wp-json\/wp\/v2\/pages"}],"about":[{"href":"https:\/\/kunskapsforbundet.se\/magnus-abergsgymnasiet\/wp-json\/wp\/v2\/types\/page"}],"author":[{"embeddable":true,"href":"https:\/\/kunskapsforbundet.se\/magnus-abergsgymnasiet\/wp-json\/wp\/v2\/users\/59"}],"replies":[{"embeddable":true,"href":"https:\/\/kunskapsforbundet.se\/magnus-abergsgymnasiet\/wp-json\/wp\/v2\/comments?post=7625"}],"version-history":[{"count":5,"href":"https:\/\/kunskapsforbundet.se\/magnus-abergsgymnasiet\/wp-json\/wp\/v2\/pages\/7625\/revisions"}],"predecessor-version":[{"id":7681,"href":"https:\/\/kunskapsforbundet.se\/magnus-abergsgymnasiet\/wp-json\/wp\/v2\/pages\/7625\/revisions\/7681"}],"wp:featuredmedia":[{"embeddable":true,"href":"https:\/\/kunskapsforbundet.se\/magnus-abergsgymnasiet\/wp-json\/wp\/v2\/media\/7641"}],"wp:attachment":[{"href":"https:\/\/kunskapsforbundet.se\/magnus-abergsgymnasiet\/wp-json\/wp\/v2\/media?parent=7625"}],"curies":[{"name":"wp","href":"https:\/\/api.w.org\/{rel}","templated":true}]}}