{"id":7326,"date":"2025-10-28T13:50:35","date_gmt":"2025-10-28T12:50:35","guid":{"rendered":"https:\/\/kunskapsforbundet.se\/magnus-abergsgymnasiet\/?page_id=7326"},"modified":"2025-12-09T14:02:19","modified_gmt":"2025-12-09T13:02:19","slug":"simning-liu","status":"publish","type":"page","link":"https:\/\/kunskapsforbundet.se\/magnus-abergsgymnasiet\/simning-liu\/","title":{"rendered":"Simning (LIU)"},"content":{"rendered":"\n<div class=\"pages__ingress pb-4 mb-0\"><p class=\"wp-block-ggb-block-feature__ingress\">Tr\u00e4nar du simning och vill kombinera din gymnasieutbildning med din idrott? V\u00e4lj d\u00e5 att l\u00e4sa lokal idrottsutbildning hos oss!<\/p><\/div>\n\n\n\n<p>Magnus \u00c5bergsgymnasiet samarbetar med Trollh\u00e4ttans Sims\u00e4llskap och tillsammans erbjuder vi nu m\u00f6jligheten att l\u00e4sa 200 po\u00e4ng T\u00e4vlingsidrott som individuellt val. Det ger dig chansen att spendera fler tr\u00e4ningstimmar i vattnet och utvecklas mer som idrottare. F\u00f6reningens professionella tr\u00e4nare leder dig fram\u00e5t i tr\u00e4ningen.<\/p>\n\n\n\n<h3 class=\"wp-block-heading\">Trollh\u00e4ttans Sims\u00e4llskap<\/h3>\n\n\n\n<p>\u00c4r du intresserad av att l\u00e4sa lokal idrottsutbildning i simning? Kontakta Trollh\u00e4ttans Sims\u00e4llskap s\u00e5 guidar de dig vidare i processen.<\/p>\n\n\n\n<p><strong>Kontakt:<\/strong><br>Fredrik Larsson<br>073-5003385<br>fredrik.larsson@trollhattesim.se<\/p>\n","protected":false},"excerpt":{"rendered":"<p>Magnus \u00c5bergsgymnasiet samarbetar med Trollh\u00e4ttans Sims\u00e4llskap och tillsammans erbjuder vi nu m\u00f6jligheten att l\u00e4sa 200 po\u00e4ng T\u00e4vlingsidrott som individuellt val. Det ger dig chansen att spendera fler tr\u00e4ningstimmar i vattnet och utvecklas mer som idrottare. F\u00f6reningens professionella tr\u00e4nare leder dig fram\u00e5t i tr\u00e4ningen. Trollh\u00e4ttans Sims\u00e4llskap \u00c4r du intresserad av att l\u00e4sa lokal idrottsutbildning i simning? [&hellip;]<\/p>\n","protected":false},"author":59,"featured_media":7327,"parent":0,"menu_order":0,"comment_status":"closed","ping_status":"closed","template":"","meta":{"_acf_changed":false,"footnotes":""},"class_list":["post-7326","page","type-page","status-publish","has-post-thumbnail","hentry"],"acf":[],"_links":{"self":[{"href":"https:\/\/kunskapsforbundet.se\/magnus-abergsgymnasiet\/wp-json\/wp\/v2\/pages\/7326","targetHints":{"allow":["GET"]}}],"collection":[{"href":"https:\/\/kunskapsforbundet.se\/magnus-abergsgymnasiet\/wp-json\/wp\/v2\/pages"}],"about":[{"href":"https:\/\/kunskapsforbundet.se\/magnus-abergsgymnasiet\/wp-json\/wp\/v2\/types\/page"}],"author":[{"embeddable":true,"href":"https:\/\/kunskapsforbundet.se\/magnus-abergsgymnasiet\/wp-json\/wp\/v2\/users\/59"}],"replies":[{"embeddable":true,"href":"https:\/\/kunskapsforbundet.se\/magnus-abergsgymnasiet\/wp-json\/wp\/v2\/comments?post=7326"}],"version-history":[{"count":2,"href":"https:\/\/kunskapsforbundet.se\/magnus-abergsgymnasiet\/wp-json\/wp\/v2\/pages\/7326\/revisions"}],"predecessor-version":[{"id":7449,"href":"https:\/\/kunskapsforbundet.se\/magnus-abergsgymnasiet\/wp-json\/wp\/v2\/pages\/7326\/revisions\/7449"}],"wp:featuredmedia":[{"embeddable":true,"href":"https:\/\/kunskapsforbundet.se\/magnus-abergsgymnasiet\/wp-json\/wp\/v2\/media\/7327"}],"wp:attachment":[{"href":"https:\/\/kunskapsforbundet.se\/magnus-abergsgymnasiet\/wp-json\/wp\/v2\/media?parent=7326"}],"curies":[{"name":"wp","href":"https:\/\/api.w.org\/{rel}","templated":true}]}}