{"id":6765,"date":"2024-10-28T13:14:35","date_gmt":"2024-10-28T12:14:35","guid":{"rendered":"https:\/\/kunskapsforbundet.se\/magnus-abergsgymnasiet\/?page_id=6765"},"modified":"2024-10-30T10:49:07","modified_gmt":"2024-10-30T09:49:07","slug":"handboll-liu","status":"publish","type":"page","link":"https:\/\/kunskapsforbundet.se\/magnus-abergsgymnasiet\/handboll-liu\/","title":{"rendered":"Handboll (LIU)"},"content":{"rendered":"\n<div class=\"pages__ingress pb-4 mb-0\"><p class=\"wp-block-ggb-block-feature__ingress\">Tr\u00e4nar du handboll i KFUM och vill kombinera din gymnasieutbildning med din idrott? V\u00e4lj d\u00e5 att l\u00e4sa lokal idrottsutbildning hos oss!<\/p><\/div>\n\n\n\n<p>Magnus \u00c5bergsgymnasiet samarbetar med KFUM Trollh\u00e4ttan och tillsammans erbjuder vi nu m\u00f6jligheten att l\u00e4sa 200 po\u00e4ng T\u00e4vlingsidrott som individuellt val. Det ger dig chansen att spendera fler tr\u00e4ningstimmar p\u00e5 planen och utvecklas mer som spelare. F\u00f6reningens professionella tr\u00e4nare leder dig fram\u00e5t i tr\u00e4ningen.<\/p>\n\n\n\n<h3 class=\"wp-block-heading\">KFUM Trollh\u00e4ttan<\/h3>\n\n\n\n<p>\u00c4r du intresserad av att l\u00e4sa lokal idrottsutbildning i handboll? Kontakta KFUM Trollh\u00e4ttan s\u00e5 guidar de dig vidare i processen. <\/p>\n\n\n\n<p><strong>Kontakt:<\/strong><br>Emil Gr\u00f6nquist<br>0520- 41 11 55<br>0708-328494<br><a href=\"mailto:kansli@kfumtrollhattan.se\">kansli@kfumtrollhattan.se<\/a><\/p>\n\n\n\n<div class=\"wp-block-buttons is-layout-flex wp-block-buttons-is-layout-flex\">\n<div class=\"wp-block-button has-custom-font-size is-style-fill has-medium-font-size\"><a class=\"wp-block-button__link has-white-color has-text-color has-background has-link-color wp-element-button\" href=\"https:\/\/www.kfumtrollhattan.se\/start\/?ID=12711\" style=\"border-radius:0px;background-color:#fa642d\" target=\"_blank\" rel=\"noreferrer noopener\">L\u00e4s mer om KFUM Trollh\u00e4ttan<\/a><\/div>\n<\/div>\n\n\n\n<p><\/p>\n","protected":false},"excerpt":{"rendered":"<p>Magnus \u00c5bergsgymnasiet samarbetar med KFUM Trollh\u00e4ttan och tillsammans erbjuder vi nu m\u00f6jligheten att l\u00e4sa 200 po\u00e4ng T\u00e4vlingsidrott som individuellt val. Det ger dig chansen att spendera fler tr\u00e4ningstimmar p\u00e5 planen och utvecklas mer som spelare. F\u00f6reningens professionella tr\u00e4nare leder dig fram\u00e5t i tr\u00e4ningen. KFUM Trollh\u00e4ttan \u00c4r du intresserad av att l\u00e4sa lokal idrottsutbildning i handboll? [&hellip;]<\/p>\n","protected":false},"author":59,"featured_media":6767,"parent":0,"menu_order":0,"comment_status":"closed","ping_status":"closed","template":"","meta":{"_acf_changed":false,"footnotes":""},"class_list":["post-6765","page","type-page","status-publish","has-post-thumbnail","hentry"],"acf":[],"_links":{"self":[{"href":"https:\/\/kunskapsforbundet.se\/magnus-abergsgymnasiet\/wp-json\/wp\/v2\/pages\/6765","targetHints":{"allow":["GET"]}}],"collection":[{"href":"https:\/\/kunskapsforbundet.se\/magnus-abergsgymnasiet\/wp-json\/wp\/v2\/pages"}],"about":[{"href":"https:\/\/kunskapsforbundet.se\/magnus-abergsgymnasiet\/wp-json\/wp\/v2\/types\/page"}],"author":[{"embeddable":true,"href":"https:\/\/kunskapsforbundet.se\/magnus-abergsgymnasiet\/wp-json\/wp\/v2\/users\/59"}],"replies":[{"embeddable":true,"href":"https:\/\/kunskapsforbundet.se\/magnus-abergsgymnasiet\/wp-json\/wp\/v2\/comments?post=6765"}],"version-history":[{"count":4,"href":"https:\/\/kunskapsforbundet.se\/magnus-abergsgymnasiet\/wp-json\/wp\/v2\/pages\/6765\/revisions"}],"predecessor-version":[{"id":6782,"href":"https:\/\/kunskapsforbundet.se\/magnus-abergsgymnasiet\/wp-json\/wp\/v2\/pages\/6765\/revisions\/6782"}],"wp:featuredmedia":[{"embeddable":true,"href":"https:\/\/kunskapsforbundet.se\/magnus-abergsgymnasiet\/wp-json\/wp\/v2\/media\/6767"}],"wp:attachment":[{"href":"https:\/\/kunskapsforbundet.se\/magnus-abergsgymnasiet\/wp-json\/wp\/v2\/media?parent=6765"}],"curies":[{"name":"wp","href":"https:\/\/api.w.org\/{rel}","templated":true}]}}