{"id":6761,"date":"2024-10-28T13:05:36","date_gmt":"2024-10-28T12:05:36","guid":{"rendered":"https:\/\/kunskapsforbundet.se\/magnus-abergsgymnasiet\/?page_id=6761"},"modified":"2024-10-28T16:29:59","modified_gmt":"2024-10-28T15:29:59","slug":"truppgymnastik-liu","status":"publish","type":"page","link":"https:\/\/kunskapsforbundet.se\/magnus-abergsgymnasiet\/truppgymnastik-liu\/","title":{"rendered":"Truppgymnastik (LIU)"},"content":{"rendered":"\n<div class=\"pages__ingress pb-4 mb-0\"><p class=\"wp-block-ggb-block-feature__ingress\">Tr\u00e4nar du gymnastik i NIF-gymnasterna och vill kombinera din gymnasieutbildning med din idrott? V\u00e4lj d\u00e5 att l\u00e4sa lokal idrottsutbildning hos oss! <\/p><\/div>\n\n\n\n<p>Magnus \u00c5bergsgymnasiet samarbetar med NIF-gymnasterna och tillsammans erbjuder vi nu m\u00f6jligheten att l\u00e4sa 200 po\u00e4ng T\u00e4vlingsidrott som individuellt val. Det ger dig chansen att spendera fler timmar i hallen och utvecklas mer som gymnast. F\u00f6reningens professionella tr\u00e4nare leder dig fram\u00e5t i tr\u00e4ningen. <\/p>\n\n\n\n<h3 class=\"wp-block-heading\">NIF-Gymnasterna Trollh\u00e4ttan<\/h3>\n\n\n\n<p>\u00c4r du intresserad av att l\u00e4sa lokal idrottsutbildning i truppgymnastik? Kontakta NIF-gymnasterna s\u00e5 guidar de dig vidare i processen. <\/p>\n\n\n\n<p><strong>Kontakt<\/strong>:<br>NIF-gymnasternas kansli<br>kansli@nifgymnasterna.se<br>0520-308 20<\/p>\n\n\n\n<div class=\"wp-block-buttons is-layout-flex wp-block-buttons-is-layout-flex\">\n<div class=\"wp-block-button has-custom-font-size has-medium-font-size\"><a class=\"wp-block-button__link has-white-color has-text-color has-background has-link-color wp-element-button\" href=\"https:\/\/www.nifgymnasterna.se\/\" style=\"border-radius:0px;background-color:#fa642d\" target=\"_blank\" rel=\"noreferrer noopener\">L\u00e4s mer om NIF-gymnasterna<\/a><\/div>\n<\/div>\n\n\n\n<p><\/p>\n","protected":false},"excerpt":{"rendered":"<p>Magnus \u00c5bergsgymnasiet samarbetar med NIF-gymnasterna och tillsammans erbjuder vi nu m\u00f6jligheten att l\u00e4sa 200 po\u00e4ng T\u00e4vlingsidrott som individuellt val. Det ger dig chansen att spendera fler timmar i hallen och utvecklas mer som gymnast. F\u00f6reningens professionella tr\u00e4nare leder dig fram\u00e5t i tr\u00e4ningen. NIF-Gymnasterna Trollh\u00e4ttan \u00c4r du intresserad av att l\u00e4sa lokal idrottsutbildning i truppgymnastik? Kontakta [&hellip;]<\/p>\n","protected":false},"author":59,"featured_media":6764,"parent":0,"menu_order":0,"comment_status":"closed","ping_status":"closed","template":"","meta":{"_acf_changed":false,"footnotes":""},"class_list":["post-6761","page","type-page","status-publish","has-post-thumbnail","hentry"],"acf":[],"_links":{"self":[{"href":"https:\/\/kunskapsforbundet.se\/magnus-abergsgymnasiet\/wp-json\/wp\/v2\/pages\/6761","targetHints":{"allow":["GET"]}}],"collection":[{"href":"https:\/\/kunskapsforbundet.se\/magnus-abergsgymnasiet\/wp-json\/wp\/v2\/pages"}],"about":[{"href":"https:\/\/kunskapsforbundet.se\/magnus-abergsgymnasiet\/wp-json\/wp\/v2\/types\/page"}],"author":[{"embeddable":true,"href":"https:\/\/kunskapsforbundet.se\/magnus-abergsgymnasiet\/wp-json\/wp\/v2\/users\/59"}],"replies":[{"embeddable":true,"href":"https:\/\/kunskapsforbundet.se\/magnus-abergsgymnasiet\/wp-json\/wp\/v2\/comments?post=6761"}],"version-history":[{"count":5,"href":"https:\/\/kunskapsforbundet.se\/magnus-abergsgymnasiet\/wp-json\/wp\/v2\/pages\/6761\/revisions"}],"predecessor-version":[{"id":6780,"href":"https:\/\/kunskapsforbundet.se\/magnus-abergsgymnasiet\/wp-json\/wp\/v2\/pages\/6761\/revisions\/6780"}],"wp:featuredmedia":[{"embeddable":true,"href":"https:\/\/kunskapsforbundet.se\/magnus-abergsgymnasiet\/wp-json\/wp\/v2\/media\/6764"}],"wp:attachment":[{"href":"https:\/\/kunskapsforbundet.se\/magnus-abergsgymnasiet\/wp-json\/wp\/v2\/media?parent=6761"}],"curies":[{"name":"wp","href":"https:\/\/api.w.org\/{rel}","templated":true}]}}