{"id":6735,"date":"2024-10-21T11:17:42","date_gmt":"2024-10-21T09:17:42","guid":{"rendered":"https:\/\/kunskapsforbundet.se\/magnus-abergsgymnasiet\/?page_id=6735"},"modified":"2024-10-21T11:17:43","modified_gmt":"2024-10-21T09:17:43","slug":"science-club","status":"publish","type":"page","link":"https:\/\/kunskapsforbundet.se\/magnus-abergsgymnasiet\/science-club\/","title":{"rendered":"Science Club"},"content":{"rendered":"\n<div class=\"pages__ingress pb-4 mb-0\"><p class=\"wp-block-ggb-block-feature__ingress\">I v\u00e5r Science Club f\u00e5r eleverna chansen att dyka djupare in i naturvetenskapliga och tekniska \u00e4mnen med kreativa experiment, engagerande f\u00f6rel\u00e4sningar och inspirerande studiebes\u00f6k. Tillsammans med l\u00e4rare och forskare kan eleverna \u00e4ven starta egna projekt utifr\u00e5n eget intresseomr\u00e5de, utanf\u00f6r ordinarie studieplan. <\/p><\/div>\n\n\n\n<p>Science Club kommer att erbjuda en inspirerande milj\u00f6 d\u00e4r elever kan f\u00f6rdjupa sig i naturvetenskapliga och tekniska \u00e4mnen ut\u00f6ver den vanliga studieplanen. Eleverna kommer att f\u00e5 tillg\u00e5ng till avancerade experiment, specialiserade f\u00f6rel\u00e4sningar och m\u00f6jlighet att delta i forskningsprojekt tillsammans med erfarna mentorer och forskare.<\/p>\n\n\n\n<h2 class=\"wp-block-heading\">Samarbetsprojekt med H\u00f6gskolan V\u00e4st och Innovatum Science center <\/h2>\n\n\n\n<p>Kunskapsf\u00f6rbundet V\u00e4st och H\u00f6gskolan V\u00e4st \u00e4r strategiska partners och driver olika samverkansprojekt f\u00f6r att \u00f6ka intresset f\u00f6r utbildning i Trollh\u00e4ttan och V\u00e4nersborg. Science Club blir en gemensam satsning f\u00f6r att skapa forum f\u00f6r elever som \u00e4r intresserade av teknik- och naturvetenskapliga \u00e4mnen och vill utforska mer tillsammans. Innovatum Science center bidrar med sina forskningsmilj\u00f6er och olika projekt f\u00f6r s\u00e5v\u00e4l studiebes\u00f6k som f\u00f6rel\u00e4sningar. <\/p>\n\n\n\n<p><\/p>\n\n\n\n<figure class=\"wp-block-image size-full\"><img decoding=\"async\" src=\"https:\/\/kunskapsforbundet.se\/app\/uploads\/sites\/3\/2024\/10\/Namnlos-design-25.png\" alt=\"\" class=\"wp-image-6541\"\/><\/figure>\n\n\n\n<hr class=\"wp-block-separator has-alpha-channel-opacity\"\/>\n\n\n\n<h2 class=\"wp-block-heading\">Eleverna som deltar i Science Club f\u00e5r: <\/h2>\n\n\n\n<ul class=\"wp-block-list\">\n<li><strong>Tillg\u00e5ng till laboratorier och utrustning:<\/strong> Med tillg\u00e5ng till skolans laboratorier och avancerad utrustning f\u00e5r eleverna m\u00f6jlighet att utf\u00f6ra praktiska experiment och tester som normalt inte ing\u00e5r i gymnasiets ordin\u00e4ra kurser.<\/li>\n<\/ul>\n\n\n\n<ul class=\"wp-block-list\">\n<li><strong>Mentorskap fr\u00e5n forskare:<\/strong> Elever kommer att f\u00e5 handledning fr\u00e5n professionella forskare och universitetsl\u00e4rare, vilket ger dem insikt och v\u00e4gledning fr\u00e5n personer som \u00e4r aktiva inom f\u00e4ltet.<\/li>\n<\/ul>\n\n\n\n<ul class=\"wp-block-list\">\n<li><strong>Forskningsprojekt:<\/strong> Medlemmarna i Science Club kommer att kunna delta i verkliga forskningsprojekt d\u00e4r de kan bidra med egna id\u00e9er och innovationer. Detta ger dem en chans att till\u00e4mpa sina kunskaper och f\u00e5 en djupare f\u00f6rst\u00e5else f\u00f6r vetenskaplig metodik.<\/li>\n<\/ul>\n\n\n\n<ul class=\"wp-block-list\">\n<li><strong>F\u00f6rel\u00e4sningar och workshops:<\/strong> F\u00f6rel\u00e4sningar och workshops om aktuella \u00e4mnen inom naturvetenskap och teknik h\u00e5lls av experter inom olika omr\u00e5den. Detta kan ske b\u00e5de p\u00e5 H\u00f6gskolan V\u00e4st och p\u00e5 Innovatum.<\/li>\n<\/ul>\n\n\n\n<ul class=\"wp-block-list\">\n<li><strong>M\u00f6jlighet till samarbeten:<\/strong> Genom samarbeten med universitet och forskningsinstitutioner f\u00e5r eleverna chansen att knyta kontakter som kan vara v\u00e4rdefulla f\u00f6r deras framtida karri\u00e4rer och studier inom naturvetenskap och teknik.<br><br><\/li>\n<\/ul>\n\n\n\n<h2 class=\"wp-block-heading\">N\u00e4r, var hur?<\/h2>\n\n\n\n<p>Mer information om uppstart kommer inom kort. <\/p>\n","protected":false},"excerpt":{"rendered":"<p>Science Club kommer att erbjuda en inspirerande milj\u00f6 d\u00e4r elever kan f\u00f6rdjupa sig i naturvetenskapliga och tekniska \u00e4mnen ut\u00f6ver den vanliga studieplanen. Eleverna kommer att f\u00e5 tillg\u00e5ng till avancerade experiment, specialiserade f\u00f6rel\u00e4sningar och m\u00f6jlighet att delta i forskningsprojekt tillsammans med erfarna mentorer och forskare. Samarbetsprojekt med H\u00f6gskolan V\u00e4st och Innovatum Science center Kunskapsf\u00f6rbundet V\u00e4st och [&hellip;]<\/p>\n","protected":false},"author":59,"featured_media":6736,"parent":0,"menu_order":0,"comment_status":"closed","ping_status":"closed","template":"","meta":{"_acf_changed":false,"footnotes":""},"class_list":["post-6735","page","type-page","status-publish","has-post-thumbnail","hentry"],"acf":[],"_links":{"self":[{"href":"https:\/\/kunskapsforbundet.se\/magnus-abergsgymnasiet\/wp-json\/wp\/v2\/pages\/6735","targetHints":{"allow":["GET"]}}],"collection":[{"href":"https:\/\/kunskapsforbundet.se\/magnus-abergsgymnasiet\/wp-json\/wp\/v2\/pages"}],"about":[{"href":"https:\/\/kunskapsforbundet.se\/magnus-abergsgymnasiet\/wp-json\/wp\/v2\/types\/page"}],"author":[{"embeddable":true,"href":"https:\/\/kunskapsforbundet.se\/magnus-abergsgymnasiet\/wp-json\/wp\/v2\/users\/59"}],"replies":[{"embeddable":true,"href":"https:\/\/kunskapsforbundet.se\/magnus-abergsgymnasiet\/wp-json\/wp\/v2\/comments?post=6735"}],"version-history":[{"count":1,"href":"https:\/\/kunskapsforbundet.se\/magnus-abergsgymnasiet\/wp-json\/wp\/v2\/pages\/6735\/revisions"}],"predecessor-version":[{"id":6737,"href":"https:\/\/kunskapsforbundet.se\/magnus-abergsgymnasiet\/wp-json\/wp\/v2\/pages\/6735\/revisions\/6737"}],"wp:featuredmedia":[{"embeddable":true,"href":"https:\/\/kunskapsforbundet.se\/magnus-abergsgymnasiet\/wp-json\/wp\/v2\/media\/6736"}],"wp:attachment":[{"href":"https:\/\/kunskapsforbundet.se\/magnus-abergsgymnasiet\/wp-json\/wp\/v2\/media?parent=6735"}],"curies":[{"name":"wp","href":"https:\/\/api.w.org\/{rel}","templated":true}]}}