{"id":6713,"date":"2024-10-08T15:54:02","date_gmt":"2024-10-08T13:54:02","guid":{"rendered":"https:\/\/kunskapsforbundet.se\/magnus-abergsgymnasiet\/?page_id=6713"},"modified":"2025-10-23T11:16:35","modified_gmt":"2025-10-23T09:16:35","slug":"fotboll","status":"publish","type":"page","link":"https:\/\/kunskapsforbundet.se\/magnus-abergsgymnasiet\/fotboll\/","title":{"rendered":"Fotboll"},"content":{"rendered":"\n<div class=\"pages__ingress pb-4 mb-0\"><p class=\"wp-block-ggb-block-feature__ingress\">N\u00e4r du l\u00e4ser v\u00e5r Nationella Elitidrottsutbildning (NIU) inom fotboll kommer du att bli v\u00e4l f\u00f6rberedd fysiskt, mentalt, tekniskt och taktiskt f\u00f6r din egen tr\u00e4nings- och t\u00e4vlingsverksamhet.<\/p><\/div>\n\n\n\n<p>Hos oss utbildas du i och f\u00e5r en f\u00f6rdjupning i bland annat: fotbollsteknik, spel, taktik och regler samt fysiska och mentala tr\u00e4ningsprogram anpassade f\u00f6r dig. Du f\u00e5r \u00e4ven l\u00e4ra dig att planera och genomf\u00f6ra tr\u00e4ningspass f\u00f6r dina klasskamrater.&nbsp;Genom \u00e4mnena Specialidrott 1 och 2 och Tr\u00e4ning- och t\u00e4vlingsl\u00e4ra 1 l\u00e4ser du 400 po\u00e4ng riktat mot fotboll. Detta ger dig en mycket bra grund f\u00f6r att komma n\u00e4rmare dina m\u00e5l inom fotbollen. Tr\u00e4ning och teori sker p\u00e5 dagtid vid tre tillf\u00e4llen per vecka och leds av v\u00e5ra l\u00e4rare. Utbildningen ses som ett komplement till din ordinarie tr\u00e4nings- och t\u00e4vlingsverksamhet.<\/p>\n\n\n\n<p>Vi har 22 platser per l\u00e4s\u00e5r och urval sker bland annat utifr\u00e5n dina fotbollsmeriter, referenser och genom provtr\u00e4ning. Du l\u00e4ser NIU inom ramen f\u00f6r ett nationellt program, vilket betyder att du s\u00f6ker till b\u00e5de ett vanligt gymnasieprogram och nationellt godk\u00e4nd idrottsutbildning. H\u00f6r med din SYV f\u00f6r mer information, po\u00e4ngplaner och hur du s\u00f6ker.<\/p>\n\n\n\n<p><strong>Ans\u00f6kan p\u00e5g\u00e5r mellan 1 september och 1 december 2025.<\/strong><\/p>\n\n\n\n<div class=\"wp-block-buttons is-layout-flex wp-block-buttons-is-layout-flex\">\n<div class=\"wp-block-button\"><a class=\"wp-block-button__link has-background has-medium-font-size has-custom-font-size wp-element-button\" href=\"https:\/\/aktiva.svenskfotboll.se\/spelare\/skolfotboll\/gymnasieskolan\/\" style=\"border-radius:0px;background-color:#fa642d\">Ans\u00f6kan Fotboll (NIU)<\/a><\/div>\n<\/div>\n\n\n\n<div style=\"height:9px\" aria-hidden=\"true\" class=\"wp-block-spacer\"><\/div>\n\n\n\n<hr class=\"wp-block-separator has-alpha-channel-opacity\"\/>\n\n\n\n<div style=\"height:6px\" aria-hidden=\"true\" class=\"wp-block-spacer\"><\/div>\n\n\n\n<h3 class=\"wp-block-heading\">Antagningstr\u00e4ningar<\/h3>\n\n\n\n<div style=\"height:15px\" aria-hidden=\"true\" class=\"wp-block-spacer\"><\/div>\n\n\n\n<p>F\u00f6r dig som ans\u00f6kt till NIU Fotboll kommer vi att arrangera antagningstr\u00e4ningar d\u00e4r man som s\u00f6kande blir kallad till tv\u00e5 av dessa. <br><\/p>\n\n\n\n<ul class=\"wp-block-list\">\n<li>Torsdag 4\/12 kl. 9.00-10.30<\/li>\n\n\n\n<li>Onsdag 10\/12 kl. 9.00-10.30<\/li>\n\n\n\n<li>M\u00e5ndag 15\/12 kl. 9.00-10.30<\/li>\n<\/ul>\n\n\n\n<p>F\u00f6r dem som sedan g\u00e5r vidare kommer man att kallas till ett aerobt uth\u00e5llningstest och intervjuer. Dessa kommer att ske:<\/p>\n\n\n\n<ul class=\"wp-block-list\">\n<li>Fredagen 9\/1 2026 kl. 9.00-10.30<\/li>\n\n\n\n<li>M\u00e5ndag 12\/1 2026 kl. 10.00-11.30<\/li>\n<\/ul>\n\n\n\n<div style=\"height:18px\" aria-hidden=\"true\" class=\"wp-block-spacer\"><\/div>\n\n\n\n<hr class=\"wp-block-separator has-alpha-channel-opacity\"\/>\n\n\n\n<div style=\"height:12px\" aria-hidden=\"true\" class=\"wp-block-spacer\"><\/div>\n\n\n\n<h3 class=\"wp-block-heading\">V\u00e5ra instrukt\u00f6rer<\/h3>\n\n\n\n<div style=\"height:15px\" aria-hidden=\"true\" class=\"wp-block-spacer\"><\/div>\n\n\n\n<p><strong>Christer Larsson<\/strong><br><strong>Legitimerad l\u00e4rare i specialidrott<\/strong><\/p>\n\n\n\n<ul class=\"wp-block-list\">\n<li>Legitimerad l\u00e4rare<\/li>\n\n\n\n<li>Svenska fotbollsf\u00f6rbundet UEFA ELITE YOUTH&nbsp;A DIPLOM<\/li>\n\n\n\n<li>Instrukt\u00f6r i fotboll p\u00e5 Magnus \u00c5bergsgymnasiet och Nils Ericsonsgymnasiet sedan h\u00f6sten 2005<\/li>\n\n\n\n<li>Tr\u00e4nare p\u00e5 seniorniv\u00e5 sedan 1991<\/li>\n\n\n\n<li>Instrukt\u00f6r, ansvarar f\u00f6r planering, organisation och material. Kontaktperson mellan f\u00f6rening, skola, hem och spelare. Ansvarar f\u00f6r den praktiska fotbollstr\u00e4ningen och dess uppl\u00e4gg.<\/li>\n\n\n\n<li>Samordnare av och kontakt f\u00f6r NIU \u2013 fotboll.<\/li>\n\n\n\n<li>Legitimerad l\u00e4rare i Humanistisk och samh\u00e4llsvetenskaplig specialisering samt specialidrott<\/li>\n<\/ul>\n\n\n\n<p><strong>Fredrik Bengtsson<\/strong><br><strong>Legitimerad l\u00e4rare i specialidrott<\/strong><\/p>\n\n\n\n<ul class=\"wp-block-list\">\n<li>Svenska Fotbollsf\u00f6rbundet UEFA Advanced Level<\/li>\n\n\n\n<li>Certifierad inom Fystr\u00e4ning och Idrottsskador<\/li>\n\n\n\n<li>Instrukt\u00f6r p\u00e5 Magnus \u00c5bergsgymnasiet och Nils Ericsonsgymnasiet sedan 2018<\/li>\n\n\n\n<li>\u00c4r Distriktsf\u00f6rbundskapten i V\u00e4sterg\u00f6tlands Fotbollf\u00f6rbund<\/li>\n\n\n\n<li>Varit Akademiansvarig i FC Trollh\u00e4ttan<\/li>\n\n\n\n<li>Seniortr\u00e4nare sedan 2002<\/li>\n\n\n\n<li>Utbildat ungdoms- och seniortr\u00e4nare i V\u00e4sterg\u00f6tlands Fotbollf\u00f6rbunds regi<\/li>\n<\/ul>\n","protected":false},"excerpt":{"rendered":"<p>Hos oss utbildas du i och f\u00e5r en f\u00f6rdjupning i bland annat: fotbollsteknik, spel, taktik och regler samt fysiska och mentala tr\u00e4ningsprogram anpassade f\u00f6r dig. Du f\u00e5r \u00e4ven l\u00e4ra dig att planera och genomf\u00f6ra tr\u00e4ningspass f\u00f6r dina klasskamrater.&nbsp;Genom \u00e4mnena Specialidrott 1 och 2 och Tr\u00e4ning- och t\u00e4vlingsl\u00e4ra 1 l\u00e4ser du 400 po\u00e4ng riktat mot fotboll. [&hellip;]<\/p>\n","protected":false},"author":59,"featured_media":5078,"parent":0,"menu_order":0,"comment_status":"closed","ping_status":"closed","template":"","meta":{"_acf_changed":false,"footnotes":""},"class_list":["post-6713","page","type-page","status-publish","has-post-thumbnail","hentry"],"acf":[],"_links":{"self":[{"href":"https:\/\/kunskapsforbundet.se\/magnus-abergsgymnasiet\/wp-json\/wp\/v2\/pages\/6713","targetHints":{"allow":["GET"]}}],"collection":[{"href":"https:\/\/kunskapsforbundet.se\/magnus-abergsgymnasiet\/wp-json\/wp\/v2\/pages"}],"about":[{"href":"https:\/\/kunskapsforbundet.se\/magnus-abergsgymnasiet\/wp-json\/wp\/v2\/types\/page"}],"author":[{"embeddable":true,"href":"https:\/\/kunskapsforbundet.se\/magnus-abergsgymnasiet\/wp-json\/wp\/v2\/users\/59"}],"replies":[{"embeddable":true,"href":"https:\/\/kunskapsforbundet.se\/magnus-abergsgymnasiet\/wp-json\/wp\/v2\/comments?post=6713"}],"version-history":[{"count":13,"href":"https:\/\/kunskapsforbundet.se\/magnus-abergsgymnasiet\/wp-json\/wp\/v2\/pages\/6713\/revisions"}],"predecessor-version":[{"id":7317,"href":"https:\/\/kunskapsforbundet.se\/magnus-abergsgymnasiet\/wp-json\/wp\/v2\/pages\/6713\/revisions\/7317"}],"wp:featuredmedia":[{"embeddable":true,"href":"https:\/\/kunskapsforbundet.se\/magnus-abergsgymnasiet\/wp-json\/wp\/v2\/media\/5078"}],"wp:attachment":[{"href":"https:\/\/kunskapsforbundet.se\/magnus-abergsgymnasiet\/wp-json\/wp\/v2\/media?parent=6713"}],"curies":[{"name":"wp","href":"https:\/\/api.w.org\/{rel}","templated":true}]}}