{"id":627,"date":"2014-11-05T10:39:58","date_gmt":"2014-11-05T09:39:58","guid":{"rendered":"https:\/\/www.kunskapsforbundet.se\/magnus-abergsgymnasiet\/?page_id=627"},"modified":"2025-03-13T09:53:40","modified_gmt":"2025-03-13T08:53:40","slug":"skolmat","status":"publish","type":"page","link":"https:\/\/kunskapsforbundet.se\/magnus-abergsgymnasiet\/skolmat\/","title":{"rendered":"Skolmat"},"content":{"rendered":"\n<div class=\"pages__ingress pb-4 mb-0\"><p class=\"wp-block-ggb-block-feature__ingress\">Centralk\u00f6ket tillagar och distribuerar skollunch till Trollh\u00e4ttans Stads samtliga skolor.<\/p><\/div>\n\n\n<p>Vi erbjuder \u00e4ven salladsbuff\u00e9. Det finns \u00e4ven vegetariska alternativ f\u00f6r den som \u00e4r vegetarian.<\/p>\n<p><a href=\"https:\/\/menu.matildaplatform.com\/\">Matsedel f\u00f6r Magnus \u00c5bergsgymnasiet<\/a><\/p>","protected":false},"excerpt":{"rendered":"<p>Vi erbjuder \u00e4ven salladsbuff\u00e9. Det finns \u00e4ven vegetariska alternativ f\u00f6r den som \u00e4r vegetarian. Matsedel f\u00f6r Magnus \u00c5bergsgymnasiet<\/p>\n","protected":false},"author":6,"featured_media":4651,"parent":0,"menu_order":0,"comment_status":"closed","ping_status":"closed","template":"","meta":{"_acf_changed":false,"footnotes":""},"class_list":["post-627","page","type-page","status-publish","has-post-thumbnail","hentry"],"acf":[],"_links":{"self":[{"href":"https:\/\/kunskapsforbundet.se\/magnus-abergsgymnasiet\/wp-json\/wp\/v2\/pages\/627","targetHints":{"allow":["GET"]}}],"collection":[{"href":"https:\/\/kunskapsforbundet.se\/magnus-abergsgymnasiet\/wp-json\/wp\/v2\/pages"}],"about":[{"href":"https:\/\/kunskapsforbundet.se\/magnus-abergsgymnasiet\/wp-json\/wp\/v2\/types\/page"}],"author":[{"embeddable":true,"href":"https:\/\/kunskapsforbundet.se\/magnus-abergsgymnasiet\/wp-json\/wp\/v2\/users\/6"}],"replies":[{"embeddable":true,"href":"https:\/\/kunskapsforbundet.se\/magnus-abergsgymnasiet\/wp-json\/wp\/v2\/comments?post=627"}],"version-history":[{"count":13,"href":"https:\/\/kunskapsforbundet.se\/magnus-abergsgymnasiet\/wp-json\/wp\/v2\/pages\/627\/revisions"}],"predecessor-version":[{"id":7045,"href":"https:\/\/kunskapsforbundet.se\/magnus-abergsgymnasiet\/wp-json\/wp\/v2\/pages\/627\/revisions\/7045"}],"wp:featuredmedia":[{"embeddable":true,"href":"https:\/\/kunskapsforbundet.se\/magnus-abergsgymnasiet\/wp-json\/wp\/v2\/media\/4651"}],"wp:attachment":[{"href":"https:\/\/kunskapsforbundet.se\/magnus-abergsgymnasiet\/wp-json\/wp\/v2\/media?parent=627"}],"curies":[{"name":"wp","href":"https:\/\/api.w.org\/{rel}","templated":true}]}}