{"id":5282,"date":"2022-03-08T14:02:52","date_gmt":"2022-03-08T13:02:52","guid":{"rendered":"https:\/\/kunskapsforbundet.se\/magnus-abergsgymnasiet\/?page_id=5282"},"modified":"2026-02-18T09:10:15","modified_gmt":"2026-02-18T08:10:15","slug":"bestallning-av-betygskopior","status":"publish","type":"page","link":"https:\/\/kunskapsforbundet.se\/magnus-abergsgymnasiet\/bestallning-av-betygskopior\/","title":{"rendered":"Best\u00e4llning av betygskopior"},"content":{"rendered":"\n<div class=\"pages__ingress pb-4 mb-0\"><p class=\"wp-block-ggb-block-feature__ingress\">H\u00e4r har du m\u00f6jlighet att best\u00e4lla betygskopior fr\u00e5n och med l\u00e4s\u00e5ret 12\/13.<\/p><\/div>\n\n\n\n<p>\u00c4ldre betygskopior finns hos: <a href=\"https:\/\/www.trollhattan.se\/startsida\/utbildning-och-barnomsorg\/grundskola\/bedomning-och-betyg\/bestallning-av-betygskopia\/\">stadsarkivet p\u00e5 Trollh\u00e4ttans stad<\/a><\/p>\n\n\n\n<p>Dina betygskopior laddas upp i PDF-format via e-tj\u00e4nsten.<\/p>\n\n\n\n<p>Vi kan inte utf\u00e4rda ett nytt slutbetyg och vi kan inte \u00e4ndra ett betyg eller namnet p\u00e5 betyget.<\/p>\n\n\n\n<p>Handl\u00e4ggningstiden kan vara upp till tv\u00e5 veckor s\u00e5 best\u00e4ll i god tid.<\/p>\n\n\n\n<div class=\"wp-block-buttons is-layout-flex wp-block-buttons-is-layout-flex\">\n<div class=\"wp-block-button\"><a class=\"wp-block-button__link has-luminous-vivid-orange-background-color has-background wp-element-button\" href=\"https:\/\/minasidor.kunskapsforbundet.se\/255\" style=\"border-radius:0px\">Best\u00e4ll betygskopior (E-tj\u00e4nst)<\/a><\/div>\n<\/div>\n\n\n\n<p><\/p>\n","protected":false},"excerpt":{"rendered":"<p>\u00c4ldre betygskopior finns hos: stadsarkivet p\u00e5 Trollh\u00e4ttans stad Dina betygskopior laddas upp i PDF-format via e-tj\u00e4nsten. Vi kan inte utf\u00e4rda ett nytt slutbetyg och vi kan inte \u00e4ndra ett betyg eller namnet p\u00e5 betyget. Handl\u00e4ggningstiden kan vara upp till tv\u00e5 veckor s\u00e5 best\u00e4ll i god tid.<\/p>\n","protected":false},"author":34,"featured_media":5284,"parent":0,"menu_order":0,"comment_status":"closed","ping_status":"closed","template":"","meta":{"_acf_changed":false,"footnotes":""},"class_list":["post-5282","page","type-page","status-publish","has-post-thumbnail","hentry"],"acf":[],"_links":{"self":[{"href":"https:\/\/kunskapsforbundet.se\/magnus-abergsgymnasiet\/wp-json\/wp\/v2\/pages\/5282","targetHints":{"allow":["GET"]}}],"collection":[{"href":"https:\/\/kunskapsforbundet.se\/magnus-abergsgymnasiet\/wp-json\/wp\/v2\/pages"}],"about":[{"href":"https:\/\/kunskapsforbundet.se\/magnus-abergsgymnasiet\/wp-json\/wp\/v2\/types\/page"}],"author":[{"embeddable":true,"href":"https:\/\/kunskapsforbundet.se\/magnus-abergsgymnasiet\/wp-json\/wp\/v2\/users\/34"}],"replies":[{"embeddable":true,"href":"https:\/\/kunskapsforbundet.se\/magnus-abergsgymnasiet\/wp-json\/wp\/v2\/comments?post=5282"}],"version-history":[{"count":13,"href":"https:\/\/kunskapsforbundet.se\/magnus-abergsgymnasiet\/wp-json\/wp\/v2\/pages\/5282\/revisions"}],"predecessor-version":[{"id":7543,"href":"https:\/\/kunskapsforbundet.se\/magnus-abergsgymnasiet\/wp-json\/wp\/v2\/pages\/5282\/revisions\/7543"}],"wp:featuredmedia":[{"embeddable":true,"href":"https:\/\/kunskapsforbundet.se\/magnus-abergsgymnasiet\/wp-json\/wp\/v2\/media\/5284"}],"wp:attachment":[{"href":"https:\/\/kunskapsforbundet.se\/magnus-abergsgymnasiet\/wp-json\/wp\/v2\/media?parent=5282"}],"curies":[{"name":"wp","href":"https:\/\/api.w.org\/{rel}","templated":true}]}}