{"id":4021,"date":"2020-12-23T10:26:19","date_gmt":"2020-12-23T09:26:19","guid":{"rendered":"https:\/\/www.kunskapsforbundet.se\/magnus-abergsgymnasiet\/?page_id=4021"},"modified":"2025-04-11T08:17:36","modified_gmt":"2025-04-11T06:17:36","slug":"internationalisering","status":"publish","type":"page","link":"https:\/\/kunskapsforbundet.se\/magnus-abergsgymnasiet\/internationalisering\/","title":{"rendered":"Internationalisering"},"content":{"rendered":"\n<div class=\"pages__ingress pb-4 mb-0\"><p>Vi ger dig m\u00f6jlighet att bli s\u00e5 mycket du kan i ett globalt samh\u00e4lle genom olika internationella samarbeten!<\/p><\/div>\n\n\n\n<p>Under m\u00e5nga \u00e5r har det p\u00e5g\u00e5tt ett internationaliseringsarbete p\u00e5 Magnus \u00c5bergsgymnasiet, allt fr\u00e5n v\u00e4nortssamarbete, utbytesprojekt, APL utomlands till fortbildning av personal som g\u00e5tt kurser och jobbskuggat kollegor fr\u00e5n andra l\u00e4nder. Skolan har genom sina internationella samarbeten byggt upp ett brett nationellt och internationellt kontaktn\u00e4t.<\/p>\n\n\n\n<p>\ud83d\udd38 Skolan \u00e4r en certifierad ambassad\u00f6rsskola f\u00f6r EU och har \u00e4ven en utbildad Skolambassad\u00f6r f\u00f6r EU. Varje \u00e5r uppm\u00e4rksammar vi EU-dagen, som arrangeras av v\u00e5ra juniorambassad\u00f6rer och internationella spr\u00e5kdagen. Vi \u00e4r \u00e4ven en Amnestyskola, som arbetar f\u00f6r att \u00f6ka elevers kunskaper och mod att st\u00e5 upp f\u00f6r sig sj\u00e4lva och andra.<\/p>\n\n\n\n<p>\ud83d\udd38 Magnus \u00c5bergsgymnasiet har under m\u00e5nga \u00e5r \u00e4ven deltagit i Euroscola, ett projekt som startades av EU-parlamentet och som ger elever fr\u00e5n alla EU:s medlemsstater m\u00f6jlighet, att f\u00f6r en dag prova p\u00e5 att vara Europaparlamentariker i Strasbourg.<\/p>\n\n\n\n<p>\ud83d\udd38 Vi har deltagit i projekt inom Erasmus+ programmen, som projektpartners och projekt\u00e4gare, skickat personal p\u00e5 jobbskuggning, kurser och elever p\u00e5 praktik runt om i Europa.<\/p>\n\n\n\n<p>\ud83d\udd38 Skolans elever genomf\u00f6r varje \u00e5r utlandspraktik inom Atlas praktik, runt om i v\u00e4rlden. Vi har \u00e4ven skickat yrkeselever p\u00e5 praktik och l\u00e4rare p\u00e5 jobbskuggning inom Nordplus junior programmet, Norge, Finland och Estland.<\/p>\n\n\n\n<p>\ud83d\udd38 V\u00e5ra spr\u00e5kelever f\u00e5r m\u00f6jlighet att utveckla sina spr\u00e5kkunskaper genom att delta i spr\u00e5kresor, som l\u00e4rarna i moderna spr\u00e5k anordnar. Elever fr\u00e5n Samh\u00e4llsprogrammet deltar i FN-rollspel anordnat av v\u00e5r partnerskola i Gorz\u00f3w, Polen.<\/p>\n\n\n\n<p>\ud83d\udd38 Vi \u00e4r v\u00e4rdskola f\u00f6r kollegor fr\u00e5n andra l\u00e4nder som vill jobbskugga hos oss och har utbytesstudenter som deltar i ordinarie undervisning.<\/p>\n\n\n\n<figure class=\"wp-block-embed is-type-video is-provider-youtube wp-block-embed-youtube wp-embed-aspect-16-9 wp-has-aspect-ratio\"><div class=\"wp-block-embed__wrapper\">\n<iframe loading=\"lazy\" title=\"Internationalisering - Magnus \u00c5bergsgymnasiet\" width=\"500\" height=\"281\" src=\"https:\/\/www.youtube.com\/embed\/KMjLENfbylc?feature=oembed\" frameborder=\"0\" allow=\"accelerometer; autoplay; clipboard-write; encrypted-media; gyroscope; picture-in-picture; web-share\" referrerpolicy=\"strict-origin-when-cross-origin\" allowfullscreen><\/iframe>\n<\/div><\/figure>\n","protected":false},"excerpt":{"rendered":"<p>Under m\u00e5nga \u00e5r har det p\u00e5g\u00e5tt ett internationaliseringsarbete p\u00e5 Magnus \u00c5bergsgymnasiet, allt fr\u00e5n v\u00e4nortssamarbete, utbytesprojekt, APL utomlands till fortbildning av personal som g\u00e5tt kurser och jobbskuggat kollegor fr\u00e5n andra l\u00e4nder. Skolan har genom sina internationella samarbeten byggt upp ett brett nationellt och internationellt kontaktn\u00e4t. \ud83d\udd38 Skolan \u00e4r en certifierad ambassad\u00f6rsskola f\u00f6r EU och har \u00e4ven [&hellip;]<\/p>\n","protected":false},"author":9,"featured_media":4633,"parent":0,"menu_order":0,"comment_status":"closed","ping_status":"closed","template":"","meta":{"_acf_changed":false,"footnotes":""},"class_list":["post-4021","page","type-page","status-publish","has-post-thumbnail","hentry"],"acf":[],"_links":{"self":[{"href":"https:\/\/kunskapsforbundet.se\/magnus-abergsgymnasiet\/wp-json\/wp\/v2\/pages\/4021","targetHints":{"allow":["GET"]}}],"collection":[{"href":"https:\/\/kunskapsforbundet.se\/magnus-abergsgymnasiet\/wp-json\/wp\/v2\/pages"}],"about":[{"href":"https:\/\/kunskapsforbundet.se\/magnus-abergsgymnasiet\/wp-json\/wp\/v2\/types\/page"}],"author":[{"embeddable":true,"href":"https:\/\/kunskapsforbundet.se\/magnus-abergsgymnasiet\/wp-json\/wp\/v2\/users\/9"}],"replies":[{"embeddable":true,"href":"https:\/\/kunskapsforbundet.se\/magnus-abergsgymnasiet\/wp-json\/wp\/v2\/comments?post=4021"}],"version-history":[{"count":30,"href":"https:\/\/kunskapsforbundet.se\/magnus-abergsgymnasiet\/wp-json\/wp\/v2\/pages\/4021\/revisions"}],"predecessor-version":[{"id":7170,"href":"https:\/\/kunskapsforbundet.se\/magnus-abergsgymnasiet\/wp-json\/wp\/v2\/pages\/4021\/revisions\/7170"}],"wp:featuredmedia":[{"embeddable":true,"href":"https:\/\/kunskapsforbundet.se\/magnus-abergsgymnasiet\/wp-json\/wp\/v2\/media\/4633"}],"wp:attachment":[{"href":"https:\/\/kunskapsforbundet.se\/magnus-abergsgymnasiet\/wp-json\/wp\/v2\/media?parent=4021"}],"curies":[{"name":"wp","href":"https:\/\/api.w.org\/{rel}","templated":true}]}}