{"id":3193,"date":"2019-06-25T10:31:09","date_gmt":"2019-06-25T08:31:09","guid":{"rendered":"https:\/\/www.kunskapsforbundet.se\/magnus-abergsgymnasiet\/?page_id=3193"},"modified":"2025-12-30T11:13:51","modified_gmt":"2025-12-30T10:13:51","slug":"eu-ambassadorsskola-och-amnesty-skola","status":"publish","type":"page","link":"https:\/\/kunskapsforbundet.se\/magnus-abergsgymnasiet\/eu-ambassadorsskola-och-amnesty-skola\/","title":{"rendered":"EU-ambassad\u00f6rsskola och Amnesty skola"},"content":{"rendered":"\n<div class=\"pages__ingress pb-4 mb-0\"><p>P\u00e5 Magnus \u00c5bergsgymnasiet har vi m\u00e4nskliga r\u00e4ttigheter och demokrati i fokus. Som EU-ambassad\u00f6rskola och Amnesty skola arbetar vi aktivt med dessa fr\u00e5gor.<\/p><\/div>\n\n\n<h3>Vad inneb\u00e4r det det att vara en av Europaparlamentets ambassad\u00f6rsskolor?<\/h3>\n<p>Syftet med EU-ambassad\u00f6rsprogrammet \u00e4r att fr\u00e4mja medvetenheten om Europa och europeisk parlamentarisk demokrati bland ungdomar genom att ge dem aktiva kunskaper om EU och i synnerhet Europaparlamentet. Det handlar inte bara om att l\u00e4ra om EU utan ocks\u00e5 att ge dem erfarenhet av europeiskt medborgarskap: vad EU inneb\u00e4r f\u00f6r det dagliga livet och vad ungdomarna kan g\u00f6ra f\u00f6r att forma framtidens Europa s\u00e5 som de vill ha det.<\/p>\n<p>Elever som har slutf\u00f6rt ambassad\u00f6rsskoleprogrammet vet vilka m\u00f6jligheter deras europeiska medborgarskap erbjuder och \u00e4r medvetna om Europaparlamentets roll i det europeiska beslutsfattandet. Ungdomar kommer att bli medvetna om sina handlingsm\u00f6jligheter och bland annat f\u00f6rst\u00e5 vikten av att r\u00f6sta i valet till Europaparlamentet 2019.<\/p>\n<p>P\u00e5 Magnus \u00c5bersgymnasiet har vi EU-ambassad\u00f6rer som har ett s\u00e4rskilt uppdrag att driva EU-aktiviteter p\u00e5 skolan och informera andra elever om grundtankarna med den europeiska parlamentariska demokratin. Ambassad\u00f6rsrollen finns i tv\u00e5 steg: junior och senior.<\/p>\n<p><a href=\"https:\/\/www.europarl.europa.eu\/sweden\/sv\/forlarareochskolor\/epas.html\">L\u00e4s mer om EU-ambassad\u00f6rskolor h\u00e4r\u00a0<\/a><\/p>\n<p><img loading=\"lazy\" decoding=\"async\" class=\"img-responsive img-responsive alignnone wp-image-4661 size-large\" src=\"https:\/\/kunskapsforbundet.se\/app\/uploads\/sites\/4\/2021\/08\/1SH2659-Redigera-1024x681.jpg\" alt=\"\" width=\"1024\" height=\"681\" srcset=\"https:\/\/kunskapsforbundet.se\/app\/uploads\/sites\/4\/2021\/08\/1SH2659-Redigera-1024x681.jpg 1024w, https:\/\/kunskapsforbundet.se\/app\/uploads\/sites\/4\/2021\/08\/1SH2659-Redigera-300x200.jpg 300w, https:\/\/kunskapsforbundet.se\/app\/uploads\/sites\/4\/2021\/08\/1SH2659-Redigera-768x511.jpg 768w, https:\/\/kunskapsforbundet.se\/app\/uploads\/sites\/4\/2021\/08\/1SH2659-Redigera-1536x1022.jpg 1536w, https:\/\/kunskapsforbundet.se\/app\/uploads\/sites\/4\/2021\/08\/1SH2659-Redigera-2048x1363.jpg 2048w\" sizes=\"auto, (max-width: 1024px) 100vw, 1024px\" \/><\/p>\n<h3>Vad inneb\u00e4r det att vara en Amnesty skola?<\/h3>\n<p>Alla har r\u00e4tt till kunskap om sina egna och andras r\u00e4ttigheter. D\u00e4rf\u00f6r samarbetar Mangus \u00c5bergsgymnasiet med Amnesty. Amnesty st\u00f6djer skolan i arbetet med att fr\u00e4mja en skolkultur d\u00e4r m\u00e4nskliga r\u00e4ttigheter st\u00e5r i fokus och skolan f\u00e5r en tydlig internationell profil. En \u201cSkola f\u00f6r m\u00e4nskliga r\u00e4ttigheter\u201d arbetar efter Amnestys modell som utg\u00e5r fr\u00e5n b\u00e5de internationella konventioner och den svenska skolans styrdokument. Modellen best\u00e5r av fyra delar och utg\u00f6r ett st\u00f6d i skolans v\u00e4rdegrundarbete och st\u00e4rker skolans internationella profil.<\/p>\n<p><a href=\"https:\/\/www.amnesty.se\/om-amnesty\/amnesty-skola\/\">L\u00e4s mer om Amnestys arbete h\u00e4r\u00a0<\/a><\/p>","protected":false},"excerpt":{"rendered":"<p>Vad inneb\u00e4r det det att vara en av Europaparlamentets ambassad\u00f6rsskolor? Syftet med EU-ambassad\u00f6rsprogrammet \u00e4r att fr\u00e4mja medvetenheten om Europa och europeisk parlamentarisk demokrati bland ungdomar genom att ge dem aktiva kunskaper om EU och i synnerhet Europaparlamentet. Det handlar inte bara om att l\u00e4ra om EU utan ocks\u00e5 att ge dem erfarenhet av europeiskt medborgarskap: [&hellip;]<\/p>\n","protected":false},"author":34,"featured_media":4659,"parent":0,"menu_order":0,"comment_status":"closed","ping_status":"closed","template":"","meta":{"_acf_changed":false,"footnotes":""},"class_list":["post-3193","page","type-page","status-publish","has-post-thumbnail","hentry"],"acf":[],"_links":{"self":[{"href":"https:\/\/kunskapsforbundet.se\/magnus-abergsgymnasiet\/wp-json\/wp\/v2\/pages\/3193","targetHints":{"allow":["GET"]}}],"collection":[{"href":"https:\/\/kunskapsforbundet.se\/magnus-abergsgymnasiet\/wp-json\/wp\/v2\/pages"}],"about":[{"href":"https:\/\/kunskapsforbundet.se\/magnus-abergsgymnasiet\/wp-json\/wp\/v2\/types\/page"}],"author":[{"embeddable":true,"href":"https:\/\/kunskapsforbundet.se\/magnus-abergsgymnasiet\/wp-json\/wp\/v2\/users\/34"}],"replies":[{"embeddable":true,"href":"https:\/\/kunskapsforbundet.se\/magnus-abergsgymnasiet\/wp-json\/wp\/v2\/comments?post=3193"}],"version-history":[{"count":5,"href":"https:\/\/kunskapsforbundet.se\/magnus-abergsgymnasiet\/wp-json\/wp\/v2\/pages\/3193\/revisions"}],"predecessor-version":[{"id":7469,"href":"https:\/\/kunskapsforbundet.se\/magnus-abergsgymnasiet\/wp-json\/wp\/v2\/pages\/3193\/revisions\/7469"}],"wp:featuredmedia":[{"embeddable":true,"href":"https:\/\/kunskapsforbundet.se\/magnus-abergsgymnasiet\/wp-json\/wp\/v2\/media\/4659"}],"wp:attachment":[{"href":"https:\/\/kunskapsforbundet.se\/magnus-abergsgymnasiet\/wp-json\/wp\/v2\/media?parent=3193"}],"curies":[{"name":"wp","href":"https:\/\/api.w.org\/{rel}","templated":true}]}}