{"id":304,"date":"2014-09-03T11:24:30","date_gmt":"2014-09-03T09:24:30","guid":{"rendered":"https:\/\/www.kunskapsforbundet.se\/magnus-abergsgymnasiet\/?page_id=304"},"modified":"2026-04-20T08:59:24","modified_gmt":"2026-04-20T06:59:24","slug":"anpassadgymnasieskola","status":"publish","type":"page","link":"https:\/\/kunskapsforbundet.se\/magnus-abergsgymnasiet\/anpassadgymnasieskola\/","title":{"rendered":"Anpassad gymnasieskola"},"content":{"rendered":"\n<div class=\"pages__ingress pb-4 mb-0\"><p>Anpassad gymnasieskola \u00e4r en fyra\u00e5rig utbildning d\u00e4r du f\u00e5r en god grund till s\u00e5v\u00e4l fortsatta studier, som framtida yrkes- och samh\u00e4llsliv.<\/p><\/div>\n\n\n\n<p>Anpassad gymnasieskola \u00e4r en fyra\u00e5rig, frivillig skolform, som erbjuder b\u00e5de nationella och individuella program. Utbildningen ska stimulera social gemenskap och utveckla elevernas f\u00f6rm\u00e5ga att sj\u00e4lvst\u00e4ndigt och tillsammans med andra till\u00e4gna sig, f\u00f6rdjupa och till\u00e4mpa kunskaper. D\u00e4rf\u00f6r \u00e4r anpassad gymnasieskola flexibel, s\u00e5 att eleverna kan utvecklas s\u00e5 l\u00e5ngt som m\u00f6jligt enligt utbildningens m\u00e5l.<\/p>\n\n\n\n<p>Vi vill se en helhet genom samarbete inom v\u00e5ra program och kurser men ocks\u00e5 med \u00f6vriga gymnasieskolan och elevernas praktikplatser ute i samh\u00e4llet. Du som elev hos oss f\u00e5r tid och m\u00f6jlighet att utveckla dig i egen takt samtidigt som du tr\u00e4ffar nya, sp\u00e4nnande m\u00e4nniskor och k\u00e4nner framtidslust.<\/p>\n\n\n\n<p>P\u00e5 Magnus \u00c5bergsgymnasiet har vi fyra nationella program samt individuellt program.<\/p>\n\n\n\n<div style=\"height:39px\" aria-hidden=\"true\" class=\"wp-block-spacer\"><\/div>\n\n\n\n<h3 class=\"wp-block-heading\"><strong>S\u00e5 h\u00e4r ans\u00f6ker du till Anpassad gymnasieskola<\/strong><\/h3>\n\n\n\n<p>Fr\u00e5n och med 2021 kommer ans\u00f6kan till Anpassad gymnasieskola att g\u00e5 genom antagningen Fyrbodal.<\/p>\n\n\n\n<div class=\"wp-block-buttons is-layout-flex wp-block-buttons-is-layout-flex\">\n<div class=\"wp-block-button\"><a class=\"wp-block-button__link has-white-color has-luminous-vivid-orange-background-color has-text-color has-background has-link-color has-custom-font-size wp-element-button\" href=\"https:\/\/antagning.fyrbodal.se\/ansokan-till-gymnasiesarskolan\/\" style=\"border-radius:0px;font-size:17px\">Mer information och ans\u00f6kningsblankett<\/a><\/div>\n<\/div>\n\n\n\n<div style=\"height:34px\" aria-hidden=\"true\" class=\"wp-block-spacer\"><\/div>\n\n\n\n<h3 class=\"wp-block-heading\"><strong>Skoltider <\/strong><\/h3>\n\n\n\n<p><strong>Skoltider Individuella programmet <br><\/strong>M\u00e5ndag 8:15-15:00<br>Tisdag 8:15-14:00<br>Onsdag 8:15-14:00<br>Torsdag 8:15-15:00<br>Fredag 8:15-13:30<\/p>\n\n\n\n<p><strong>Skoltider Nationella program <\/strong><br>M\u00e5ndag 8:15-15:00<br>Tisdag 8:15-14:00<br>Onsdag 8:15-15:00<br>Torsdag 8:15-15:00<br>Fredag 8:15-13:30<\/p>\n\n\n\n<h3 class=\"wp-block-heading\">Lediga dagar v\u00e5rterminen 2026<\/h3>\n\n\n\n<figure class=\"wp-block-table is-style-stripes\"><table class=\"has-fixed-layout\"><tbody><tr><td>Vecka 2<\/td><td>Torsdag 8 januari<\/td><td>Skolan b\u00f6rjar<\/td><td><\/td><\/tr><tr><td>Vecka 6<\/td><td>Tisdag 3 februari<\/td><td>Arbetsplatsm\u00f6te<\/td><td>Skolan och Korttidstillsyn st\u00e4nger kl. 14:00<\/td><\/tr><tr><td>Vecka 8<\/td><td>M\u00e5ndag 16 februari &#8211; <br>Fredag 20 februari<\/td><td>Sportlov<\/td><td>Ingen skola<br>Korttidstillsyn  \u00f6ppet<\/td><\/tr><tr><td>Vecka 12<\/td><td>M\u00e5ndag 16 mars<\/td><td>Kompetensutvecklingsdag<\/td><td>Ingen skola<br>Korttidstillsyn \u00f6ppet<\/td><\/tr><tr><td>Vecka 15<\/td><td>Tisdag 7 april &#8211; fredag<br>10 april<\/td><td>P\u00e5sklov<\/td><td>Ingen skola<br>Korttidstillsyn \u00f6ppet<\/td><\/tr><tr><td>Vecka 16<\/td><td>Tisdag 14 april<\/td><td>Arbetsplatsm\u00f6te<\/td><td>Skolan och Korttidstillsyn st\u00e4nger kl. 14:00<\/td><\/tr><tr><td>Vecka 16<\/td><td>Fredag 17 april<\/td><td>Kompetensutvecklingsdag<\/td><td>Skolan och Korttidstillsyn st\u00e4nger kl. 11:20<\/td><\/tr><tr><td>Vecka 20<\/td><td>Fredag 15 maj<\/td><td>Kl\u00e4mdag<\/td><td>Ingen skola<br>Korttidstillsyn \u00f6ppet<\/td><\/tr><tr><td>Vecka 24<\/td><td>Torsdag 11 juni<\/td><td>Avslutning \u00e5k 1-3<br>Skolan slutar kl. 12:00<\/td><td>Ingen skola f\u00f6r \u00e5k 4<br>Korttidstillsyn \u00f6ppet<br>f\u00f6r \u00e5k 1, 2, 3<\/td><\/tr><tr><td>Vecka 24<\/td><td>Fredag 12<\/td><td>Student<\/td><td>Ingen skola f\u00f6r \u00e5k 1, 2, 3<br>Korttidstillsyn \u00f6ppet<br>f\u00f6r \u00e5k 1, 2, 3<\/td><\/tr><tr><td>Vecka 25<\/td><td>M\u00e5ndag 15 juni<\/td><td>St\u00e4ngningsdag<\/td><td>Korttidstillsyn st\u00e4ngt<\/td><\/tr><tr><td><\/td><td><\/td><td><\/td><td><\/td><\/tr><\/tbody><\/table><\/figure>\n\n\n<\/p>\n\n\n<p><\/p>\n\n\n<\/p>\n<p><\/p>","protected":false},"excerpt":{"rendered":"<p>Anpassad gymnasieskola \u00e4r en fyra\u00e5rig, frivillig skolform, som erbjuder b\u00e5de nationella och individuella program. Utbildningen ska stimulera social gemenskap och utveckla elevernas f\u00f6rm\u00e5ga att sj\u00e4lvst\u00e4ndigt och tillsammans med andra till\u00e4gna sig, f\u00f6rdjupa och till\u00e4mpa kunskaper. D\u00e4rf\u00f6r \u00e4r anpassad gymnasieskola flexibel, s\u00e5 att eleverna kan utvecklas s\u00e5 l\u00e5ngt som m\u00f6jligt enligt utbildningens m\u00e5l. Vi vill se [&hellip;]<\/p>\n","protected":false},"author":37,"featured_media":4565,"parent":0,"menu_order":0,"comment_status":"closed","ping_status":"closed","template":"","meta":{"_acf_changed":false,"footnotes":""},"class_list":["post-304","page","type-page","status-publish","has-post-thumbnail","hentry"],"acf":[],"_links":{"self":[{"href":"https:\/\/kunskapsforbundet.se\/magnus-abergsgymnasiet\/wp-json\/wp\/v2\/pages\/304","targetHints":{"allow":["GET"]}}],"collection":[{"href":"https:\/\/kunskapsforbundet.se\/magnus-abergsgymnasiet\/wp-json\/wp\/v2\/pages"}],"about":[{"href":"https:\/\/kunskapsforbundet.se\/magnus-abergsgymnasiet\/wp-json\/wp\/v2\/types\/page"}],"author":[{"embeddable":true,"href":"https:\/\/kunskapsforbundet.se\/magnus-abergsgymnasiet\/wp-json\/wp\/v2\/users\/37"}],"replies":[{"embeddable":true,"href":"https:\/\/kunskapsforbundet.se\/magnus-abergsgymnasiet\/wp-json\/wp\/v2\/comments?post=304"}],"version-history":[{"count":106,"href":"https:\/\/kunskapsforbundet.se\/magnus-abergsgymnasiet\/wp-json\/wp\/v2\/pages\/304\/revisions"}],"predecessor-version":[{"id":7634,"href":"https:\/\/kunskapsforbundet.se\/magnus-abergsgymnasiet\/wp-json\/wp\/v2\/pages\/304\/revisions\/7634"}],"wp:featuredmedia":[{"embeddable":true,"href":"https:\/\/kunskapsforbundet.se\/magnus-abergsgymnasiet\/wp-json\/wp\/v2\/media\/4565"}],"wp:attachment":[{"href":"https:\/\/kunskapsforbundet.se\/magnus-abergsgymnasiet\/wp-json\/wp\/v2\/media?parent=304"}],"curies":[{"name":"wp","href":"https:\/\/api.w.org\/{rel}","templated":true}]}}