{"id":200,"date":"2014-08-13T16:20:44","date_gmt":"2014-08-13T14:20:44","guid":{"rendered":"https:\/\/www.kunskapsforbundet.se\/magnus-abergsgymnasiet\/?page_id=200"},"modified":"2024-10-07T11:40:55","modified_gmt":"2024-10-07T09:40:55","slug":"elevhalsan","status":"publish","type":"page","link":"https:\/\/kunskapsforbundet.se\/magnus-abergsgymnasiet\/elevhalsan\/","title":{"rendered":"Elevh\u00e4lsan"},"content":{"rendered":"\n<div class=\"pages__ingress pb-4 mb-0\"><p>P\u00e5 Magnus \u00c5bergsgymnasiets elevh\u00e4lsa arbetar skolsk\u00f6terskor, skoll\u00e4kare, socialpedagog, skolkuratorer och specialpedagoger.<\/p><\/div>\n\n\n<p><span style=\"color: #000000\">Vi arbetar med att st\u00f6dja v\u00e5ra elever i medicinska, psykosociala och pedagogiska fr\u00e5gor.&nbsp;<\/span><span style=\"color: #000000\">Tillsammans med elevens studiehandledare, studie- och yrkesv\u00e4gledare och rektor har vi ansvar f\u00f6r elevh\u00e4lsoarbetet.&nbsp;<\/span><span style=\"color: #000000\">V\u00e5rt m\u00e5l \u00e4r att tillsammans skapa goda m\u00f6jligheter f\u00f6r varje elevs l\u00e4rande och utveckling.<\/span><br style=\"color: #000000\"><br style=\"color: #000000\"><span style=\"color: #000000\">P\u00e5 elevh\u00e4lsan arbetar vi utifr\u00e5n en helhetssyn d\u00e4r vi ser elevens hela n\u00e4tverk som en resurs. Detta f\u00f6ruts\u00e4tter ett n\u00e4ra samarbete med eleven och dennes f\u00f6r\u00e4ldrar, skolpersonal samt externa samarbetspartners till exempel&nbsp;grundskolan, socialtj\u00e4nsten och ungdomsmottagningen.<\/span><br style=\"color: #000000\"><br style=\"color: #000000\"><span style=\"color: #000000\">Elevh\u00e4lsan kan ses som elevens egen f\u00f6retagsh\u00e4lsov\u00e5rd. Liksom f\u00f6retagsh\u00e4lsov\u00e5rden arbetar vi b\u00e5de f\u00f6rebyggande och med att l\u00f6sa olika typer av problem som kan uppst\u00e5.<\/span><br style=\"color: #000000\"><br style=\"color: #000000\"><span style=\"color: #000000\">Som elev eller f\u00f6r\u00e4lder \u00e4r du alltid v\u00e4lkommen att s\u00f6ka upp oss och be om hj\u00e4lp. V\u00e5r uppgift \u00e4r att p\u00e5 b\u00e4sta s\u00e4tt f\u00f6rmedla det st\u00f6d och den hj\u00e4lp som beh\u00f6vs.<\/span><\/p>\n\n\n<p><\/p>\n","protected":false},"excerpt":{"rendered":"<p>Vi arbetar med att st\u00f6dja v\u00e5ra elever i medicinska, psykosociala och pedagogiska fr\u00e5gor.&nbsp;Tillsammans med elevens studiehandledare, studie- och yrkesv\u00e4gledare och rektor har vi ansvar f\u00f6r elevh\u00e4lsoarbetet.&nbsp;V\u00e5rt m\u00e5l \u00e4r att tillsammans skapa goda m\u00f6jligheter f\u00f6r varje elevs l\u00e4rande och utveckling.P\u00e5 elevh\u00e4lsan arbetar vi utifr\u00e5n en helhetssyn d\u00e4r vi ser elevens hela n\u00e4tverk som en resurs. Detta [&hellip;]<\/p>\n","protected":false},"author":6,"featured_media":4661,"parent":0,"menu_order":0,"comment_status":"closed","ping_status":"closed","template":"","meta":{"_acf_changed":false,"footnotes":""},"class_list":["post-200","page","type-page","status-publish","has-post-thumbnail","hentry"],"acf":[],"_links":{"self":[{"href":"https:\/\/kunskapsforbundet.se\/magnus-abergsgymnasiet\/wp-json\/wp\/v2\/pages\/200","targetHints":{"allow":["GET"]}}],"collection":[{"href":"https:\/\/kunskapsforbundet.se\/magnus-abergsgymnasiet\/wp-json\/wp\/v2\/pages"}],"about":[{"href":"https:\/\/kunskapsforbundet.se\/magnus-abergsgymnasiet\/wp-json\/wp\/v2\/types\/page"}],"author":[{"embeddable":true,"href":"https:\/\/kunskapsforbundet.se\/magnus-abergsgymnasiet\/wp-json\/wp\/v2\/users\/6"}],"replies":[{"embeddable":true,"href":"https:\/\/kunskapsforbundet.se\/magnus-abergsgymnasiet\/wp-json\/wp\/v2\/comments?post=200"}],"version-history":[{"count":39,"href":"https:\/\/kunskapsforbundet.se\/magnus-abergsgymnasiet\/wp-json\/wp\/v2\/pages\/200\/revisions"}],"predecessor-version":[{"id":6709,"href":"https:\/\/kunskapsforbundet.se\/magnus-abergsgymnasiet\/wp-json\/wp\/v2\/pages\/200\/revisions\/6709"}],"wp:featuredmedia":[{"embeddable":true,"href":"https:\/\/kunskapsforbundet.se\/magnus-abergsgymnasiet\/wp-json\/wp\/v2\/media\/4661"}],"wp:attachment":[{"href":"https:\/\/kunskapsforbundet.se\/magnus-abergsgymnasiet\/wp-json\/wp\/v2\/media?parent=200"}],"curies":[{"name":"wp","href":"https:\/\/api.w.org\/{rel}","templated":true}]}}