{"id":197,"date":"2014-08-13T15:07:25","date_gmt":"2014-08-13T13:07:25","guid":{"rendered":"https:\/\/www.kunskapsforbundet.se\/magnus-abergsgymnasiet\/?page_id=197"},"modified":"2025-03-13T10:11:48","modified_gmt":"2025-03-13T09:11:48","slug":"biblioteket","status":"publish","type":"page","link":"https:\/\/kunskapsforbundet.se\/magnus-abergsgymnasiet\/biblioteket\/","title":{"rendered":"Biblioteket"},"content":{"rendered":"\n<div class=\"pages__ingress pb-4 mb-0\"><p class=\"wp-block-ggb-block-feature__ingress\">V\u00e4lkommen till biblioteket p\u00e5 Magnus \u00c5bergsgymnasiet!<\/p><\/div>\n\n\n<p>P\u00e5 biblioteket kan du sk\u00f6ta dina l\u00e5ne\u00e4renden, s\u00f6ka information, l\u00e4sa och plugga. H\u00e4r hittar du ett varierat utbud av fack- och sk\u00f6nlitteratur inom olika \u00e4mnen och genrer. Det finns b\u00f6cker p\u00e5 olika spr\u00e5k och en avdelning med l\u00e4ttl\u00e4sta b\u00f6cker. Om du har en l\u00e4sneds\u00e4ttning kan du f\u00e5 hj\u00e4lp att lyssna p\u00e5 talb\u00f6cker.<\/p>\n<p>Fr\u00e5ga g\u00e4rna bibliotekarierna n\u00e4r du beh\u00f6ver hj\u00e4lp och v\u00e4gledning i biblioteket eller om du vill ha boktips. Saknar du n\u00e5got i biblioteket, l\u00e4mna g\u00e4rna ett ink\u00f6psf\u00f6rslag!<\/p>\n<p>Vi som jobbar i biblioteket heter J\u00f6rgen och Johanna. Vi arbetar tillsammans med l\u00e4rarna utifr\u00e5n skolbibliotekets huvuduppdrag: l\u00e4sstimulans och medie- och informationskunnighet. Det kan handla om presentation av olika typer av litteratur, l\u00e4sfr\u00e4mjande aktiviteter, textsamtal, samt st\u00f6d n\u00e4r det g\u00e4ller att s\u00f6ka, granska, v\u00e4lja och anv\u00e4nda information i samband med olika studieuppgifter.<\/p>\n<p>V\u00e4lkommen till ditt skolbibliotek!<\/p>","protected":false},"excerpt":{"rendered":"<p>P\u00e5 biblioteket kan du sk\u00f6ta dina l\u00e5ne\u00e4renden, s\u00f6ka information, l\u00e4sa och plugga. H\u00e4r hittar du ett varierat utbud av fack- och sk\u00f6nlitteratur inom olika \u00e4mnen och genrer. Det finns b\u00f6cker p\u00e5 olika spr\u00e5k och en avdelning med l\u00e4ttl\u00e4sta b\u00f6cker. Om du har en l\u00e4sneds\u00e4ttning kan du f\u00e5 hj\u00e4lp att lyssna p\u00e5 talb\u00f6cker. Fr\u00e5ga g\u00e4rna bibliotekarierna [&hellip;]<\/p>\n","protected":false},"author":7,"featured_media":4979,"parent":0,"menu_order":0,"comment_status":"closed","ping_status":"closed","template":"","meta":{"_acf_changed":false,"footnotes":""},"class_list":["post-197","page","type-page","status-publish","has-post-thumbnail","hentry"],"acf":[],"_links":{"self":[{"href":"https:\/\/kunskapsforbundet.se\/magnus-abergsgymnasiet\/wp-json\/wp\/v2\/pages\/197","targetHints":{"allow":["GET"]}}],"collection":[{"href":"https:\/\/kunskapsforbundet.se\/magnus-abergsgymnasiet\/wp-json\/wp\/v2\/pages"}],"about":[{"href":"https:\/\/kunskapsforbundet.se\/magnus-abergsgymnasiet\/wp-json\/wp\/v2\/types\/page"}],"author":[{"embeddable":true,"href":"https:\/\/kunskapsforbundet.se\/magnus-abergsgymnasiet\/wp-json\/wp\/v2\/users\/7"}],"replies":[{"embeddable":true,"href":"https:\/\/kunskapsforbundet.se\/magnus-abergsgymnasiet\/wp-json\/wp\/v2\/comments?post=197"}],"version-history":[{"count":21,"href":"https:\/\/kunskapsforbundet.se\/magnus-abergsgymnasiet\/wp-json\/wp\/v2\/pages\/197\/revisions"}],"predecessor-version":[{"id":7049,"href":"https:\/\/kunskapsforbundet.se\/magnus-abergsgymnasiet\/wp-json\/wp\/v2\/pages\/197\/revisions\/7049"}],"wp:featuredmedia":[{"embeddable":true,"href":"https:\/\/kunskapsforbundet.se\/magnus-abergsgymnasiet\/wp-json\/wp\/v2\/media\/4979"}],"wp:attachment":[{"href":"https:\/\/kunskapsforbundet.se\/magnus-abergsgymnasiet\/wp-json\/wp\/v2\/media?parent=197"}],"curies":[{"name":"wp","href":"https:\/\/api.w.org\/{rel}","templated":true}]}}