{"id":1729,"date":"2016-01-27T13:45:35","date_gmt":"2016-01-27T12:45:35","guid":{"rendered":"https:\/\/www.kunskapsforbundet.se\/magnus-abergsgymnasiet\/?page_id=1729"},"modified":"2026-02-26T12:01:51","modified_gmt":"2026-02-26T11:01:51","slug":"handlingsplaner","status":"publish","type":"page","link":"https:\/\/kunskapsforbundet.se\/magnus-abergsgymnasiet\/handlingsplaner\/","title":{"rendered":"Handlingsplaner"},"content":{"rendered":"\n<div style=\"height:13px\" aria-hidden=\"true\" class=\"wp-block-spacer\"><\/div>\n\n\n\n<div class=\"pages__ingress pb-4 mb-0\"><p>V\u00e5ra handlingsplaner l\u00e4gger en grund f\u00f6r en inkluderande och s\u00e4ker skolmilj\u00f6.<\/p><\/div>\n\n\n\n<p>Magnus \u00c5bergsgymnasiet arbetar med handlingsplaner kring diskriminering och kr\u00e4nkande behandling, hot och v\u00e5ld, drogf\u00f6rebyggande, elevh\u00e4lsa och trivsel.<\/p>\n\n\n\n<p>Har du fr\u00e5gor kring v\u00e5rt arbete med handlingsplaner eller \u00e4r intresserad av att ta del av dessa? V\u00e4lkommen att kontakta oss \u2013 vi hj\u00e4lper g\u00e4rna till!&nbsp;\ud83d\udc4d<\/p>\n\n\n\n<div class=\"wp-block-file\"><a id=\"wp-block-file--media-dcbad295-bedb-485f-974a-3fe84345e271\" href=\"https:\/\/kunskapsforbundet.se\/app\/uploads\/sites\/4\/2026\/02\/Trivselpolicy-25-26-1.pdf\">Trivselpolicy 25-26<\/a><a href=\"https:\/\/kunskapsforbundet.se\/app\/uploads\/sites\/4\/2026\/02\/Trivselpolicy-25-26-1.pdf\" class=\"wp-block-file__button wp-element-button\" download aria-describedby=\"wp-block-file--media-dcbad295-bedb-485f-974a-3fe84345e271\">Ladda ner<\/a><\/div>\n\n\n\n\n\n<p><\/p>\n","protected":false},"excerpt":{"rendered":"<p>Magnus \u00c5bergsgymnasiet arbetar med handlingsplaner kring diskriminering och kr\u00e4nkande behandling, hot och v\u00e5ld, drogf\u00f6rebyggande, elevh\u00e4lsa och trivsel. Har du fr\u00e5gor kring v\u00e5rt arbete med handlingsplaner eller \u00e4r intresserad av att ta del av dessa? V\u00e4lkommen att kontakta oss \u2013 vi hj\u00e4lper g\u00e4rna till!&nbsp;\ud83d\udc4d<\/p>\n","protected":false},"author":7,"featured_media":4621,"parent":0,"menu_order":0,"comment_status":"closed","ping_status":"closed","template":"","meta":{"_acf_changed":false,"footnotes":""},"class_list":["post-1729","page","type-page","status-publish","has-post-thumbnail","hentry"],"acf":[],"_links":{"self":[{"href":"https:\/\/kunskapsforbundet.se\/magnus-abergsgymnasiet\/wp-json\/wp\/v2\/pages\/1729","targetHints":{"allow":["GET"]}}],"collection":[{"href":"https:\/\/kunskapsforbundet.se\/magnus-abergsgymnasiet\/wp-json\/wp\/v2\/pages"}],"about":[{"href":"https:\/\/kunskapsforbundet.se\/magnus-abergsgymnasiet\/wp-json\/wp\/v2\/types\/page"}],"author":[{"embeddable":true,"href":"https:\/\/kunskapsforbundet.se\/magnus-abergsgymnasiet\/wp-json\/wp\/v2\/users\/7"}],"replies":[{"embeddable":true,"href":"https:\/\/kunskapsforbundet.se\/magnus-abergsgymnasiet\/wp-json\/wp\/v2\/comments?post=1729"}],"version-history":[{"count":49,"href":"https:\/\/kunskapsforbundet.se\/magnus-abergsgymnasiet\/wp-json\/wp\/v2\/pages\/1729\/revisions"}],"predecessor-version":[{"id":7564,"href":"https:\/\/kunskapsforbundet.se\/magnus-abergsgymnasiet\/wp-json\/wp\/v2\/pages\/1729\/revisions\/7564"}],"wp:featuredmedia":[{"embeddable":true,"href":"https:\/\/kunskapsforbundet.se\/magnus-abergsgymnasiet\/wp-json\/wp\/v2\/media\/4621"}],"wp:attachment":[{"href":"https:\/\/kunskapsforbundet.se\/magnus-abergsgymnasiet\/wp-json\/wp\/v2\/media?parent=1729"}],"curies":[{"name":"wp","href":"https:\/\/api.w.org\/{rel}","templated":true}]}}