{"id":153,"date":"2014-08-13T10:22:11","date_gmt":"2014-08-13T08:22:11","guid":{"rendered":"https:\/\/www.kunskapsforbundet.se\/magnus-abergsgymnasiet\/?page_id=153"},"modified":"2021-08-04T23:49:09","modified_gmt":"2021-08-04T21:49:09","slug":"om-kunskapsforbundet","status":"publish","type":"page","link":"https:\/\/kunskapsforbundet.se\/magnus-abergsgymnasiet\/om-kunskapsforbundet\/","title":{"rendered":"Om Kunskapsf\u00f6rbundet"},"content":{"rendered":"\n<div class=\"pages__ingress pb-4 mb-0\"><p>Kunskapsf\u00f6rbundet V\u00e4st \u00e4r ett samarbete mellan Trollh\u00e4ttans Stad och V\u00e4nersborgs Kommun kring de frivilliga skolformerna i Trollh\u00e4ttan och V\u00e4nersborg.<\/p><\/div>\n\n\n<p>Fr\u00e5n och med den 1 januari 2013 ansvarar Kunskapsf\u00f6rbundet V\u00e4st f\u00f6r Birger Sj\u00f6berggymnasiet, Magnus \u00c5bergsgymnasiet, Nils Ericsonsgymnasiet samt Vuxenutbildningen i Trollh\u00e4ttan och V\u00e4nersborg.<\/p>\n<p>Kunskapsf\u00f6rbundet V\u00e4st \u00e4r ett Kommunalf\u00f6rbund som \u00e4gs av Trollh\u00e4ttans Stad och V\u00e4nersborgs Kommun. F\u00f6rbundet arbetar f\u00f6r att utveckla och st\u00e4rka de frivilliga skolformerna i b\u00e5de Trollh\u00e4ttan och V\u00e4nersborg.<\/p>\n<p>Med cirka 3&nbsp;000 elever som studerar p\u00e5 v\u00e5ra gymnasieskolor och n\u00e4rmare 3&nbsp;000 studenter inom Vuxenutbildningen \u00e4r vi en av V\u00e4stsveriges st\u00f6rsta utbildningsanordnare. Cirka 600 personer \u00e4r anst\u00e4llda i Kunskapsf\u00f6rbundet och ytterst ansvariga \u00e4r en politisk direktion med 14 ledam\u00f6ter fr\u00e5n v\u00e5ra \u00e4garkommuner.<\/p>","protected":false},"excerpt":{"rendered":"<p>Fr\u00e5n och med den 1 januari 2013 ansvarar Kunskapsf\u00f6rbundet V\u00e4st f\u00f6r Birger Sj\u00f6berggymnasiet, Magnus \u00c5bergsgymnasiet, Nils Ericsonsgymnasiet samt Vuxenutbildningen i Trollh\u00e4ttan och V\u00e4nersborg. Kunskapsf\u00f6rbundet V\u00e4st \u00e4r ett Kommunalf\u00f6rbund som \u00e4gs av Trollh\u00e4ttans Stad och V\u00e4nersborgs Kommun. F\u00f6rbundet arbetar f\u00f6r att utveckla och st\u00e4rka de frivilliga skolformerna i b\u00e5de Trollh\u00e4ttan och V\u00e4nersborg. Med cirka 3&nbsp;000 elever [&hellip;]<\/p>\n","protected":false},"author":6,"featured_media":4657,"parent":0,"menu_order":0,"comment_status":"closed","ping_status":"closed","template":"","meta":{"_acf_changed":false,"footnotes":""},"class_list":["post-153","page","type-page","status-publish","has-post-thumbnail","hentry"],"acf":[],"_links":{"self":[{"href":"https:\/\/kunskapsforbundet.se\/magnus-abergsgymnasiet\/wp-json\/wp\/v2\/pages\/153","targetHints":{"allow":["GET"]}}],"collection":[{"href":"https:\/\/kunskapsforbundet.se\/magnus-abergsgymnasiet\/wp-json\/wp\/v2\/pages"}],"about":[{"href":"https:\/\/kunskapsforbundet.se\/magnus-abergsgymnasiet\/wp-json\/wp\/v2\/types\/page"}],"author":[{"embeddable":true,"href":"https:\/\/kunskapsforbundet.se\/magnus-abergsgymnasiet\/wp-json\/wp\/v2\/users\/6"}],"replies":[{"embeddable":true,"href":"https:\/\/kunskapsforbundet.se\/magnus-abergsgymnasiet\/wp-json\/wp\/v2\/comments?post=153"}],"version-history":[{"count":3,"href":"https:\/\/kunskapsforbundet.se\/magnus-abergsgymnasiet\/wp-json\/wp\/v2\/pages\/153\/revisions"}],"predecessor-version":[{"id":4658,"href":"https:\/\/kunskapsforbundet.se\/magnus-abergsgymnasiet\/wp-json\/wp\/v2\/pages\/153\/revisions\/4658"}],"wp:featuredmedia":[{"embeddable":true,"href":"https:\/\/kunskapsforbundet.se\/magnus-abergsgymnasiet\/wp-json\/wp\/v2\/media\/4657"}],"wp:attachment":[{"href":"https:\/\/kunskapsforbundet.se\/magnus-abergsgymnasiet\/wp-json\/wp\/v2\/media?parent=153"}],"curies":[{"name":"wp","href":"https:\/\/api.w.org\/{rel}","templated":true}]}}