{"id":872,"date":"2014-11-05T10:35:52","date_gmt":"2014-11-05T09:35:52","guid":{"rendered":"https:\/\/www.kunskapsforbundet.se\/birger-sjoberggymnasiet\/?page_id=872"},"modified":"2025-12-11T11:22:19","modified_gmt":"2025-12-11T10:22:19","slug":"skolmat","status":"publish","type":"page","link":"https:\/\/kunskapsforbundet.se\/birger-sjoberggymnasiet\/skolmat\/","title":{"rendered":"Skolmat"},"content":{"rendered":"\n<div class=\"pages__ingress pb-4 mb-0\"><p>Skolrestaurangerna p\u00e5 Idrottsgatan 3 serverar dagligen kostnadsfri lunch till alla inskrivna elever.<\/p><\/div>\n\n\n<p>I utbudet finns ut\u00f6ver dagens r\u00e4tt vegetariskt alternativ och salladsbuff\u00e9. Matsalen \u00e4r \u00f6ppen mellan 11:00-13:00.<\/p>\n<p>Veckans matsedel hittar du p\u00e5 skolans instagram @birgersjoberggymnasiet<\/p>\n\n\n<h3 class=\"wp-block-heading\">Behov av specialkost? <\/h3>\n\n\n\n<p>\u00c4r du i behov av specialkost ans\u00f6ker du via en e-tj\u00e4nst,<a href=\"https:\/\/minasidor.vanersborg.se\/oversikt\/overview\/24\"> till ans\u00f6kan.<\/a><br>OBS! Ans\u00f6kan om specialkost ska f\u00f6rnyas inf\u00f6r varje nytt l\u00e4s\u00e5r, senast 10 augusti. <\/p>\n","protected":false},"excerpt":{"rendered":"<p>I utbudet finns ut\u00f6ver dagens r\u00e4tt vegetariskt alternativ och salladsbuff\u00e9. Matsalen \u00e4r \u00f6ppen mellan 11:00-13:00. Veckans matsedel hittar du p\u00e5 skolans instagram @birgersjoberggymnasiet Behov av specialkost? \u00c4r du i behov av specialkost ans\u00f6ker du via en e-tj\u00e4nst, till ans\u00f6kan.OBS! Ans\u00f6kan om specialkost ska f\u00f6rnyas inf\u00f6r varje nytt l\u00e4s\u00e5r, senast 10 augusti.<\/p>\n","protected":false},"author":34,"featured_media":4611,"parent":0,"menu_order":0,"comment_status":"closed","ping_status":"closed","template":"","meta":{"_acf_changed":false,"footnotes":""},"class_list":["post-872","page","type-page","status-publish","has-post-thumbnail","hentry"],"acf":[],"_links":{"self":[{"href":"https:\/\/kunskapsforbundet.se\/birger-sjoberggymnasiet\/wp-json\/wp\/v2\/pages\/872","targetHints":{"allow":["GET"]}}],"collection":[{"href":"https:\/\/kunskapsforbundet.se\/birger-sjoberggymnasiet\/wp-json\/wp\/v2\/pages"}],"about":[{"href":"https:\/\/kunskapsforbundet.se\/birger-sjoberggymnasiet\/wp-json\/wp\/v2\/types\/page"}],"author":[{"embeddable":true,"href":"https:\/\/kunskapsforbundet.se\/birger-sjoberggymnasiet\/wp-json\/wp\/v2\/users\/34"}],"replies":[{"embeddable":true,"href":"https:\/\/kunskapsforbundet.se\/birger-sjoberggymnasiet\/wp-json\/wp\/v2\/comments?post=872"}],"version-history":[{"count":15,"href":"https:\/\/kunskapsforbundet.se\/birger-sjoberggymnasiet\/wp-json\/wp\/v2\/pages\/872\/revisions"}],"predecessor-version":[{"id":7199,"href":"https:\/\/kunskapsforbundet.se\/birger-sjoberggymnasiet\/wp-json\/wp\/v2\/pages\/872\/revisions\/7199"}],"wp:featuredmedia":[{"embeddable":true,"href":"https:\/\/kunskapsforbundet.se\/birger-sjoberggymnasiet\/wp-json\/wp\/v2\/media\/4611"}],"wp:attachment":[{"href":"https:\/\/kunskapsforbundet.se\/birger-sjoberggymnasiet\/wp-json\/wp\/v2\/media?parent=872"}],"curies":[{"name":"wp","href":"https:\/\/api.w.org\/{rel}","templated":true}]}}