{"id":7375,"date":"2026-04-28T08:27:24","date_gmt":"2026-04-28T06:27:24","guid":{"rendered":"https:\/\/kunskapsforbundet.se\/birger-sjoberggymnasiet\/?page_id=7375"},"modified":"2026-04-28T08:27:25","modified_gmt":"2026-04-28T06:27:25","slug":"studenten","status":"publish","type":"page","link":"https:\/\/kunskapsforbundet.se\/birger-sjoberggymnasiet\/studenten\/","title":{"rendered":"Studenten"},"content":{"rendered":"\n<div class=\"pages__ingress pb-4 mb-0\"><p class=\"wp-block-ggb-block-feature__ingress\">Studenten n\u00e4rmar sig med stormsteg, och snart st\u00e5r v\u00e5ra sista\u00e5rselever d\u00e4r med studentm\u00f6ssan p\u00e5 huvudet. H\u00e4r finner du all information du kan t\u00e4nkas beh\u00f6va inf\u00f6r den stora dagen.<\/p><\/div>\n\n\n\n<p><strong>N\u00e4r?<\/strong>\u00a012 juni 2026<br><strong>Var?<\/strong> Birger Sj\u00f6berggymnasiet<\/p>\n\n\n\n<div style=\"height:28px\" aria-hidden=\"true\" class=\"wp-block-spacer\"><\/div>\n\n\n\n<h2 class=\"wp-block-heading\">H\u00e5lltider 12 juni<\/h2>\n\n\n\n<p><strong>08:30<\/strong> Eleverna samlas f\u00f6r mentorstid och fotografering<br><strong>11:00<\/strong> Studentlunch i skolans matsal<br><strong>11:40<\/strong> Insl\u00e4pp f\u00f6r anh\u00f6riga till Studentshowen i Idrottshusets A-hall.<br><em>Anh\u00f6riga anv\u00e4nder huvudentr\u00e9n och sitter p\u00e5 l\u00e4ktaren.<\/em><br><strong>12:00<\/strong> Studentshow!<br><strong>Ca. 13:15<\/strong> avg\u00e5r Sambaparaden fr\u00e5n Idrottshuset<br><strong>Ca. 13:45<\/strong> anl\u00e4nder studenterna till Plantaget. <br><em>Eleverna st\u00e4ller sig klassvis enligt kartan nedan. Anh\u00f6riga m\u00f6ter upp d\u00e4r. <\/em><\/p>\n\n\n\n<div style=\"height:30px\" aria-hidden=\"true\" class=\"wp-block-spacer\"><\/div>\n\n\n\n<h2 class=\"wp-block-heading\">Karta<\/h2>\n\n\n\n<p>Hur hittar jag i vimlet? Den fr\u00e5gan st\u00e4ller sig m\u00e5nga. Nedan hittar du en karta som guidar dig r\u00e4tt.<\/p>\n\n\n\n<figure class=\"wp-block-image size-large\"><img loading=\"lazy\" decoding=\"async\" width=\"1024\" height=\"688\" src=\"https:\/\/kunskapsforbundet.se\/app\/uploads\/sites\/3\/2026\/04\/Plantaget-Vanersborg-1024x688.png\" alt=\"\" class=\"wp-image-7376\" srcset=\"https:\/\/kunskapsforbundet.se\/app\/uploads\/sites\/3\/2026\/04\/Plantaget-Vanersborg-1024x688.png 1024w, https:\/\/kunskapsforbundet.se\/app\/uploads\/sites\/3\/2026\/04\/Plantaget-Vanersborg-300x202.png 300w, https:\/\/kunskapsforbundet.se\/app\/uploads\/sites\/3\/2026\/04\/Plantaget-Vanersborg-768x516.png 768w, https:\/\/kunskapsforbundet.se\/app\/uploads\/sites\/3\/2026\/04\/Plantaget-Vanersborg-1536x1032.png 1536w, https:\/\/kunskapsforbundet.se\/app\/uploads\/sites\/3\/2026\/04\/Plantaget-Vanersborg.png 1785w\" sizes=\"auto, (max-width: 1024px) 100vw, 1024px\" \/><\/figure>\n\n\n\n<div style=\"height:31px\" aria-hidden=\"true\" class=\"wp-block-spacer\"><\/div>\n\n\n\n<h2 class=\"wp-block-heading\">Bilder fr\u00e5n studenten 2025<\/h2>\n\n\n\n<figure class=\"wp-block-gallery has-nested-images columns-default is-cropped wp-block-gallery-2 is-layout-flex wp-block-gallery-is-layout-flex\">\n<figure class=\"wp-block-image size-large is-style-default\"><img loading=\"lazy\" decoding=\"async\" width=\"1024\" height=\"683\" data-id=\"7377\" src=\"https:\/\/kunskapsforbundet.se\/app\/uploads\/sites\/3\/2026\/04\/DSC_3684-1024x683.jpg\" alt=\"\" class=\"wp-image-7377\" srcset=\"https:\/\/kunskapsforbundet.se\/app\/uploads\/sites\/3\/2026\/04\/DSC_3684-1024x683.jpg 1024w, https:\/\/kunskapsforbundet.se\/app\/uploads\/sites\/3\/2026\/04\/DSC_3684-300x200.jpg 300w, https:\/\/kunskapsforbundet.se\/app\/uploads\/sites\/3\/2026\/04\/DSC_3684-768x512.jpg 768w, https:\/\/kunskapsforbundet.se\/app\/uploads\/sites\/3\/2026\/04\/DSC_3684.jpg 1500w\" sizes=\"auto, (max-width: 1024px) 100vw, 1024px\" \/><\/figure>\n\n\n\n<figure class=\"wp-block-image size-large\"><img loading=\"lazy\" decoding=\"async\" width=\"1024\" height=\"768\" data-id=\"7378\" src=\"https:\/\/kunskapsforbundet.se\/app\/uploads\/sites\/3\/2026\/04\/processed-6A9D8CC4-FCDA-43E7-AD40-B2339EF8D124-1024x768.jpeg\" alt=\"\" class=\"wp-image-7378\" srcset=\"https:\/\/kunskapsforbundet.se\/app\/uploads\/sites\/3\/2026\/04\/processed-6A9D8CC4-FCDA-43E7-AD40-B2339EF8D124-1024x768.jpeg 1024w, https:\/\/kunskapsforbundet.se\/app\/uploads\/sites\/3\/2026\/04\/processed-6A9D8CC4-FCDA-43E7-AD40-B2339EF8D124-300x225.jpeg 300w, https:\/\/kunskapsforbundet.se\/app\/uploads\/sites\/3\/2026\/04\/processed-6A9D8CC4-FCDA-43E7-AD40-B2339EF8D124-768x576.jpeg 768w, https:\/\/kunskapsforbundet.se\/app\/uploads\/sites\/3\/2026\/04\/processed-6A9D8CC4-FCDA-43E7-AD40-B2339EF8D124-1536x1153.jpeg 1536w, https:\/\/kunskapsforbundet.se\/app\/uploads\/sites\/3\/2026\/04\/processed-6A9D8CC4-FCDA-43E7-AD40-B2339EF8D124-2048x1537.jpeg 2048w\" sizes=\"auto, (max-width: 1024px) 100vw, 1024px\" \/><\/figure>\n\n\n\n<figure class=\"wp-block-image size-large\"><img loading=\"lazy\" decoding=\"async\" width=\"1024\" height=\"683\" data-id=\"7379\" src=\"https:\/\/kunskapsforbundet.se\/app\/uploads\/sites\/3\/2026\/04\/DSC_3212-1024x683.jpg\" alt=\"\" class=\"wp-image-7379\" srcset=\"https:\/\/kunskapsforbundet.se\/app\/uploads\/sites\/3\/2026\/04\/DSC_3212-1024x683.jpg 1024w, https:\/\/kunskapsforbundet.se\/app\/uploads\/sites\/3\/2026\/04\/DSC_3212-300x200.jpg 300w, https:\/\/kunskapsforbundet.se\/app\/uploads\/sites\/3\/2026\/04\/DSC_3212-768x512.jpg 768w, https:\/\/kunskapsforbundet.se\/app\/uploads\/sites\/3\/2026\/04\/DSC_3212.jpg 1500w\" sizes=\"auto, (max-width: 1024px) 100vw, 1024px\" \/><\/figure>\n\n\n\n<figure class=\"wp-block-image size-large\"><img loading=\"lazy\" decoding=\"async\" width=\"1024\" height=\"683\" data-id=\"7380\" src=\"https:\/\/kunskapsforbundet.se\/app\/uploads\/sites\/3\/2026\/04\/DSC_3277-1024x683.jpg\" alt=\"\" class=\"wp-image-7380\" srcset=\"https:\/\/kunskapsforbundet.se\/app\/uploads\/sites\/3\/2026\/04\/DSC_3277-1024x683.jpg 1024w, https:\/\/kunskapsforbundet.se\/app\/uploads\/sites\/3\/2026\/04\/DSC_3277-300x200.jpg 300w, https:\/\/kunskapsforbundet.se\/app\/uploads\/sites\/3\/2026\/04\/DSC_3277-768x512.jpg 768w, https:\/\/kunskapsforbundet.se\/app\/uploads\/sites\/3\/2026\/04\/DSC_3277.jpg 1500w\" sizes=\"auto, (max-width: 1024px) 100vw, 1024px\" \/><\/figure>\n\n\n\n<figure class=\"wp-block-image size-large\"><img loading=\"lazy\" decoding=\"async\" width=\"1024\" height=\"683\" data-id=\"7381\" src=\"https:\/\/kunskapsforbundet.se\/app\/uploads\/sites\/3\/2026\/04\/DSC_3282-1024x683.jpg\" alt=\"\" class=\"wp-image-7381\" srcset=\"https:\/\/kunskapsforbundet.se\/app\/uploads\/sites\/3\/2026\/04\/DSC_3282-1024x683.jpg 1024w, https:\/\/kunskapsforbundet.se\/app\/uploads\/sites\/3\/2026\/04\/DSC_3282-300x200.jpg 300w, https:\/\/kunskapsforbundet.se\/app\/uploads\/sites\/3\/2026\/04\/DSC_3282-768x512.jpg 768w, https:\/\/kunskapsforbundet.se\/app\/uploads\/sites\/3\/2026\/04\/DSC_3282.jpg 1500w\" sizes=\"auto, (max-width: 1024px) 100vw, 1024px\" \/><\/figure>\n\n\n\n<figure class=\"wp-block-image size-large\"><img loading=\"lazy\" decoding=\"async\" width=\"1024\" height=\"683\" data-id=\"7382\" src=\"https:\/\/kunskapsforbundet.se\/app\/uploads\/sites\/3\/2026\/04\/DSC_3300-1024x683.jpg\" alt=\"\" class=\"wp-image-7382\" srcset=\"https:\/\/kunskapsforbundet.se\/app\/uploads\/sites\/3\/2026\/04\/DSC_3300-1024x683.jpg 1024w, https:\/\/kunskapsforbundet.se\/app\/uploads\/sites\/3\/2026\/04\/DSC_3300-300x200.jpg 300w, https:\/\/kunskapsforbundet.se\/app\/uploads\/sites\/3\/2026\/04\/DSC_3300-768x512.jpg 768w, https:\/\/kunskapsforbundet.se\/app\/uploads\/sites\/3\/2026\/04\/DSC_3300.jpg 1500w\" sizes=\"auto, (max-width: 1024px) 100vw, 1024px\" \/><\/figure>\n\n\n\n<figure class=\"wp-block-image size-large\"><img loading=\"lazy\" decoding=\"async\" width=\"1024\" height=\"683\" data-id=\"7383\" src=\"https:\/\/kunskapsforbundet.se\/app\/uploads\/sites\/3\/2026\/04\/DSC_3305-1024x683.jpg\" alt=\"\" class=\"wp-image-7383\" srcset=\"https:\/\/kunskapsforbundet.se\/app\/uploads\/sites\/3\/2026\/04\/DSC_3305-1024x683.jpg 1024w, https:\/\/kunskapsforbundet.se\/app\/uploads\/sites\/3\/2026\/04\/DSC_3305-300x200.jpg 300w, https:\/\/kunskapsforbundet.se\/app\/uploads\/sites\/3\/2026\/04\/DSC_3305-768x512.jpg 768w, https:\/\/kunskapsforbundet.se\/app\/uploads\/sites\/3\/2026\/04\/DSC_3305.jpg 1500w\" sizes=\"auto, (max-width: 1024px) 100vw, 1024px\" \/><\/figure>\n\n\n\n<figure class=\"wp-block-image size-large\"><img loading=\"lazy\" decoding=\"async\" width=\"1024\" height=\"683\" data-id=\"7384\" src=\"https:\/\/kunskapsforbundet.se\/app\/uploads\/sites\/3\/2026\/04\/DSC_3313-1024x683.jpg\" alt=\"\" class=\"wp-image-7384\" srcset=\"https:\/\/kunskapsforbundet.se\/app\/uploads\/sites\/3\/2026\/04\/DSC_3313-1024x683.jpg 1024w, https:\/\/kunskapsforbundet.se\/app\/uploads\/sites\/3\/2026\/04\/DSC_3313-300x200.jpg 300w, https:\/\/kunskapsforbundet.se\/app\/uploads\/sites\/3\/2026\/04\/DSC_3313-768x512.jpg 768w, https:\/\/kunskapsforbundet.se\/app\/uploads\/sites\/3\/2026\/04\/DSC_3313.jpg 1500w\" sizes=\"auto, (max-width: 1024px) 100vw, 1024px\" \/><\/figure>\n\n\n\n<figure class=\"wp-block-image size-large\"><img loading=\"lazy\" decoding=\"async\" width=\"1024\" height=\"683\" data-id=\"7385\" src=\"https:\/\/kunskapsforbundet.se\/app\/uploads\/sites\/3\/2026\/04\/DSC_3321-1024x683.jpg\" alt=\"\" class=\"wp-image-7385\" srcset=\"https:\/\/kunskapsforbundet.se\/app\/uploads\/sites\/3\/2026\/04\/DSC_3321-1024x683.jpg 1024w, https:\/\/kunskapsforbundet.se\/app\/uploads\/sites\/3\/2026\/04\/DSC_3321-300x200.jpg 300w, https:\/\/kunskapsforbundet.se\/app\/uploads\/sites\/3\/2026\/04\/DSC_3321-768x512.jpg 768w, https:\/\/kunskapsforbundet.se\/app\/uploads\/sites\/3\/2026\/04\/DSC_3321.jpg 1500w\" sizes=\"auto, (max-width: 1024px) 100vw, 1024px\" \/><\/figure>\n\n\n\n<figure class=\"wp-block-image size-large\"><img loading=\"lazy\" decoding=\"async\" width=\"1024\" height=\"683\" data-id=\"7386\" src=\"https:\/\/kunskapsforbundet.se\/app\/uploads\/sites\/3\/2026\/04\/DSC_3335-1024x683.jpg\" alt=\"\" class=\"wp-image-7386\" srcset=\"https:\/\/kunskapsforbundet.se\/app\/uploads\/sites\/3\/2026\/04\/DSC_3335-1024x683.jpg 1024w, https:\/\/kunskapsforbundet.se\/app\/uploads\/sites\/3\/2026\/04\/DSC_3335-300x200.jpg 300w, https:\/\/kunskapsforbundet.se\/app\/uploads\/sites\/3\/2026\/04\/DSC_3335-768x512.jpg 768w, https:\/\/kunskapsforbundet.se\/app\/uploads\/sites\/3\/2026\/04\/DSC_3335.jpg 1500w\" sizes=\"auto, (max-width: 1024px) 100vw, 1024px\" \/><\/figure>\n\n\n\n<figure class=\"wp-block-image size-large\"><img loading=\"lazy\" decoding=\"async\" width=\"1024\" height=\"683\" data-id=\"7387\" src=\"https:\/\/kunskapsforbundet.se\/app\/uploads\/sites\/3\/2026\/04\/DSC_3343-1024x683.jpg\" alt=\"\" class=\"wp-image-7387\" srcset=\"https:\/\/kunskapsforbundet.se\/app\/uploads\/sites\/3\/2026\/04\/DSC_3343-1024x683.jpg 1024w, https:\/\/kunskapsforbundet.se\/app\/uploads\/sites\/3\/2026\/04\/DSC_3343-300x200.jpg 300w, https:\/\/kunskapsforbundet.se\/app\/uploads\/sites\/3\/2026\/04\/DSC_3343-768x512.jpg 768w, https:\/\/kunskapsforbundet.se\/app\/uploads\/sites\/3\/2026\/04\/DSC_3343.jpg 1500w\" sizes=\"auto, (max-width: 1024px) 100vw, 1024px\" \/><\/figure>\n\n\n\n<figure class=\"wp-block-image size-large\"><img loading=\"lazy\" decoding=\"async\" width=\"1024\" height=\"683\" data-id=\"7388\" src=\"https:\/\/kunskapsforbundet.se\/app\/uploads\/sites\/3\/2026\/04\/DSC_3387-1024x683.jpg\" alt=\"\" class=\"wp-image-7388\" srcset=\"https:\/\/kunskapsforbundet.se\/app\/uploads\/sites\/3\/2026\/04\/DSC_3387-1024x683.jpg 1024w, https:\/\/kunskapsforbundet.se\/app\/uploads\/sites\/3\/2026\/04\/DSC_3387-300x200.jpg 300w, https:\/\/kunskapsforbundet.se\/app\/uploads\/sites\/3\/2026\/04\/DSC_3387-768x512.jpg 768w, https:\/\/kunskapsforbundet.se\/app\/uploads\/sites\/3\/2026\/04\/DSC_3387.jpg 1500w\" sizes=\"auto, (max-width: 1024px) 100vw, 1024px\" \/><\/figure>\n\n\n\n<figure class=\"wp-block-image size-large\"><img loading=\"lazy\" decoding=\"async\" width=\"1024\" height=\"683\" data-id=\"7389\" src=\"https:\/\/kunskapsforbundet.se\/app\/uploads\/sites\/3\/2026\/04\/DSC_3453-1024x683.jpg\" alt=\"\" class=\"wp-image-7389\" srcset=\"https:\/\/kunskapsforbundet.se\/app\/uploads\/sites\/3\/2026\/04\/DSC_3453-1024x683.jpg 1024w, https:\/\/kunskapsforbundet.se\/app\/uploads\/sites\/3\/2026\/04\/DSC_3453-300x200.jpg 300w, https:\/\/kunskapsforbundet.se\/app\/uploads\/sites\/3\/2026\/04\/DSC_3453-768x512.jpg 768w, https:\/\/kunskapsforbundet.se\/app\/uploads\/sites\/3\/2026\/04\/DSC_3453.jpg 1500w\" sizes=\"auto, (max-width: 1024px) 100vw, 1024px\" \/><\/figure>\n\n\n\n<figure class=\"wp-block-image size-large\"><img loading=\"lazy\" decoding=\"async\" width=\"1024\" height=\"683\" data-id=\"7390\" src=\"https:\/\/kunskapsforbundet.se\/app\/uploads\/sites\/3\/2026\/04\/DSC_3480-1024x683.jpg\" alt=\"\" class=\"wp-image-7390\" srcset=\"https:\/\/kunskapsforbundet.se\/app\/uploads\/sites\/3\/2026\/04\/DSC_3480-1024x683.jpg 1024w, https:\/\/kunskapsforbundet.se\/app\/uploads\/sites\/3\/2026\/04\/DSC_3480-300x200.jpg 300w, https:\/\/kunskapsforbundet.se\/app\/uploads\/sites\/3\/2026\/04\/DSC_3480-768x512.jpg 768w, https:\/\/kunskapsforbundet.se\/app\/uploads\/sites\/3\/2026\/04\/DSC_3480.jpg 1500w\" sizes=\"auto, (max-width: 1024px) 100vw, 1024px\" \/><\/figure>\n\n\n\n<figure class=\"wp-block-image size-large\"><img loading=\"lazy\" decoding=\"async\" width=\"1024\" height=\"683\" data-id=\"7391\" src=\"https:\/\/kunskapsforbundet.se\/app\/uploads\/sites\/3\/2026\/04\/DSC_3497-1024x683.jpg\" alt=\"\" class=\"wp-image-7391\" srcset=\"https:\/\/kunskapsforbundet.se\/app\/uploads\/sites\/3\/2026\/04\/DSC_3497-1024x683.jpg 1024w, https:\/\/kunskapsforbundet.se\/app\/uploads\/sites\/3\/2026\/04\/DSC_3497-300x200.jpg 300w, https:\/\/kunskapsforbundet.se\/app\/uploads\/sites\/3\/2026\/04\/DSC_3497-768x512.jpg 768w, https:\/\/kunskapsforbundet.se\/app\/uploads\/sites\/3\/2026\/04\/DSC_3497.jpg 1500w\" sizes=\"auto, (max-width: 1024px) 100vw, 1024px\" \/><\/figure>\n\n\n\n<figure class=\"wp-block-image size-large\"><img loading=\"lazy\" decoding=\"async\" width=\"1024\" height=\"683\" data-id=\"7392\" src=\"https:\/\/kunskapsforbundet.se\/app\/uploads\/sites\/3\/2026\/04\/DSC_3508-1024x683.jpg\" alt=\"\" class=\"wp-image-7392\" srcset=\"https:\/\/kunskapsforbundet.se\/app\/uploads\/sites\/3\/2026\/04\/DSC_3508-1024x683.jpg 1024w, https:\/\/kunskapsforbundet.se\/app\/uploads\/sites\/3\/2026\/04\/DSC_3508-300x200.jpg 300w, https:\/\/kunskapsforbundet.se\/app\/uploads\/sites\/3\/2026\/04\/DSC_3508-768x512.jpg 768w, https:\/\/kunskapsforbundet.se\/app\/uploads\/sites\/3\/2026\/04\/DSC_3508.jpg 1500w\" sizes=\"auto, (max-width: 1024px) 100vw, 1024px\" \/><\/figure>\n\n\n\n<figure class=\"wp-block-image size-large\"><img loading=\"lazy\" decoding=\"async\" width=\"1024\" height=\"683\" data-id=\"7393\" src=\"https:\/\/kunskapsforbundet.se\/app\/uploads\/sites\/3\/2026\/04\/DSC_3522-1024x683.jpg\" alt=\"\" class=\"wp-image-7393\" srcset=\"https:\/\/kunskapsforbundet.se\/app\/uploads\/sites\/3\/2026\/04\/DSC_3522-1024x683.jpg 1024w, https:\/\/kunskapsforbundet.se\/app\/uploads\/sites\/3\/2026\/04\/DSC_3522-300x200.jpg 300w, https:\/\/kunskapsforbundet.se\/app\/uploads\/sites\/3\/2026\/04\/DSC_3522-768x512.jpg 768w, https:\/\/kunskapsforbundet.se\/app\/uploads\/sites\/3\/2026\/04\/DSC_3522.jpg 1500w\" sizes=\"auto, (max-width: 1024px) 100vw, 1024px\" \/><\/figure>\n\n\n\n<figure class=\"wp-block-image size-large\"><img loading=\"lazy\" decoding=\"async\" width=\"1024\" height=\"683\" data-id=\"7394\" src=\"https:\/\/kunskapsforbundet.se\/app\/uploads\/sites\/3\/2026\/04\/DSC_3559-1024x683.jpg\" alt=\"\" class=\"wp-image-7394\" srcset=\"https:\/\/kunskapsforbundet.se\/app\/uploads\/sites\/3\/2026\/04\/DSC_3559-1024x683.jpg 1024w, https:\/\/kunskapsforbundet.se\/app\/uploads\/sites\/3\/2026\/04\/DSC_3559-300x200.jpg 300w, https:\/\/kunskapsforbundet.se\/app\/uploads\/sites\/3\/2026\/04\/DSC_3559-768x512.jpg 768w, https:\/\/kunskapsforbundet.se\/app\/uploads\/sites\/3\/2026\/04\/DSC_3559.jpg 1500w\" sizes=\"auto, (max-width: 1024px) 100vw, 1024px\" \/><\/figure>\n\n\n\n<figure class=\"wp-block-image size-large\"><img loading=\"lazy\" decoding=\"async\" width=\"1024\" height=\"683\" data-id=\"7395\" src=\"https:\/\/kunskapsforbundet.se\/app\/uploads\/sites\/3\/2026\/04\/DSC_3583-1024x683.jpg\" alt=\"\" class=\"wp-image-7395\" srcset=\"https:\/\/kunskapsforbundet.se\/app\/uploads\/sites\/3\/2026\/04\/DSC_3583-1024x683.jpg 1024w, https:\/\/kunskapsforbundet.se\/app\/uploads\/sites\/3\/2026\/04\/DSC_3583-300x200.jpg 300w, https:\/\/kunskapsforbundet.se\/app\/uploads\/sites\/3\/2026\/04\/DSC_3583-768x512.jpg 768w, https:\/\/kunskapsforbundet.se\/app\/uploads\/sites\/3\/2026\/04\/DSC_3583.jpg 1500w\" sizes=\"auto, (max-width: 1024px) 100vw, 1024px\" \/><\/figure>\n\n\n\n<figure class=\"wp-block-image size-large\"><img loading=\"lazy\" decoding=\"async\" width=\"1024\" height=\"683\" data-id=\"7396\" src=\"https:\/\/kunskapsforbundet.se\/app\/uploads\/sites\/3\/2026\/04\/DSC_3592-1024x683.jpg\" alt=\"\" class=\"wp-image-7396\" srcset=\"https:\/\/kunskapsforbundet.se\/app\/uploads\/sites\/3\/2026\/04\/DSC_3592-1024x683.jpg 1024w, https:\/\/kunskapsforbundet.se\/app\/uploads\/sites\/3\/2026\/04\/DSC_3592-300x200.jpg 300w, https:\/\/kunskapsforbundet.se\/app\/uploads\/sites\/3\/2026\/04\/DSC_3592-768x512.jpg 768w, https:\/\/kunskapsforbundet.se\/app\/uploads\/sites\/3\/2026\/04\/DSC_3592.jpg 1500w\" sizes=\"auto, (max-width: 1024px) 100vw, 1024px\" \/><\/figure>\n\n\n\n<figure class=\"wp-block-image size-large\"><img loading=\"lazy\" decoding=\"async\" width=\"1024\" height=\"683\" data-id=\"7397\" src=\"https:\/\/kunskapsforbundet.se\/app\/uploads\/sites\/3\/2026\/04\/DSC_3622-1024x683.jpg\" alt=\"\" class=\"wp-image-7397\" srcset=\"https:\/\/kunskapsforbundet.se\/app\/uploads\/sites\/3\/2026\/04\/DSC_3622-1024x683.jpg 1024w, https:\/\/kunskapsforbundet.se\/app\/uploads\/sites\/3\/2026\/04\/DSC_3622-300x200.jpg 300w, https:\/\/kunskapsforbundet.se\/app\/uploads\/sites\/3\/2026\/04\/DSC_3622-768x512.jpg 768w, https:\/\/kunskapsforbundet.se\/app\/uploads\/sites\/3\/2026\/04\/DSC_3622.jpg 1500w\" sizes=\"auto, (max-width: 1024px) 100vw, 1024px\" \/><\/figure>\n\n\n\n<figure class=\"wp-block-image size-large\"><img loading=\"lazy\" decoding=\"async\" width=\"1024\" height=\"683\" data-id=\"7398\" src=\"https:\/\/kunskapsforbundet.se\/app\/uploads\/sites\/3\/2026\/04\/DSC_3625-1024x683.jpg\" alt=\"\" class=\"wp-image-7398\" srcset=\"https:\/\/kunskapsforbundet.se\/app\/uploads\/sites\/3\/2026\/04\/DSC_3625-1024x683.jpg 1024w, https:\/\/kunskapsforbundet.se\/app\/uploads\/sites\/3\/2026\/04\/DSC_3625-300x200.jpg 300w, https:\/\/kunskapsforbundet.se\/app\/uploads\/sites\/3\/2026\/04\/DSC_3625-768x512.jpg 768w, https:\/\/kunskapsforbundet.se\/app\/uploads\/sites\/3\/2026\/04\/DSC_3625.jpg 1500w\" sizes=\"auto, (max-width: 1024px) 100vw, 1024px\" \/><\/figure>\n\n\n\n<figure class=\"wp-block-image size-large\"><img loading=\"lazy\" decoding=\"async\" width=\"1024\" height=\"683\" data-id=\"7399\" src=\"https:\/\/kunskapsforbundet.se\/app\/uploads\/sites\/3\/2026\/04\/DSC_3632-1024x683.jpg\" alt=\"\" class=\"wp-image-7399\" srcset=\"https:\/\/kunskapsforbundet.se\/app\/uploads\/sites\/3\/2026\/04\/DSC_3632-1024x683.jpg 1024w, https:\/\/kunskapsforbundet.se\/app\/uploads\/sites\/3\/2026\/04\/DSC_3632-300x200.jpg 300w, https:\/\/kunskapsforbundet.se\/app\/uploads\/sites\/3\/2026\/04\/DSC_3632-768x512.jpg 768w, https:\/\/kunskapsforbundet.se\/app\/uploads\/sites\/3\/2026\/04\/DSC_3632.jpg 1500w\" sizes=\"auto, (max-width: 1024px) 100vw, 1024px\" \/><\/figure>\n\n\n\n<figure class=\"wp-block-image size-large\"><img loading=\"lazy\" decoding=\"async\" width=\"1024\" height=\"683\" data-id=\"7400\" src=\"https:\/\/kunskapsforbundet.se\/app\/uploads\/sites\/3\/2026\/04\/DSC_3672-1024x683.jpg\" alt=\"\" class=\"wp-image-7400\" srcset=\"https:\/\/kunskapsforbundet.se\/app\/uploads\/sites\/3\/2026\/04\/DSC_3672-1024x683.jpg 1024w, https:\/\/kunskapsforbundet.se\/app\/uploads\/sites\/3\/2026\/04\/DSC_3672-300x200.jpg 300w, https:\/\/kunskapsforbundet.se\/app\/uploads\/sites\/3\/2026\/04\/DSC_3672-768x512.jpg 768w, https:\/\/kunskapsforbundet.se\/app\/uploads\/sites\/3\/2026\/04\/DSC_3672.jpg 1500w\" sizes=\"auto, (max-width: 1024px) 100vw, 1024px\" \/><\/figure>\n\n\n\n<figure class=\"wp-block-image size-large\"><img loading=\"lazy\" decoding=\"async\" width=\"1024\" height=\"683\" data-id=\"7401\" src=\"https:\/\/kunskapsforbundet.se\/app\/uploads\/sites\/3\/2026\/04\/DSC_3677-1024x683.jpg\" alt=\"\" class=\"wp-image-7401\" srcset=\"https:\/\/kunskapsforbundet.se\/app\/uploads\/sites\/3\/2026\/04\/DSC_3677-1024x683.jpg 1024w, https:\/\/kunskapsforbundet.se\/app\/uploads\/sites\/3\/2026\/04\/DSC_3677-300x200.jpg 300w, https:\/\/kunskapsforbundet.se\/app\/uploads\/sites\/3\/2026\/04\/DSC_3677-768x512.jpg 768w, https:\/\/kunskapsforbundet.se\/app\/uploads\/sites\/3\/2026\/04\/DSC_3677.jpg 1500w\" sizes=\"auto, (max-width: 1024px) 100vw, 1024px\" \/><\/figure>\n<\/figure>\n","protected":false},"excerpt":{"rendered":"<p>N\u00e4r?\u00a012 juni 2026Var? Birger Sj\u00f6berggymnasiet H\u00e5lltider 12 juni 08:30 Eleverna samlas f\u00f6r mentorstid och fotografering11:00 Studentlunch i skolans matsal11:40 Insl\u00e4pp f\u00f6r anh\u00f6riga till Studentshowen i Idrottshusets A-hall.Anh\u00f6riga anv\u00e4nder huvudentr\u00e9n och sitter p\u00e5 l\u00e4ktaren.12:00 Studentshow!Ca. 13:15 avg\u00e5r Sambaparaden fr\u00e5n IdrottshusetCa. 13:45 anl\u00e4nder studenterna till Plantaget. Eleverna st\u00e4ller sig klassvis enligt kartan nedan. Anh\u00f6riga m\u00f6ter upp d\u00e4r. [&hellip;]<\/p>\n","protected":false},"author":59,"featured_media":7392,"parent":0,"menu_order":0,"comment_status":"closed","ping_status":"closed","template":"","meta":{"_acf_changed":false,"footnotes":""},"class_list":["post-7375","page","type-page","status-publish","has-post-thumbnail","hentry"],"acf":[],"_links":{"self":[{"href":"https:\/\/kunskapsforbundet.se\/birger-sjoberggymnasiet\/wp-json\/wp\/v2\/pages\/7375","targetHints":{"allow":["GET"]}}],"collection":[{"href":"https:\/\/kunskapsforbundet.se\/birger-sjoberggymnasiet\/wp-json\/wp\/v2\/pages"}],"about":[{"href":"https:\/\/kunskapsforbundet.se\/birger-sjoberggymnasiet\/wp-json\/wp\/v2\/types\/page"}],"author":[{"embeddable":true,"href":"https:\/\/kunskapsforbundet.se\/birger-sjoberggymnasiet\/wp-json\/wp\/v2\/users\/59"}],"replies":[{"embeddable":true,"href":"https:\/\/kunskapsforbundet.se\/birger-sjoberggymnasiet\/wp-json\/wp\/v2\/comments?post=7375"}],"version-history":[{"count":3,"href":"https:\/\/kunskapsforbundet.se\/birger-sjoberggymnasiet\/wp-json\/wp\/v2\/pages\/7375\/revisions"}],"predecessor-version":[{"id":7404,"href":"https:\/\/kunskapsforbundet.se\/birger-sjoberggymnasiet\/wp-json\/wp\/v2\/pages\/7375\/revisions\/7404"}],"wp:featuredmedia":[{"embeddable":true,"href":"https:\/\/kunskapsforbundet.se\/birger-sjoberggymnasiet\/wp-json\/wp\/v2\/media\/7392"}],"wp:attachment":[{"href":"https:\/\/kunskapsforbundet.se\/birger-sjoberggymnasiet\/wp-json\/wp\/v2\/media?parent=7375"}],"curies":[{"name":"wp","href":"https:\/\/api.w.org\/{rel}","templated":true}]}}