{"id":733,"date":"2014-09-24T15:57:48","date_gmt":"2014-09-24T13:57:48","guid":{"rendered":"https:\/\/www.kunskapsforbundet.se\/birger-sjoberggymnasiet\/?page_id=733"},"modified":"2025-11-03T16:17:11","modified_gmt":"2025-11-03T15:17:11","slug":"sjukanmalan","status":"publish","type":"page","link":"https:\/\/kunskapsforbundet.se\/birger-sjoberggymnasiet\/sjukanmalan\/","title":{"rendered":"Fr\u00e5nvaro- och sjukanm\u00e4lan"},"content":{"rendered":"\n<div class=\"pages__ingress pb-4 mb-0\"><p class=\"wp-block-ggb-block-feature__ingress\">Vid fr\u00e5nvaro beh\u00f6ver v\u00e5rdnadshavare kontakta skolan och anm\u00e4la senast kl 12:00 samma dag som fr\u00e5nvaro sker.<\/p><\/div>\n\n\n\n<h4 class=\"wp-block-heading\">I f\u00f6rsta hand via appen<\/h4>\n\n\n\n<p>I f\u00f6rsta hand g\u00f6rs sjukanm\u00e4lan via&nbsp;<em>Skola24<\/em>&nbsp;(app eller webbsida).<\/p>\n\n\n\n<h4 class=\"wp-block-heading\">Sjukanm\u00e4l genom att ringa<\/h4>\n\n\n\n<p>F\u00f6r att sjukanm\u00e4la elev, ring:&nbsp;<strong>0515-869 39<\/strong><\/p>\n","protected":false},"excerpt":{"rendered":"<p>I f\u00f6rsta hand via appen I f\u00f6rsta hand g\u00f6rs sjukanm\u00e4lan via&nbsp;Skola24&nbsp;(app eller webbsida). Sjukanm\u00e4l genom att ringa F\u00f6r att sjukanm\u00e4la elev, ring:&nbsp;0515-869 39<\/p>\n","protected":false},"author":34,"featured_media":7086,"parent":0,"menu_order":0,"comment_status":"closed","ping_status":"closed","template":"","meta":{"_acf_changed":false,"footnotes":""},"class_list":["post-733","page","type-page","status-publish","has-post-thumbnail","hentry"],"acf":[],"_links":{"self":[{"href":"https:\/\/kunskapsforbundet.se\/birger-sjoberggymnasiet\/wp-json\/wp\/v2\/pages\/733","targetHints":{"allow":["GET"]}}],"collection":[{"href":"https:\/\/kunskapsforbundet.se\/birger-sjoberggymnasiet\/wp-json\/wp\/v2\/pages"}],"about":[{"href":"https:\/\/kunskapsforbundet.se\/birger-sjoberggymnasiet\/wp-json\/wp\/v2\/types\/page"}],"author":[{"embeddable":true,"href":"https:\/\/kunskapsforbundet.se\/birger-sjoberggymnasiet\/wp-json\/wp\/v2\/users\/34"}],"replies":[{"embeddable":true,"href":"https:\/\/kunskapsforbundet.se\/birger-sjoberggymnasiet\/wp-json\/wp\/v2\/comments?post=733"}],"version-history":[{"count":11,"href":"https:\/\/kunskapsforbundet.se\/birger-sjoberggymnasiet\/wp-json\/wp\/v2\/pages\/733\/revisions"}],"predecessor-version":[{"id":6234,"href":"https:\/\/kunskapsforbundet.se\/birger-sjoberggymnasiet\/wp-json\/wp\/v2\/pages\/733\/revisions\/6234"}],"wp:featuredmedia":[{"embeddable":true,"href":"https:\/\/kunskapsforbundet.se\/birger-sjoberggymnasiet\/wp-json\/wp\/v2\/media\/7086"}],"wp:attachment":[{"href":"https:\/\/kunskapsforbundet.se\/birger-sjoberggymnasiet\/wp-json\/wp\/v2\/media?parent=733"}],"curies":[{"name":"wp","href":"https:\/\/api.w.org\/{rel}","templated":true}]}}