{"id":6780,"date":"2025-01-28T18:26:18","date_gmt":"2025-01-28T17:26:18","guid":{"rendered":"https:\/\/kunskapsforbundet.se\/birger-sjoberggymnasiet\/?page_id=6780"},"modified":"2025-12-09T15:29:04","modified_gmt":"2025-12-09T14:29:04","slug":"golf-liu","status":"publish","type":"page","link":"https:\/\/kunskapsforbundet.se\/birger-sjoberggymnasiet\/golf-liu\/","title":{"rendered":"Golf (LIU)"},"content":{"rendered":"\n<div class=\"pages__ingress pb-4 mb-0\"><p class=\"wp-block-ggb-block-feature__ingress\">Birger Sj\u00f6berggymnasiet erbjuder i samarbete med Onsj\u00f6 GK, en lokal idrottsutbildning (LIU) i golf. Oavsett vilket gymnasieprogram du v\u00e4ljer kan du inom individuellt val, redan fr\u00e5n \u00e5rskurs 1, l\u00e4sa \u00e4mnet T\u00e4vlingsidrott niv\u00e5 1 och 2.<\/p><\/div>\n\n\n\n<h2 class=\"wp-block-heading\">Utbildningen innefattar:<\/h2>\n\n\n\n<ul class=\"wp-block-list\">\n<li>Tv\u00e5 tr\u00e4ningspass i veckan under schematiden f\u00f6r individuellt val<\/li>\n\n\n\n<li>Fokus p\u00e5 individuell spelarutveckling<\/li>\n\n\n\n<li>Inneh\u00e5llet baseras fr\u00e4mst p\u00e5 Svenska Golff\u00f6rbundets utvecklingsmodell<\/li>\n\n\n\n<li>Oscar Lengd\u00e9n fd Europatourspelare \u00e4ven utbildad tr\u00e4nare kommer leda alla tr\u00e4ningspass<\/li>\n\n\n\n<li>Individuell utvecklingsplan<\/li>\n\n\n\n<li>Teoretiska tillf\u00e4llen med inneh\u00e5ll s\u00e5som tr\u00e4ningsl\u00e4ra, kost och idrottsskador<\/li>\n<\/ul>\n\n\n\n<h2 class=\"wp-block-heading\">Hur ans\u00f6ker jag?<\/h2>\n\n\n\n<p>Intresseanm\u00e4lan sker senast den 2 februari genom att maila Oscar Lengd\u00e9n. Se kontaktuppgifter nedan.<br>Enda krav f\u00f6r anm\u00e4lan \u00e4r att du \u00e4r aktiv golfspelare i en f\u00f6rening.<\/p>\n\n\n\n<div style=\"height:13px\" aria-hidden=\"true\" class=\"wp-block-spacer\"><\/div>\n\n\n\n<h3 class=\"wp-block-heading\">Har du n\u00e5gra fr\u00e5gor? Kontakta oss g\u00e4rna!<\/h3>\n\n\n\n<p><strong>Ted Siesing, Klubbchef Onsj\u00f6 GK<\/strong><br>Tel: 0708382495<br>Mail: ted@onsjogk.com<\/p>\n\n\n\n<p><strong>Oscar Lengd\u00e9n, Golftr\u00e4nare Onsj\u00f6 GK<\/strong><br>Tel: 0763615632<br>Mail: olengden@gmail.com<\/p>\n\n\n<div class=\"wp-block-image\">\n<figure class=\"alignleft size-full is-resized\"><img loading=\"lazy\" decoding=\"async\" width=\"568\" height=\"568\" src=\"https:\/\/kunskapsforbundet.se\/app\/uploads\/sites\/3\/2025\/01\/Onsjo-Logo-PNG_guld_ny.png\" alt=\"\" class=\"wp-image-6783\" style=\"width:196px;height:auto\" srcset=\"https:\/\/kunskapsforbundet.se\/app\/uploads\/sites\/3\/2025\/01\/Onsjo-Logo-PNG_guld_ny.png 568w, https:\/\/kunskapsforbundet.se\/app\/uploads\/sites\/3\/2025\/01\/Onsjo-Logo-PNG_guld_ny-300x300.png 300w, https:\/\/kunskapsforbundet.se\/app\/uploads\/sites\/3\/2025\/01\/Onsjo-Logo-PNG_guld_ny-150x150.png 150w\" sizes=\"auto, (max-width: 568px) 100vw, 568px\" \/><\/figure>\n<\/div>\n\n\n<p>L\u00e4s mer om f\u00f6reningen vi samverkar med:<br><a href=\"https:\/\/www.onsjogk.com\/\">https:\/\/www.onsjogk.com\/<\/a><\/p>\n","protected":false},"excerpt":{"rendered":"<p>Utbildningen innefattar: Hur ans\u00f6ker jag? Intresseanm\u00e4lan sker senast den 2 februari genom att maila Oscar Lengd\u00e9n. Se kontaktuppgifter nedan.Enda krav f\u00f6r anm\u00e4lan \u00e4r att du \u00e4r aktiv golfspelare i en f\u00f6rening. Har du n\u00e5gra fr\u00e5gor? Kontakta oss g\u00e4rna! Ted Siesing, Klubbchef Onsj\u00f6 GKTel: 0708382495Mail: ted@onsjogk.com Oscar Lengd\u00e9n, Golftr\u00e4nare Onsj\u00f6 GKTel: 0763615632Mail: olengden@gmail.com L\u00e4s mer om [&hellip;]<\/p>\n","protected":false},"author":59,"featured_media":6784,"parent":0,"menu_order":0,"comment_status":"closed","ping_status":"closed","template":"","meta":{"_acf_changed":false,"footnotes":""},"class_list":["post-6780","page","type-page","status-publish","has-post-thumbnail","hentry"],"acf":[],"_links":{"self":[{"href":"https:\/\/kunskapsforbundet.se\/birger-sjoberggymnasiet\/wp-json\/wp\/v2\/pages\/6780","targetHints":{"allow":["GET"]}}],"collection":[{"href":"https:\/\/kunskapsforbundet.se\/birger-sjoberggymnasiet\/wp-json\/wp\/v2\/pages"}],"about":[{"href":"https:\/\/kunskapsforbundet.se\/birger-sjoberggymnasiet\/wp-json\/wp\/v2\/types\/page"}],"author":[{"embeddable":true,"href":"https:\/\/kunskapsforbundet.se\/birger-sjoberggymnasiet\/wp-json\/wp\/v2\/users\/59"}],"replies":[{"embeddable":true,"href":"https:\/\/kunskapsforbundet.se\/birger-sjoberggymnasiet\/wp-json\/wp\/v2\/comments?post=6780"}],"version-history":[{"count":5,"href":"https:\/\/kunskapsforbundet.se\/birger-sjoberggymnasiet\/wp-json\/wp\/v2\/pages\/6780\/revisions"}],"predecessor-version":[{"id":7188,"href":"https:\/\/kunskapsforbundet.se\/birger-sjoberggymnasiet\/wp-json\/wp\/v2\/pages\/6780\/revisions\/7188"}],"wp:featuredmedia":[{"embeddable":true,"href":"https:\/\/kunskapsforbundet.se\/birger-sjoberggymnasiet\/wp-json\/wp\/v2\/media\/6784"}],"wp:attachment":[{"href":"https:\/\/kunskapsforbundet.se\/birger-sjoberggymnasiet\/wp-json\/wp\/v2\/media?parent=6780"}],"curies":[{"name":"wp","href":"https:\/\/api.w.org\/{rel}","templated":true}]}}